{"id":46679,"date":"2018-11-30T02:00:00","date_gmt":"2018-11-30T02:00:00","guid":{"rendered":"https:\/\/wydawnictwo.ug.edu.pl\/ksiegarnia-online\/uncategorized\/doreczenia-w-polskim-prawie-karnym-procesowym\/"},"modified":"2026-02-11T15:39:12","modified_gmt":"2026-02-11T15:39:12","slug":"doreczenia-w-polskim-prawie-karnym-procesowym","status":"publish","type":"product","link":"https:\/\/wydawnictwo.ug.edu.pl\/en\/ksiegarnia-online\/prawo-i-administracja\/doreczenia-w-polskim-prawie-karnym-procesowym\/","title":{"rendered":"Dor\u0119czenia w polskim prawie karnym procesowym"},"content":{"rendered":"","protected":false},"excerpt":{"rendered":"<p>Publikacja stanowi pierwsze opracowanie monograficzne po\u015bwi\u0119cone czynno\u015bci dor\u0119czenia w procesie karnym, w kt\u00f3rym Autorka podda\u0142a procesow\u0105 instytucj\u0119 dor\u0119czenia analizie jako czynno\u015bci procesowej zar\u00f3wno od strony podmiotowej, jak i przedmiotowej wraz z ich klasyfikacj\u0105. Ponadto w opracowaniu zosta\u0142y zbadane warunki modalne prawid\u0142owego dokonania tej czynno\u015bci wraz z procesowymi skutkami ich naruszenia. W pracy zawarto tak\u017ce uwagi z historii tej instytucji i zaprezentowano rozwi\u0105zania obowi\u0105zuj\u0105ce w kilku innych krajach.<\/p>\n","protected":false},"featured_media":17191,"template":"","meta":{"_acf_changed":false},"journal":[],"rodzaj":[],"seria":[],"product_brand":[],"product_cat":[6932],"product_tag":[8075],"class_list":{"0":"post-46679","1":"product","2":"type-product","3":"status-publish","4":"has-post-thumbnail","6":"product_cat-prawo-i-administracja","7":"product_tag-wioletta-niemiec","8":"pa_rok-wydania-2019-en","10":"first","11":"outofstock","12":"taxable","13":"shipping-taxable","14":"purchasable","15":"product-type-simple"},"acf":[],"_links":{"self":[{"href":"https:\/\/wydawnictwo.ug.edu.pl\/en\/wp-json\/wp\/v2\/product\/46679","targetHints":{"allow":["GET"]}}],"collection":[{"href":"https:\/\/wydawnictwo.ug.edu.pl\/en\/wp-json\/wp\/v2\/product"}],"about":[{"href":"https:\/\/wydawnictwo.ug.edu.pl\/en\/wp-json\/wp\/v2\/types\/product"}],"wp:featuredmedia":[{"embeddable":true,"href":"https:\/\/wydawnictwo.ug.edu.pl\/en\/wp-json\/wp\/v2\/media\/17191"}],"wp:attachment":[{"href":"https:\/\/wydawnictwo.ug.edu.pl\/en\/wp-json\/wp\/v2\/media?parent=46679"}],"wp:term":[{"taxonomy":"journal","embeddable":true,"href":"https:\/\/wydawnictwo.ug.edu.pl\/en\/wp-json\/wp\/v2\/journal?post=46679"},{"taxonomy":"rodzaj","embeddable":true,"href":"https:\/\/wydawnictwo.ug.edu.pl\/en\/wp-json\/wp\/v2\/rodzaj?post=46679"},{"taxonomy":"seria","embeddable":true,"href":"https:\/\/wydawnictwo.ug.edu.pl\/en\/wp-json\/wp\/v2\/seria?post=46679"},{"taxonomy":"product_brand","embeddable":true,"href":"https:\/\/wydawnictwo.ug.edu.pl\/en\/wp-json\/wp\/v2\/product_brand?post=46679"},{"taxonomy":"product_cat","embeddable":true,"href":"https:\/\/wydawnictwo.ug.edu.pl\/en\/wp-json\/wp\/v2\/product_cat?post=46679"},{"taxonomy":"product_tag","embeddable":true,"href":"https:\/\/wydawnictwo.ug.edu.pl\/en\/wp-json\/wp\/v2\/product_tag?post=46679"}],"curies":[{"name":"wp","href":"https:\/\/api.w.org\/{rel}","templated":true}]}}