{"id":46678,"date":"2018-11-30T10:00:00","date_gmt":"2018-11-30T10:00:00","guid":{"rendered":"https:\/\/wydawnictwo.ug.edu.pl\/ksiegarnia-online\/uncategorized\/ziemia-nieznana-o-wspolczesnym-odkrywaniu-kultury-japonskiej\/"},"modified":"2026-02-11T15:39:17","modified_gmt":"2026-02-11T15:39:17","slug":"ziemia-nieznana-o-wspolczesnym-odkrywaniu-kultury-japonskiej","status":"publish","type":"product","link":"https:\/\/wydawnictwo.ug.edu.pl\/en\/ksiegarnia-online\/historia\/ziemia-nieznana-o-wspolczesnym-odkrywaniu-kultury-japonskiej\/","title":{"rendered":"Ziemia (nie)znana. O wsp\u00f3\u0142czesnym odkrywaniu kultury japo\u0144skiej"},"content":{"rendered":"","protected":false},"excerpt":{"rendered":"<p>O odkrywaniu Japonii mo\u017cna by napisa\u0107 wiele. Kraj ten, po\u0142o\u017cony na\u00a0wyspach na wschodnim kra\u0144cu Azji, z zachodu oddzielony od kontynentu\u00a0morzem, a ze wschodu oceanem, od zarania dziej\u00f3w pozostawa\u0142\u00a0\u201etajemniczy&#8221; i \u201eniezbadany&#8221;. Podobnie jak sami Japo\u0144czycy, kt\u00f3rzy pomimo\u00a0up\u0142ywu stuleci i rozwoju komunikacji globalnej stanowi\u0105 chyba jedyny\u00a0nar\u00f3d, wok\u00f3\u0142 kt\u00f3rego stale narastaj\u0105 mity i opowie\u015bci. Ale jak mog\u0142oby by\u0107\u00a0inaczej, skoro wielu ludzi traktuje Japoni\u0119 jako \u201estan umys\u0142u&#8221; ca\u0142kowicie\u00a0nieosi\u0105galny dla cz\u0142owieka Zachodu? Sk\u0105d bierze si\u0119 taka interpretacja\u00a0tego wspania\u0142ego, nieco tajemniczego kraju, jego mieszka\u0144c\u00f3w i ich kultury?\u00a0Co stanowi o tym, \u017ce pisz\u0105 o Japonii zar\u00f3wno staro\u017cytni Chi\u0144czycy, Marco\u00a0Polo, odrodzeniowi misjonarze, jak i Claude Levi-Strauss? Dlaczego Japonia,\u00a0pomimo i\u017c wiele o niej napisano, ci\u0105gle pozostaje nieodkryta i tajemnicza?\u00a0Niniejszy tom stanowi wyj\u0105tkowy zbi\u00f3r trzynastu tekst\u00f3w, w kt\u00f3rych\u00a0autorzy ukazuj\u0105 r\u00f3\u017cne aspekty kultury japo\u0144skiej z punktu widzenia: antropologii kulturowej, japonistyki, teatrologii, psychologii mi\u0119dzykulturowej,\u00a0folklorystyki, archeologii i religioznawstwa.<\/p>\n","protected":false},"featured_media":15849,"template":"","meta":{"_acf_changed":false},"journal":[],"rodzaj":[7077,7076],"seria":[7079],"product_brand":[],"product_cat":[6970,6958],"product_tag":[8073,8074],"class_list":{"0":"post-46678","1":"product","2":"type-product","3":"status-publish","4":"has-post-thumbnail","6":"rodzaj-czasopismo","7":"rodzaj-serie-wydawnicze","8":"seria-biblioteka-studiow-azji-wschodniej","9":"product_cat-etnologia-i-antropologia-kulturowa","10":"product_cat-historia","11":"product_tag-alicja-ozga","12":"product_tag-jacek-splisgart","13":"pa_rok-wydania-2019-en","15":"first","16":"instock","17":"taxable","18":"shipping-taxable","19":"purchasable","20":"product-type-simple"},"acf":[],"_links":{"self":[{"href":"https:\/\/wydawnictwo.ug.edu.pl\/en\/wp-json\/wp\/v2\/product\/46678","targetHints":{"allow":["GET"]}}],"collection":[{"href":"https:\/\/wydawnictwo.ug.edu.pl\/en\/wp-json\/wp\/v2\/product"}],"about":[{"href":"https:\/\/wydawnictwo.ug.edu.pl\/en\/wp-json\/wp\/v2\/types\/product"}],"wp:featuredmedia":[{"embeddable":true,"href":"https:\/\/wydawnictwo.ug.edu.pl\/en\/wp-json\/wp\/v2\/media\/15849"}],"wp:attachment":[{"href":"https:\/\/wydawnictwo.ug.edu.pl\/en\/wp-json\/wp\/v2\/media?parent=46678"}],"wp:term":[{"taxonomy":"journal","embeddable":true,"href":"https:\/\/wydawnictwo.ug.edu.pl\/en\/wp-json\/wp\/v2\/journal?post=46678"},{"taxonomy":"rodzaj","embeddable":true,"href":"https:\/\/wydawnictwo.ug.edu.pl\/en\/wp-json\/wp\/v2\/rodzaj?post=46678"},{"taxonomy":"seria","embeddable":true,"href":"https:\/\/wydawnictwo.ug.edu.pl\/en\/wp-json\/wp\/v2\/seria?post=46678"},{"taxonomy":"product_brand","embeddable":true,"href":"https:\/\/wydawnictwo.ug.edu.pl\/en\/wp-json\/wp\/v2\/product_brand?post=46678"},{"taxonomy":"product_cat","embeddable":true,"href":"https:\/\/wydawnictwo.ug.edu.pl\/en\/wp-json\/wp\/v2\/product_cat?post=46678"},{"taxonomy":"product_tag","embeddable":true,"href":"https:\/\/wydawnictwo.ug.edu.pl\/en\/wp-json\/wp\/v2\/product_tag?post=46678"}],"curies":[{"name":"wp","href":"https:\/\/api.w.org\/{rel}","templated":true}]}}