{"id":46677,"date":"2018-11-30T10:00:00","date_gmt":"2018-11-30T10:00:00","guid":{"rendered":"https:\/\/wydawnictwo.ug.edu.pl\/ksiegarnia-online\/uncategorized\/praktykowanie-lektury\/"},"modified":"2026-02-11T15:39:15","modified_gmt":"2026-02-11T15:39:15","slug":"praktykowanie-lektury","status":"publish","type":"product","link":"https:\/\/wydawnictwo.ug.edu.pl\/en\/ksiegarnia-online\/pedagogika-i-psychologia\/praktykowanie-lektury\/","title":{"rendered":"Praktykowanie lektury"},"content":{"rendered":"","protected":false},"excerpt":{"rendered":"<p><strong><a href=\"https:\/\/wydawnictwo.ug.edu.pl\/wp-content\/uploads\/2021\/11\/szczukowski-praktyk_lektury_8_11.pdf\">Dost\u0119p do ksi\u0105\u017cki w wersji elektronicznej.<\/a><\/strong><\/p>\n<p>Jakie jest miejsce humanistyki w dzisiejszym \u015bwiecie? Po co i jak czyta\u0107? W ko\u0144cu, jak uczy\u0107 literatury i lektury? Tematem tej ksi\u0105\u017cki jest pr\u00f3ba refleksji nad mo\u017cliwo\u015bci\u0105 bezwarunkowej, a jednak zawsze uwarunkowanej lektury.<\/p>\n","protected":false},"featured_media":16614,"template":"","meta":{"_acf_changed":false},"journal":[],"rodzaj":[7076],"seria":[8072],"product_brand":[],"product_cat":[7007],"product_tag":[7552],"class_list":{"0":"post-46677","1":"product","2":"type-product","3":"status-publish","4":"has-post-thumbnail","6":"rodzaj-serie-wydawnicze","7":"seria-ponowoczesna-dydaktyka-polonistyczna-teoria-i-praktyka","8":"product_cat-pedagogika-i-psychologia","9":"product_tag-dariusz-szczukowski","11":"first","12":"outofstock","13":"taxable","14":"shipping-taxable","15":"purchasable","16":"product-type-simple"},"acf":[],"_links":{"self":[{"href":"https:\/\/wydawnictwo.ug.edu.pl\/en\/wp-json\/wp\/v2\/product\/46677","targetHints":{"allow":["GET"]}}],"collection":[{"href":"https:\/\/wydawnictwo.ug.edu.pl\/en\/wp-json\/wp\/v2\/product"}],"about":[{"href":"https:\/\/wydawnictwo.ug.edu.pl\/en\/wp-json\/wp\/v2\/types\/product"}],"wp:featuredmedia":[{"embeddable":true,"href":"https:\/\/wydawnictwo.ug.edu.pl\/en\/wp-json\/wp\/v2\/media\/16614"}],"wp:attachment":[{"href":"https:\/\/wydawnictwo.ug.edu.pl\/en\/wp-json\/wp\/v2\/media?parent=46677"}],"wp:term":[{"taxonomy":"journal","embeddable":true,"href":"https:\/\/wydawnictwo.ug.edu.pl\/en\/wp-json\/wp\/v2\/journal?post=46677"},{"taxonomy":"rodzaj","embeddable":true,"href":"https:\/\/wydawnictwo.ug.edu.pl\/en\/wp-json\/wp\/v2\/rodzaj?post=46677"},{"taxonomy":"seria","embeddable":true,"href":"https:\/\/wydawnictwo.ug.edu.pl\/en\/wp-json\/wp\/v2\/seria?post=46677"},{"taxonomy":"product_brand","embeddable":true,"href":"https:\/\/wydawnictwo.ug.edu.pl\/en\/wp-json\/wp\/v2\/product_brand?post=46677"},{"taxonomy":"product_cat","embeddable":true,"href":"https:\/\/wydawnictwo.ug.edu.pl\/en\/wp-json\/wp\/v2\/product_cat?post=46677"},{"taxonomy":"product_tag","embeddable":true,"href":"https:\/\/wydawnictwo.ug.edu.pl\/en\/wp-json\/wp\/v2\/product_tag?post=46677"}],"curies":[{"name":"wp","href":"https:\/\/api.w.org\/{rel}","templated":true}]}}