{"id":46675,"date":"2018-11-30T10:00:00","date_gmt":"2018-11-30T10:00:00","guid":{"rendered":"https:\/\/wydawnictwo.ug.edu.pl\/ksiegarnia-online\/uncategorized\/praktyczne-aspekty-zwalczania-przestepczosci-przeciwko-dziedzictwu-kulturowemu\/"},"modified":"2026-02-11T15:39:18","modified_gmt":"2026-02-11T15:39:18","slug":"praktyczne-aspekty-zwalczania-przestepczosci-przeciwko-dziedzictwu-kulturowemu","status":"publish","type":"product","link":"https:\/\/wydawnictwo.ug.edu.pl\/en\/ksiegarnia-online\/prawo-i-administracja\/praktyczne-aspekty-zwalczania-przestepczosci-przeciwko-dziedzictwu-kulturowemu\/","title":{"rendered":"Praktyczne aspekty zwalczania przest\u0119pczo\u015bci przeciwko dziedzictwu kulturowemu"},"content":{"rendered":"","protected":false},"excerpt":{"rendered":"<p>Monografia dotyczy szeroko rozumianej problematyki przest\u0119pczo\u015bci skierowanej przeciwko dziedzictwu kulturowemu. Bardzo zr\u00f3\u017cnicowany charakter\u00a0dzia\u0142a\u0144 przest\u0119pc\u00f3w oraz specyfika obiekt\u00f3w, przeciwko kt\u00f3rym wymierzone s\u0105\u00a0ich dzia\u0142ania, powoduje, \u017ce zwalczanie tego typu przest\u0119pstw napotyka wiele\u00a0trudno\u015bci zar\u00f3wno w zwi\u0105zku z wykryciem sprawcy przest\u0119pstwa, jak\u00a0i udowodnieniem jego winy. Charakter niniejszego opracowania jest przede\u00a0wszystkim podr\u0119cznikowy, co by\u0142o intencj\u0105 autor\u00f3w, kt\u00f3rzy starali si\u0119 nie tylko\u00a0wskaza\u0107 odpowiednie regulacje prawne wraz z\u00a0ich komentarzem, lecz tak\u017ce\u00a0dokona\u0107 syntetycznej charakterystyki uwarunkowa\u0144 etiologicznych i fenomenologicznych opisywanych form przest\u0119pstw. Dlatego obok aktualnych przepis\u00f3w\u00a0karnoprawnych opatrzonych praktycznym komentarzem najwi\u0119cej w pracy\u00a0mo\u017cna znale\u017a\u0107 odniesie\u0144 do problematyki kryminologiczno-kryminalistycznej.\u00a0Przywo\u0142anie konkretnej kazuistyki wraz ze wskazaniem reprezentatywnego\u00a0orzecznictwa powinno pozwoli\u0107 na precyzyjniejsze rozpoznanie komentowanych przest\u0119pstw oraz wzmocni\u0107 efektywno\u015b\u0107 dzia\u0142a\u0144 organ\u00f3w procesowych na\u00a0gruncie post\u0119powania dowodowego. Zasadniczym celem niniejszej publikacji\u00a0jest wskazanie na praktyczne aspekty pozwalaj\u0105ce podnie\u015b\u0107 skuteczno\u015b\u0107\u00a0dzia\u0142a\u0144 w zakresie zwalczania przest\u0119pczo\u015bci przeciwko dziedzictwu\u00a0kulturowemu.<\/p>\n","protected":false},"featured_media":15758,"template":"","meta":{"_acf_changed":false},"journal":[],"rodzaj":[7077,7076],"seria":[7078],"product_brand":[],"product_cat":[6932],"product_tag":[8069,7413,8070,8071],"class_list":{"0":"post-46675","1":"product","2":"type-product","3":"status-publish","4":"has-post-thumbnail","6":"rodzaj-czasopismo","7":"rodzaj-serie-wydawnicze","8":"seria-biblioteka-prawa-ochrony-zabytkow","9":"product_cat-prawo-i-administracja","10":"product_tag-bartlomiej-gadeckibartlomiej-gadecki","11":"product_tag-kamil-zeidlerkamil-zeidler","12":"product_tag-maciej-trzcinski","13":"product_tag-olgierd-jakubowski","14":"pa_rok-wydania-2019-en","16":"first","17":"outofstock","18":"taxable","19":"shipping-taxable","20":"purchasable","21":"product-type-simple"},"acf":[],"_links":{"self":[{"href":"https:\/\/wydawnictwo.ug.edu.pl\/en\/wp-json\/wp\/v2\/product\/46675","targetHints":{"allow":["GET"]}}],"collection":[{"href":"https:\/\/wydawnictwo.ug.edu.pl\/en\/wp-json\/wp\/v2\/product"}],"about":[{"href":"https:\/\/wydawnictwo.ug.edu.pl\/en\/wp-json\/wp\/v2\/types\/product"}],"wp:featuredmedia":[{"embeddable":true,"href":"https:\/\/wydawnictwo.ug.edu.pl\/en\/wp-json\/wp\/v2\/media\/15758"}],"wp:attachment":[{"href":"https:\/\/wydawnictwo.ug.edu.pl\/en\/wp-json\/wp\/v2\/media?parent=46675"}],"wp:term":[{"taxonomy":"journal","embeddable":true,"href":"https:\/\/wydawnictwo.ug.edu.pl\/en\/wp-json\/wp\/v2\/journal?post=46675"},{"taxonomy":"rodzaj","embeddable":true,"href":"https:\/\/wydawnictwo.ug.edu.pl\/en\/wp-json\/wp\/v2\/rodzaj?post=46675"},{"taxonomy":"seria","embeddable":true,"href":"https:\/\/wydawnictwo.ug.edu.pl\/en\/wp-json\/wp\/v2\/seria?post=46675"},{"taxonomy":"product_brand","embeddable":true,"href":"https:\/\/wydawnictwo.ug.edu.pl\/en\/wp-json\/wp\/v2\/product_brand?post=46675"},{"taxonomy":"product_cat","embeddable":true,"href":"https:\/\/wydawnictwo.ug.edu.pl\/en\/wp-json\/wp\/v2\/product_cat?post=46675"},{"taxonomy":"product_tag","embeddable":true,"href":"https:\/\/wydawnictwo.ug.edu.pl\/en\/wp-json\/wp\/v2\/product_tag?post=46675"}],"curies":[{"name":"wp","href":"https:\/\/api.w.org\/{rel}","templated":true}]}}