{"id":46671,"date":"2018-12-01T00:00:00","date_gmt":"2018-12-01T00:00:00","guid":{"rendered":"https:\/\/wydawnictwo.ug.edu.pl\/ksiegarnia-online\/uncategorized\/czlowieczenstwo-istota-rozwoj-i-zagrozenia\/"},"modified":"2026-02-11T15:34:51","modified_gmt":"2026-02-11T15:34:51","slug":"czlowieczenstwo-istota-rozwoj-i-zagrozenia","status":"publish","type":"product","link":"https:\/\/wydawnictwo.ug.edu.pl\/en\/ksiegarnia-online\/biologia\/czlowieczenstwo-istota-rozwoj-i-zagrozenia\/","title":{"rendered":"Cz\u0142owiecze\u0144stwo. Istota, rozw\u00f3j i zagro\u017cenia"},"content":{"rendered":"","protected":false},"excerpt":{"rendered":"<p>Cz\u0142owiek samoistnie wykszta\u0142ci\u0142 i w dalszym ci\u0105gu\u00a0tworzy r\u00f3\u017cne udoskonalenia, tak aby \u017cy\u0142o mu si\u0119\u00a0wygodnie. Cz\u0142owiek od zarania dziej\u00f3w zmienia swoje\u00a0otoczenie. Sta\u0142 si\u0119 wi\u0119c w pewnym sensie tw\u00f3rc\u0105\u00a0nowego \u015bwiata. Efektem tego jest fakt, \u017ce rozr\u00f3\u017cniamy \u015brodowisko naturalne i \u015brodowisko antropogenicznie zmienione.\u00a0\u017baden z gatunk\u00f3w \u017cyj\u0105cych na Ziemi\u00a0nie ma takiej zdolno\u015bci.<\/p>\n<p><em>Fragment ksi\u0105\u017cki<\/em><\/p>\n","protected":false},"featured_media":15030,"template":"","meta":{"_acf_changed":false},"journal":[],"rodzaj":[2602],"seria":[],"product_brand":[],"product_cat":[402],"product_tag":[242],"class_list":{"0":"post-46671","1":"product","2":"type-product","3":"status-publish","4":"has-post-thumbnail","6":"rodzaj-ksiazki","7":"product_cat-biologia","8":"product_tag-marcin-plinski","10":"first","11":"outofstock","12":"taxable","13":"shipping-taxable","14":"purchasable","15":"product-type-simple"},"acf":[],"_links":{"self":[{"href":"https:\/\/wydawnictwo.ug.edu.pl\/en\/wp-json\/wp\/v2\/product\/46671","targetHints":{"allow":["GET"]}}],"collection":[{"href":"https:\/\/wydawnictwo.ug.edu.pl\/en\/wp-json\/wp\/v2\/product"}],"about":[{"href":"https:\/\/wydawnictwo.ug.edu.pl\/en\/wp-json\/wp\/v2\/types\/product"}],"wp:featuredmedia":[{"embeddable":true,"href":"https:\/\/wydawnictwo.ug.edu.pl\/en\/wp-json\/wp\/v2\/media\/15030"}],"wp:attachment":[{"href":"https:\/\/wydawnictwo.ug.edu.pl\/en\/wp-json\/wp\/v2\/media?parent=46671"}],"wp:term":[{"taxonomy":"journal","embeddable":true,"href":"https:\/\/wydawnictwo.ug.edu.pl\/en\/wp-json\/wp\/v2\/journal?post=46671"},{"taxonomy":"rodzaj","embeddable":true,"href":"https:\/\/wydawnictwo.ug.edu.pl\/en\/wp-json\/wp\/v2\/rodzaj?post=46671"},{"taxonomy":"seria","embeddable":true,"href":"https:\/\/wydawnictwo.ug.edu.pl\/en\/wp-json\/wp\/v2\/seria?post=46671"},{"taxonomy":"product_brand","embeddable":true,"href":"https:\/\/wydawnictwo.ug.edu.pl\/en\/wp-json\/wp\/v2\/product_brand?post=46671"},{"taxonomy":"product_cat","embeddable":true,"href":"https:\/\/wydawnictwo.ug.edu.pl\/en\/wp-json\/wp\/v2\/product_cat?post=46671"},{"taxonomy":"product_tag","embeddable":true,"href":"https:\/\/wydawnictwo.ug.edu.pl\/en\/wp-json\/wp\/v2\/product_tag?post=46671"}],"curies":[{"name":"wp","href":"https:\/\/api.w.org\/{rel}","templated":true}]}}