{"id":46669,"date":"2018-12-01T00:00:00","date_gmt":"2018-12-01T00:00:00","guid":{"rendered":"https:\/\/wydawnictwo.ug.edu.pl\/ksiegarnia-online\/uncategorized\/hodowla-koni-arabskich-w-polsce-klacze-stadne-i-ich-przychowek-1992-2006\/"},"modified":"2026-02-20T07:38:33","modified_gmt":"2026-02-20T07:38:33","slug":"hodowla-koni-arabskich-w-polsce-klacze-stadne-i-ich-przychowek-1992-2006","status":"publish","type":"product","link":"https:\/\/wydawnictwo.ug.edu.pl\/en\/ksiegarnia-online\/biologia\/hodowla-koni-arabskich-w-polsce-klacze-stadne-i-ich-przychowek-1992-2006\/","title":{"rendered":"Hodowla koni arabskich w Polsce. Klacze stadne i ich przych\u00f3wek 1992\u20132006"},"content":{"rendered":"","protected":false},"excerpt":{"rendered":"<p>Przes\u0142ank\u0105 do stworzenia opracowania\u00a0<em>Hodowla koni arabskich w Polsce. Klacze stadne\u00a0<\/em><em>i ich przych\u00f3wek 1992-2006<\/em>\u00a0by\u0142a setna rocznica utworzenia dzia\u0142u arabskiego\u00a0w pa\u0144stwowej stadninie koni w Janowie Podlaskim. Ksi\u0105\u017cka ma charakter bazy danych\u00a0rodowodowych i zawiera informacje z lat 1992-2006 dotycz\u0105ce 1544 klaczy\u00a0stadnych, 319 reproduktor\u00f3w i 5961 ich potomk\u00f3w. Tematyk\u0105 oraz klarownym\u00a0uk\u0142adem tre\u015bci nawi\u0105zuje do wydawanych w latach 1932-1992 tom\u00f3w\u00a0<em>Polskiej ksi\u0119gi\u00a0<\/em><em>stadnej koni arabskich czystej krwi<\/em>\u00a0(PASB). Jest adresowana do naukowc\u00f3w oraz hodowc\u00f3w i mi\u0142o\u015bnik\u00f3w koni arabskich, dla kt\u00f3rych mo\u017ce stanowi\u0107 cenne \u017ar\u00f3d\u0142o informacji\u00a0o wsp\u00f3\u0142czesnej polskiej hodowli.<\/p>\n","protected":false},"featured_media":16753,"template":"","meta":{"_acf_changed":false},"journal":[],"rodzaj":[],"seria":[],"product_brand":[],"product_cat":[7307],"product_tag":[],"class_list":{"0":"post-46669","1":"product","2":"type-product","3":"status-publish","4":"has-post-thumbnail","6":"product_cat-biologia","7":"pa_rok-wydania-2019-en","9":"first","10":"instock","11":"taxable","12":"shipping-taxable","13":"product-type-simple"},"acf":[],"_links":{"self":[{"href":"https:\/\/wydawnictwo.ug.edu.pl\/en\/wp-json\/wp\/v2\/product\/46669","targetHints":{"allow":["GET"]}}],"collection":[{"href":"https:\/\/wydawnictwo.ug.edu.pl\/en\/wp-json\/wp\/v2\/product"}],"about":[{"href":"https:\/\/wydawnictwo.ug.edu.pl\/en\/wp-json\/wp\/v2\/types\/product"}],"wp:featuredmedia":[{"embeddable":true,"href":"https:\/\/wydawnictwo.ug.edu.pl\/en\/wp-json\/wp\/v2\/media\/16753"}],"wp:attachment":[{"href":"https:\/\/wydawnictwo.ug.edu.pl\/en\/wp-json\/wp\/v2\/media?parent=46669"}],"wp:term":[{"taxonomy":"journal","embeddable":true,"href":"https:\/\/wydawnictwo.ug.edu.pl\/en\/wp-json\/wp\/v2\/journal?post=46669"},{"taxonomy":"rodzaj","embeddable":true,"href":"https:\/\/wydawnictwo.ug.edu.pl\/en\/wp-json\/wp\/v2\/rodzaj?post=46669"},{"taxonomy":"seria","embeddable":true,"href":"https:\/\/wydawnictwo.ug.edu.pl\/en\/wp-json\/wp\/v2\/seria?post=46669"},{"taxonomy":"product_brand","embeddable":true,"href":"https:\/\/wydawnictwo.ug.edu.pl\/en\/wp-json\/wp\/v2\/product_brand?post=46669"},{"taxonomy":"product_cat","embeddable":true,"href":"https:\/\/wydawnictwo.ug.edu.pl\/en\/wp-json\/wp\/v2\/product_cat?post=46669"},{"taxonomy":"product_tag","embeddable":true,"href":"https:\/\/wydawnictwo.ug.edu.pl\/en\/wp-json\/wp\/v2\/product_tag?post=46669"}],"curies":[{"name":"wp","href":"https:\/\/api.w.org\/{rel}","templated":true}]}}