{"id":46666,"date":"2018-12-01T00:00:00","date_gmt":"2018-12-01T00:00:00","guid":{"rendered":"https:\/\/wydawnictwo.ug.edu.pl\/ksiegarnia-online\/uncategorized\/modele-zdarzen-konkurujacych-i-ich-zastosowanie-w-ocenie-ryzyka-niewyplacalnosci-pozyczkobiorcy\/"},"modified":"2026-02-11T15:37:54","modified_gmt":"2026-02-11T15:37:54","slug":"modele-zdarzen-konkurujacych-i-ich-zastosowanie-w-ocenie-ryzyka-niewyplacalnosci-pozyczkobiorcy","status":"publish","type":"product","link":"https:\/\/wydawnictwo.ug.edu.pl\/en\/ksiegarnia-online\/zarzadzanie\/modele-zdarzen-konkurujacych-i-ich-zastosowanie-w-ocenie-ryzyka-niewyplacalnosci-pozyczkobiorcy\/","title":{"rendered":"Modele zdarze\u0144 konkuruj\u0105cych i ich zastosowanie w ocenie ryzyka niewyp\u0142acalno\u015bci po\u017cyczkobiorcy"},"content":{"rendered":"","protected":false},"excerpt":{"rendered":"<p>Metody analizy czasu trwania s\u0105 coraz cz\u0119\u015bciej wykorzystywane w ekonomii do badania min. czasu trwania bezrobocia, analizy prze\u017cywalno\u015bci przedsi\u0119biorstw itp. Podstawowym mankamentem tych metod jest jednak za\u0142o\u017cenie, \u017ce wszystkie jednostki musz\u0105 dozna\u0107 zdarzenia. Modele zdarze\u0144 konkuruj\u0105cych uog\u00f3lniaj\u0105 metody analizy czasu trwania (analizy prze\u017cycia) na przypadek mo\u017cliwych r\u00f3\u017cnych przyczyn zdarze\u0144. Uwzgl\u0119dnienie przyczyn zdarze\u0144 daje mo\u017cliwo\u015b\u0107 szerszych, a cz\u0119sto r\u00f3wnie\u017c bardziej adekwatnych bada\u0144 r\u00f3\u017cnych zjawisk, ni\u017c analiza trwania bez wzgl\u0119du na przyczyn\u0119. W monografii podj\u0119to pr\u00f3b\u0119 kompleksowego przedstawienia istoty zdarze\u0144 konkuruj\u0105cych, funkcji je opisuj\u0105cych oraz scharakteryzowano wybran\u0105 grup\u0119 modeli s\u0142u\u017c\u0105cych do opisu rozk\u0142ad\u00f3w czas\u00f3w trwania do wyst\u0105pienia zdarze\u0144 konkuruj\u0105cych.<\/p>\n<p>Jednym z zagadnie\u0144, kt\u00f3re mo\u017ce by\u0107 analizowane za pomoc\u0105 modeli zdarze\u0144 konkuruj\u0105cych jest rozk\u0142ad czasu do wyst\u0105pienia niewyp\u0142acalno\u015bci, kt\u00f3ry bada si\u0119 w analizie ryzyka kredytowego. Metody analizy czasu trwania s\u0105 wykorzystywane w modelowaniu prawdopodobie\u0144stwa niewyp\u0142acalno\u015bci od wielu lat, jednak stosunkowo now\u0105 koncepcj\u0105 jest uwzgl\u0119dnianie ryzyka wcze\u015bniejszej sp\u0142aty kredytu jako zdarzenia konkuruj\u0105cego w stosunku do ryzyka niewyp\u0142acalno\u015bci. Proponowane do tej pory modele b\u0105d\u017a ogranicza\u0142y si\u0119 do estymacji rozk\u0142ad\u00f3w brzegowych niewyp\u0142acalno\u015bci i wcze\u015bniejszej sp\u0142aty b\u0105d\u017a wykorzystywano koncepcj\u0119 populacji niejednorodnej, w kt\u00f3rej cz\u0119\u015b\u0107 jednostek jest nara\u017cona na wyst\u0105pienie zdarzenia, a pozosta\u0142e s\u0105 odporne. Pomi\u0119dzy tymi skrajnymi podej\u015bciami autorka dostrzeg\u0142a luk\u0119 badawcz\u0105 polegaj\u0105c\u0105 na mo\u017cliwo\u015bci badania subrozk\u0142ad\u00f3w zdarze\u0144 konkuruj\u0105cych w populacji, w kt\u00f3rej\u00a0 wszystkie jednostki s\u0105 nara\u017cone na wyst\u0105pienie jednego z dw\u00f3ch konkuruj\u0105cych zdarze\u0144: niewyp\u0142acalno\u015bci oraz wcze\u015bniejszej sp\u0142aty.<\/p>\n","protected":false},"featured_media":17473,"template":"","meta":{"_acf_changed":false},"journal":[],"rodzaj":[],"seria":[],"product_brand":[],"product_cat":[6942],"product_tag":[7917],"class_list":{"0":"post-46666","1":"product","2":"type-product","3":"status-publish","4":"has-post-thumbnail","6":"product_cat-zarzadzanie","7":"product_tag-ewa-wycinka","9":"first","10":"outofstock","11":"taxable","12":"shipping-taxable","13":"purchasable","14":"product-type-simple"},"acf":[],"_links":{"self":[{"href":"https:\/\/wydawnictwo.ug.edu.pl\/en\/wp-json\/wp\/v2\/product\/46666","targetHints":{"allow":["GET"]}}],"collection":[{"href":"https:\/\/wydawnictwo.ug.edu.pl\/en\/wp-json\/wp\/v2\/product"}],"about":[{"href":"https:\/\/wydawnictwo.ug.edu.pl\/en\/wp-json\/wp\/v2\/types\/product"}],"wp:featuredmedia":[{"embeddable":true,"href":"https:\/\/wydawnictwo.ug.edu.pl\/en\/wp-json\/wp\/v2\/media\/17473"}],"wp:attachment":[{"href":"https:\/\/wydawnictwo.ug.edu.pl\/en\/wp-json\/wp\/v2\/media?parent=46666"}],"wp:term":[{"taxonomy":"journal","embeddable":true,"href":"https:\/\/wydawnictwo.ug.edu.pl\/en\/wp-json\/wp\/v2\/journal?post=46666"},{"taxonomy":"rodzaj","embeddable":true,"href":"https:\/\/wydawnictwo.ug.edu.pl\/en\/wp-json\/wp\/v2\/rodzaj?post=46666"},{"taxonomy":"seria","embeddable":true,"href":"https:\/\/wydawnictwo.ug.edu.pl\/en\/wp-json\/wp\/v2\/seria?post=46666"},{"taxonomy":"product_brand","embeddable":true,"href":"https:\/\/wydawnictwo.ug.edu.pl\/en\/wp-json\/wp\/v2\/product_brand?post=46666"},{"taxonomy":"product_cat","embeddable":true,"href":"https:\/\/wydawnictwo.ug.edu.pl\/en\/wp-json\/wp\/v2\/product_cat?post=46666"},{"taxonomy":"product_tag","embeddable":true,"href":"https:\/\/wydawnictwo.ug.edu.pl\/en\/wp-json\/wp\/v2\/product_tag?post=46666"}],"curies":[{"name":"wp","href":"https:\/\/api.w.org\/{rel}","templated":true}]}}