{"id":46665,"date":"2018-12-01T00:00:00","date_gmt":"2018-12-01T00:00:00","guid":{"rendered":""},"modified":"2026-02-11T15:37:56","modified_gmt":"2026-02-11T15:37:56","slug":"%d0%b7%d0%b4%d0%be%d1%80%d0%be%d0%b2%d1%8c%d0%b5-%d0%bf%d1%80%d0%b5%d0%b2%d1%8b%d1%88%d0%b5-%d0%b2%d1%81%d0%b5%d0%b3%d0%be-%d0%ba%d0%be%d0%bc%d0%bc%d1%83%d0%bd%d0%b8%d0%ba%d0%b0%d1%82%d0%b8%d0%b2","status":"publish","type":"product","link":"https:\/\/wydawnictwo.ug.edu.pl\/en\/ksiegarnia-online\/jezykoznawstwo\/%d0%b7%d0%b4%d0%be%d1%80%d0%be%d0%b2%d1%8c%d0%b5-%d0%bf%d1%80%d0%b5%d0%b2%d1%8b%d1%88%d0%b5-%d0%b2%d1%81%d0%b5%d0%b3%d0%be-%d0%ba%d0%be%d0%bc%d0%bc%d1%83%d0%bd%d0%b8%d0%ba%d0%b0%d1%82%d0%b8%d0%b2\/","title":{"rendered":"\u0417\u0434\u043e\u0440\u043e\u0432\u044c\u0435 \u043f\u0440\u0435\u0432\u044b\u0448\u0435 \u0432\u0441\u0435\u0433\u043e. \u041a\u043e\u043c\u043c\u0443\u043d\u0438\u043a\u0430\u0442\u0438\u0432\u043d\u0430\u044f \u0441\u0438\u0442\u0443\u0430\u0446\u0438\u044f \u043e\u043f\u0440\u0430\u0432\u0434\u0430\u043d\u0438\u044f \u0432 \u0434\u0438\u0434\u0430\u043a\u0442\u0438\u0447\u0435\u0441\u043a\u043e\u043c \u0434\u0438\u0441\u043a\u0443\u0440\u0441\u0435: \u043f\u0440\u0430\u0433\u043c\u0430\u0442\u0438\u0447\u0435\u0441\u043a\u0438\u0439 \u0438 \u043c\u0435\u0436\u043a\u0443\u043b\u044c\u0442\u0443\u0440\u043d\u044b\u0439 \u0430\u0441\u043f\u0435\u043a\u0442"},"content":{"rendered":"","protected":false},"excerpt":{"rendered":"<p>Bo zdrowie jest najwa\u017cniejsze. Komunikacyjna sytuacja usprawiedliwiania si\u0119 w dyskursie dydaktycznym: aspekt pragmatyczny i mi\u0119dzykulturowy<\/p>\n<p>Lingwistki zaproponowa\u0142y kompleksowe podej\u015bcie do analizy sytuacji komunikacyjnej i gatunku usprawiedliwienia z punktu widzenia teorii dyskursu, teorii\u00a0wp\u0142ywu poprzez j\u0119zyk, lingwistyki tekstu i konceptologii lingwistycznej.\u00a0W ramach tej ostatniej dyscypliny zosta\u0142y rozpatrzone narodowo\u015bciowe aspekty\u00a0konceptu zdrowia i chrze\u015bcija\u0144skiego wsp\u00f3\u0142czucia.<\/p>\n<div>\u041b\u0438\u043d\u0433\u0432\u0438\u0441\u0442\u044b \u043f\u0440\u0435\u0434\u043b\u043e\u0436\u0438\u043b\u0438 \u043a\u043e\u043c\u043f\u043b\u0435\u043a\u0441\u043d\u044b\u0439 \u043f\u043e\u0434\u0445\u043e\u0434 \u043a \u0430\u043d\u0430\u043b\u0438\u0437\u0443 \u043a\u043e\u043c\u043c\u0443\u043d\u0438\u043a\u0430\u0442\u0438\u0432\u043d\u043e\u0439\u00a0\u0441\u0438\u0442\u0443\u0430\u0446\u0438\u0438 \u0438 \u0436\u0430\u043d\u0440\u0430 \u043e\u043f\u0440\u0430\u0432\u0434\u0430\u043d\u0438\u044f \u0441 \u0442\u043e\u0447\u043a\u0438 \u0437\u0440\u0435\u043d\u0438\u044f \u0442\u0435\u043e\u0440\u0438\u0438 \u0434\u0438\u0441\u043a\u0443\u0440\u0441\u0430, \u0442\u0435\u043e\u0440\u0438\u0438\u00a0\u0440\u0435\u0447\u0435\u0432\u043e\u0433\u043e \u0432\u043e\u0437\u0434\u0435\u0439\u0441\u0442\u0432\u0438\u044f, \u043b\u0438\u043d\u0433\u0432\u0438\u0441\u0442\u0438\u043a\u0438 \u0442\u0435\u043a\u0441\u0442\u0430 \u0438 \u043b\u0438\u043d\u0433\u0432\u0438\u0441\u0442\u0438\u0447\u0435\u0441\u043a\u043e\u0439\u00a0\u043a\u043e\u043d\u0446\u0435\u043f\u0442\u043e\u043b\u043e\u0433\u0438\u0438. \u0412 \u0440\u0430\u043c\u043a\u0430\u0445 \u043f\u043e\u0441\u043b\u0435\u0434\u043d\u0435\u0439 \u0434\u0438\u0441\u0446\u0438\u043f\u043b\u0438\u043d\u044b \u0431\u044b\u043b\u0438 \u0440\u0430\u0441\u0441\u043c\u043e\u0442\u0440\u0435\u043d\u044b\u00a0\u043d\u0430\u0446\u0438\u043e\u043d\u0430\u043b\u044c\u043d\u044b\u0435 \u0430\u0441\u043f\u0435\u043a\u0442\u044b \u043a\u043e\u043d\u0446\u0435\u043f\u0442\u0430 \u0437\u0434\u043e\u0440\u043e\u0432\u044c\u044f \u0438 \u0445\u0440\u0438\u0441\u0442\u0438\u0430\u043d\u0441\u043a\u043e\u0433\u043e \u0441\u043e\u0441\u0442\u0440\u0430\u0434\u0430\u043d\u0438\u044f.<\/div>\n","protected":false},"featured_media":17466,"template":"","meta":{"_acf_changed":false},"journal":[],"rodzaj":[7330],"seria":[],"product_brand":[],"product_cat":[7310,6924],"product_tag":[7470,8061,7472],"class_list":{"0":"post-46665","1":"product","2":"type-product","3":"status-publish","4":"has-post-thumbnail","6":"rodzaj-schoolbook","7":"product_cat-nauka-jezykow-obcych","8":"product_cat-jezykoznawstwo","9":"product_tag-aleksandra-klimkiewicz","10":"product_tag-inna-samojlowa","11":"product_tag-zanna-sladkiewicz","12":"pa_rok-wydania-2019-en","14":"first","15":"outofstock","16":"taxable","17":"shipping-taxable","18":"purchasable","19":"product-type-simple"},"acf":[],"_links":{"self":[{"href":"https:\/\/wydawnictwo.ug.edu.pl\/en\/wp-json\/wp\/v2\/product\/46665","targetHints":{"allow":["GET"]}}],"collection":[{"href":"https:\/\/wydawnictwo.ug.edu.pl\/en\/wp-json\/wp\/v2\/product"}],"about":[{"href":"https:\/\/wydawnictwo.ug.edu.pl\/en\/wp-json\/wp\/v2\/types\/product"}],"wp:featuredmedia":[{"embeddable":true,"href":"https:\/\/wydawnictwo.ug.edu.pl\/en\/wp-json\/wp\/v2\/media\/17466"}],"wp:attachment":[{"href":"https:\/\/wydawnictwo.ug.edu.pl\/en\/wp-json\/wp\/v2\/media?parent=46665"}],"wp:term":[{"taxonomy":"journal","embeddable":true,"href":"https:\/\/wydawnictwo.ug.edu.pl\/en\/wp-json\/wp\/v2\/journal?post=46665"},{"taxonomy":"rodzaj","embeddable":true,"href":"https:\/\/wydawnictwo.ug.edu.pl\/en\/wp-json\/wp\/v2\/rodzaj?post=46665"},{"taxonomy":"seria","embeddable":true,"href":"https:\/\/wydawnictwo.ug.edu.pl\/en\/wp-json\/wp\/v2\/seria?post=46665"},{"taxonomy":"product_brand","embeddable":true,"href":"https:\/\/wydawnictwo.ug.edu.pl\/en\/wp-json\/wp\/v2\/product_brand?post=46665"},{"taxonomy":"product_cat","embeddable":true,"href":"https:\/\/wydawnictwo.ug.edu.pl\/en\/wp-json\/wp\/v2\/product_cat?post=46665"},{"taxonomy":"product_tag","embeddable":true,"href":"https:\/\/wydawnictwo.ug.edu.pl\/en\/wp-json\/wp\/v2\/product_tag?post=46665"}],"curies":[{"name":"wp","href":"https:\/\/api.w.org\/{rel}","templated":true}]}}