{"id":46663,"date":"2018-12-01T00:00:00","date_gmt":"2018-12-01T00:00:00","guid":{"rendered":"https:\/\/wydawnictwo.ug.edu.pl\/ksiegarnia-online\/uncategorized\/international-economic-relations-selected-theoretical-issues-and-policy-implications\/"},"modified":"2026-02-11T15:37:58","modified_gmt":"2026-02-11T15:37:58","slug":"international-economic-relations-selected-theoretical-issues-and-policy-implications","status":"publish","type":"product","link":"https:\/\/wydawnictwo.ug.edu.pl\/en\/ksiegarnia-online\/ekonomia\/international-economic-relations-selected-theoretical-issues-and-policy-implications\/","title":{"rendered":"International economic relations. Selected theoretical issues and policy implications"},"content":{"rendered":"","protected":false},"excerpt":{"rendered":"<p>Podr\u0119cznik zatytu\u0142owany\u00a0<em>International economic relations: Selected theoretical issues and policy implications<\/em>\u00a0sk\u0142ada si\u0119 z pi\u0119ciu rozdzia\u0142\u00f3w. Ksi\u0105\u017cka skierowana jest do student\u00f3w kierunk\u00f3w, na kt\u00f3rych j\u0119zykiem wyk\u0142adowym jest angielski oraz do wszystkich os\u00f3b interesuj\u0105cych si\u0119 szeroko rozumianymi mi\u0119dzynarodowymi stosunkami gospodarczymi. Pozycja nie pretenduje do ca\u0142o\u015bciowego uj\u0119cia problematyki MSG, a skupia si\u0119 na wybranych kwestiach, kt\u00f3re z wzgl\u0119du na sw\u0105 aktualno\u015b\u0107, z\u0142o\u017cono\u015b\u0107 i donios\u0142o\u015b\u0107 s\u0105 godne szczeg\u00f3lnej uwagi.<\/p>\n<p>Pierwszy rozdzia\u0142 po\u015bwi\u0119cony zosta\u0142 gospodarce \u015bwiatowej z uwzgl\u0119dnieniem jej historii, struktury i podmiot\u00f3w. W rozdziale drugim skoncentrowano si\u0119 na problemie ub\u00f3stwa i nier\u00f3wno\u015bci (rozwarstwienia), zar\u00f3wno w skali globalnej (tj. pomi\u0119dzy pa\u0144stwami), jak i w uj\u0119ciu lokalnym (tj. w konkretnych krajach). W rozdziale trzecim om\u00f3wiono mechanizmy migracji mi\u0119dzynarodowych i transgraniczny transfer wiedzy i technologii. Skoncentrowano si\u0119 zw\u0142aszcza na przep\u0142ywie si\u0142y roboczej wewn\u0105trz Unii Europejskiej oraz na konsekwencjach nielegalnej imigracji do kraj\u00f3w bogatych. W rozdziale czwartym przedstawiono wybrane kwestie finans\u00f3w mi\u0119dzynarodowych. Natomiast rozdzia\u0142 pi\u0105ty po\u015bwi\u0119cono problemowi integracji ekonomicznej i politycznej w Ameryce Po\u0142udniowej. Podr\u0119cznik zatem stanowi pr\u00f3b\u0119 przybli\u017cenia czytelnikowi szerokiego spektrum zagadnie\u0144 z dziedziny mi\u0119dzynarodowych stosunk\u00f3w gospodarczych.<\/p>\n","protected":false},"featured_media":17465,"template":"","meta":{"_acf_changed":false},"journal":[],"rodzaj":[],"seria":[],"product_brand":[],"product_cat":[6934],"product_tag":[7899],"class_list":{"0":"post-46663","1":"product","2":"type-product","3":"status-publish","4":"has-post-thumbnail","6":"product_cat-ekonomia","7":"product_tag-piotr-zientara","8":"pa_rok-wydania-2019-en","10":"first","11":"outofstock","12":"taxable","13":"shipping-taxable","14":"purchasable","15":"product-type-simple"},"acf":[],"_links":{"self":[{"href":"https:\/\/wydawnictwo.ug.edu.pl\/en\/wp-json\/wp\/v2\/product\/46663","targetHints":{"allow":["GET"]}}],"collection":[{"href":"https:\/\/wydawnictwo.ug.edu.pl\/en\/wp-json\/wp\/v2\/product"}],"about":[{"href":"https:\/\/wydawnictwo.ug.edu.pl\/en\/wp-json\/wp\/v2\/types\/product"}],"wp:featuredmedia":[{"embeddable":true,"href":"https:\/\/wydawnictwo.ug.edu.pl\/en\/wp-json\/wp\/v2\/media\/17465"}],"wp:attachment":[{"href":"https:\/\/wydawnictwo.ug.edu.pl\/en\/wp-json\/wp\/v2\/media?parent=46663"}],"wp:term":[{"taxonomy":"journal","embeddable":true,"href":"https:\/\/wydawnictwo.ug.edu.pl\/en\/wp-json\/wp\/v2\/journal?post=46663"},{"taxonomy":"rodzaj","embeddable":true,"href":"https:\/\/wydawnictwo.ug.edu.pl\/en\/wp-json\/wp\/v2\/rodzaj?post=46663"},{"taxonomy":"seria","embeddable":true,"href":"https:\/\/wydawnictwo.ug.edu.pl\/en\/wp-json\/wp\/v2\/seria?post=46663"},{"taxonomy":"product_brand","embeddable":true,"href":"https:\/\/wydawnictwo.ug.edu.pl\/en\/wp-json\/wp\/v2\/product_brand?post=46663"},{"taxonomy":"product_cat","embeddable":true,"href":"https:\/\/wydawnictwo.ug.edu.pl\/en\/wp-json\/wp\/v2\/product_cat?post=46663"},{"taxonomy":"product_tag","embeddable":true,"href":"https:\/\/wydawnictwo.ug.edu.pl\/en\/wp-json\/wp\/v2\/product_tag?post=46663"}],"curies":[{"name":"wp","href":"https:\/\/api.w.org\/{rel}","templated":true}]}}