{"id":46661,"date":"2018-12-01T00:00:00","date_gmt":"2018-12-01T00:00:00","guid":{"rendered":"https:\/\/wydawnictwo.ug.edu.pl\/ksiegarnia-online\/uncategorized\/jelita-mozg-jelita-zasoby-psychologiczne-a-jakosc-zycia-pacjentow-z-chorobami-ukladu-pokarmowego\/"},"modified":"2026-02-11T15:37:58","modified_gmt":"2026-02-11T15:37:58","slug":"jelita-mozg-jelita-zasoby-psychologiczne-a-jakosc-zycia-pacjentow-z-chorobami-ukladu-pokarmowego","status":"publish","type":"product","link":"https:\/\/wydawnictwo.ug.edu.pl\/en\/ksiegarnia-online\/pedagogika-i-psychologia\/jelita-mozg-jelita-zasoby-psychologiczne-a-jakosc-zycia-pacjentow-z-chorobami-ukladu-pokarmowego\/","title":{"rendered":"Jelita \u2013 m\u00f3zg \u2013 jelita. Zasoby psychologiczne a jako\u015b\u0107 \u017cycia pacjent\u00f3w z chorobami uk\u0142adu pokarmowego"},"content":{"rendered":"","protected":false},"excerpt":{"rendered":"<p>Ksi\u0105\u017cka jest rezultatem interdyscyplinarnych dzia\u0142a\u0144 z pogranicza medycyny praktycznej i psychologii. Stanowi ona wnikliw\u0105 ocen\u0119 bada\u0144 zwi\u0105zanych z pr\u00f3b\u0105 odnalezienia metodyki i sposob\u00f3w wp\u0142ywania poprzez psychologi\u0119 na kszta\u0142towanie szeroko rozumianego procesu diagnostycznego i leczniczego chorych gastroenterologicznych. Istota unikatowej roli niniejszej pozycji zawiera si\u0119 w tym, \u017ce autorka jako czynna badaczka o\u00a0bardzo dobrym przygotowaniu teoretycznym jednocze\u015bnie osobi\u015bcie\u00a0bra\u0142a udzia\u0142 w pracach zespo\u0142u badawczego z\u0142o\u017conego z naukowc\u00f3w r\u00f3\u017cnych dziedzin nauki. Sk\u0142ad Zespo\u0142u, skala przeprowadzonych bada\u0144 oraz ich wyniki stanowi\u0105 o wyj\u0105tkowo\u015bci niniejszej pracy naukowej.<\/p>\n<p>Ksi\u0105\u017cka wydana w serii Dissertationes Laudatissimae Universitas Gedanensis<\/p>\n","protected":false},"featured_media":17458,"template":"","meta":{"_acf_changed":false},"journal":[],"rodzaj":[2604],"seria":[6744],"product_brand":[],"product_cat":[7007],"product_tag":[1150],"class_list":{"0":"post-46661","1":"product","2":"type-product","3":"status-publish","4":"has-post-thumbnail","6":"rodzaj-serie-wydawnicze","7":"seria-dissertationes-laudatissimae-universitas-gedanensis","8":"product_cat-pedagogika-i-psychologia","9":"product_tag-agata-rudnik","10":"pa_rok-wydania-861","12":"first","13":"instock","14":"taxable","15":"shipping-taxable","16":"purchasable","17":"product-type-simple"},"acf":[],"_links":{"self":[{"href":"https:\/\/wydawnictwo.ug.edu.pl\/en\/wp-json\/wp\/v2\/product\/46661","targetHints":{"allow":["GET"]}}],"collection":[{"href":"https:\/\/wydawnictwo.ug.edu.pl\/en\/wp-json\/wp\/v2\/product"}],"about":[{"href":"https:\/\/wydawnictwo.ug.edu.pl\/en\/wp-json\/wp\/v2\/types\/product"}],"wp:featuredmedia":[{"embeddable":true,"href":"https:\/\/wydawnictwo.ug.edu.pl\/en\/wp-json\/wp\/v2\/media\/17458"}],"wp:attachment":[{"href":"https:\/\/wydawnictwo.ug.edu.pl\/en\/wp-json\/wp\/v2\/media?parent=46661"}],"wp:term":[{"taxonomy":"journal","embeddable":true,"href":"https:\/\/wydawnictwo.ug.edu.pl\/en\/wp-json\/wp\/v2\/journal?post=46661"},{"taxonomy":"rodzaj","embeddable":true,"href":"https:\/\/wydawnictwo.ug.edu.pl\/en\/wp-json\/wp\/v2\/rodzaj?post=46661"},{"taxonomy":"seria","embeddable":true,"href":"https:\/\/wydawnictwo.ug.edu.pl\/en\/wp-json\/wp\/v2\/seria?post=46661"},{"taxonomy":"product_brand","embeddable":true,"href":"https:\/\/wydawnictwo.ug.edu.pl\/en\/wp-json\/wp\/v2\/product_brand?post=46661"},{"taxonomy":"product_cat","embeddable":true,"href":"https:\/\/wydawnictwo.ug.edu.pl\/en\/wp-json\/wp\/v2\/product_cat?post=46661"},{"taxonomy":"product_tag","embeddable":true,"href":"https:\/\/wydawnictwo.ug.edu.pl\/en\/wp-json\/wp\/v2\/product_tag?post=46661"}],"curies":[{"name":"wp","href":"https:\/\/api.w.org\/{rel}","templated":true}]}}