{"id":46659,"date":"2018-12-01T00:00:00","date_gmt":"2018-12-01T00:00:00","guid":{"rendered":"https:\/\/wydawnictwo.ug.edu.pl\/ksiegarnia-online\/uncategorized\/el-teatro-en-la-clase-de-lengua-extranjera-zajecia-teatralne-na-lekcji-jezyka-obcego\/"},"modified":"2026-02-11T15:34:50","modified_gmt":"2026-02-11T15:34:50","slug":"el-teatro-en-la-clase-de-lengua-extranjera-zajecia-teatralne-na-lekcji-jezyka-obcego","status":"publish","type":"product","link":"https:\/\/wydawnictwo.ug.edu.pl\/en\/ksiegarnia-online\/jezykoznawstwo\/el-teatro-en-la-clase-de-lengua-extranjera-zajecia-teatralne-na-lekcji-jezyka-obcego\/","title":{"rendered":"El teatro en la clase de lengua extranjera (Zaj\u0119cia teatralne na lekcji j\u0119zyka obcego)"},"content":{"rendered":"","protected":false},"excerpt":{"rendered":"<p>Ksi\u0105\u017cka autorstwa pp. Nory Or\u0142owskiej i Andrzeja Or\u0142owskiego (\u2026) jest owocem wieloletnich do\u015bwiadcze\u0144, jakie Autorzy zebrali prowadz\u0105c na Uniwersytecie Gda\u0144skim warsztaty teatralne. (\u2026) studenckie grupy teatralne wyst\u0119powa\u0142y na wielu pokazach oraz festiwalach organizowanych w\u00a0kraju i za granic\u0105 (\u2026).<\/p>\n<p>W syntetycznym wst\u0119pie Autorzy wymieniaj\u0105 kilka naczelnych cech, kt\u00f3rymi powinna charakteryzowa\u0107 si\u0119 sztuka teatralna pisana w celach dydaktycznych. (\u2026) sztuki zebrane w ksi\u0105\u017cce w pe\u0142ni spe\u0142niaj\u0105 opisane kryteria. Za ich podstawow\u0105 zalet\u0119 uzna\u0142bym swoistego rodzaju dynamiczno\u015b\u0107, tak w sferze tre\u015bci, jak i w warstwie j\u0119zykowej (\u2026) sztuki naznaczone inteligentnym, czasami nawet do\u015b\u0107 absurdalnym humorem, kt\u00f3re w b\u0142yskotliwy spos\u00f3b nawi\u0105zuj\u0105 do aktualnych wydarze\u0144. Niekt\u00f3re nie s\u0105 pozbawione tak\u017ce wyra\u017anych cel\u00f3w poznawczych i mog\u0105 by\u0107 wykorzystane w szeroko rozumianej praktyce szkolnej.<\/p>\n<p><em>Z recenzji wydawniczej dr. hab. Marka Barana, prof. U\u0141<\/em><\/p>\n<p>Ksi\u0105\u017cka otrzyma\u0142a I nagrod\u0119 w <a href=\"https:\/\/wydawnictwo.ug.edu.pl\/nominacje-i-nagrody\/rozstrzygniecie-konkursu-wydawnictwa-uniwersytetu-gdanskiego-2019\/\">Konkursie Wydawnictwa UG<\/a> 2019 w kategorii Najlepsza ksi\u0105\u017cka dydaktyczna.<\/p>\n","protected":false},"featured_media":15485,"template":"","meta":{"_acf_changed":false},"journal":[],"rodzaj":[],"seria":[],"product_brand":[],"product_cat":[7310,6924],"product_tag":[8055,7653],"class_list":{"0":"post-46659","1":"product","2":"type-product","3":"status-publish","4":"has-post-thumbnail","6":"product_cat-nauka-jezykow-obcych","7":"product_cat-jezykoznawstwo","8":"product_tag-andrzej-orlowski","9":"product_tag-nora-orlowskanora-orlowska","11":"first","12":"outofstock","13":"taxable","14":"shipping-taxable","15":"product-type-simple"},"acf":[],"_links":{"self":[{"href":"https:\/\/wydawnictwo.ug.edu.pl\/en\/wp-json\/wp\/v2\/product\/46659","targetHints":{"allow":["GET"]}}],"collection":[{"href":"https:\/\/wydawnictwo.ug.edu.pl\/en\/wp-json\/wp\/v2\/product"}],"about":[{"href":"https:\/\/wydawnictwo.ug.edu.pl\/en\/wp-json\/wp\/v2\/types\/product"}],"wp:featuredmedia":[{"embeddable":true,"href":"https:\/\/wydawnictwo.ug.edu.pl\/en\/wp-json\/wp\/v2\/media\/15485"}],"wp:attachment":[{"href":"https:\/\/wydawnictwo.ug.edu.pl\/en\/wp-json\/wp\/v2\/media?parent=46659"}],"wp:term":[{"taxonomy":"journal","embeddable":true,"href":"https:\/\/wydawnictwo.ug.edu.pl\/en\/wp-json\/wp\/v2\/journal?post=46659"},{"taxonomy":"rodzaj","embeddable":true,"href":"https:\/\/wydawnictwo.ug.edu.pl\/en\/wp-json\/wp\/v2\/rodzaj?post=46659"},{"taxonomy":"seria","embeddable":true,"href":"https:\/\/wydawnictwo.ug.edu.pl\/en\/wp-json\/wp\/v2\/seria?post=46659"},{"taxonomy":"product_brand","embeddable":true,"href":"https:\/\/wydawnictwo.ug.edu.pl\/en\/wp-json\/wp\/v2\/product_brand?post=46659"},{"taxonomy":"product_cat","embeddable":true,"href":"https:\/\/wydawnictwo.ug.edu.pl\/en\/wp-json\/wp\/v2\/product_cat?post=46659"},{"taxonomy":"product_tag","embeddable":true,"href":"https:\/\/wydawnictwo.ug.edu.pl\/en\/wp-json\/wp\/v2\/product_tag?post=46659"}],"curies":[{"name":"wp","href":"https:\/\/api.w.org\/{rel}","templated":true}]}}