{"id":46658,"date":"2018-12-01T00:00:00","date_gmt":"2018-12-01T00:00:00","guid":{"rendered":"https:\/\/wydawnictwo.ug.edu.pl\/ksiegarnia-online\/uncategorized\/niemeskosc-w-tekstach-kultury-xix-xxi-wieku\/"},"modified":"2026-02-11T15:34:52","modified_gmt":"2026-02-11T15:34:52","slug":"niemeskosc-w-tekstach-kultury-xix-xxi-wieku","status":"publish","type":"product","link":"https:\/\/wydawnictwo.ug.edu.pl\/en\/ksiegarnia-online\/literaturoznawstwo\/niemeskosc-w-tekstach-kultury-xix-xxi-wieku\/","title":{"rendered":"(Nie)m\u0119sko\u015b\u0107 w tekstach kultury XIX \u2013XXI wieku"},"content":{"rendered":"","protected":false},"excerpt":{"rendered":"<p>Obszerna praca zatytu\u0142owana<em>\u00a0(Nie)m\u0119sko\u015b\u0107 w tekstach kultury XIX\u2013XXI wieku<\/em>\u00a0jest efektem wsp\u00f3\u0142pracy wielu badaczy zainteresowanych problematyk\u0105 m\u0119sko\u015bci, kt\u00f3ra sta\u0142a si\u0119 przedmiotem bada\u0144 w polskiej humanistyce stosunkowo niedawno. Struktura ca\u0142o\u015bci tomu jest dobrze pomy\u015blana i podzielona, zw\u0142aszcza \u017ce sk\u0142ada si\u0119 na\u0144 bardzo du\u017co tekst\u00f3w, kt\u00f3rych przedmiotem s\u0105 punktowe analizy, cz\u0119sto dotycz\u0105ce pojedynczych tekst\u00f3w, zagadnie\u0144 czy te\u017c fenomen\u00f3w kulturowych.<\/p>\n<p>Wychodz\u0105c od operacyjnych poj\u0119\u0107 m\u0119sko\u015bci i (nie)m\u0119sko\u015bci kolejne rozprawy zawarte w tej ksi\u0119dze, a po\u015bwi\u0119cone teorii, literaturze polskiej i obcej, dramatowi, teatrowi, a nawet operetce, w oryginalny spos\u00f3b penetruj\u0105 r\u00f3\u017cnorodne zakamarki kultury. Studia nad m\u0119sko\u015bci\u0105 w Polsce znajduj\u0105 si\u0119 nadal w fazie wst\u0119pnego rozwoju. Zrobiono ju\u017c wiele, ale zasadnicza praca jest dopiero do wykonania. My\u015bl\u0119, \u017ce niniejsza publikacja w znacz\u0105cy spos\u00f3b do tego rozwoju si\u0119 przyczyni, poniewa\u017c czytelnicy znajd\u0105 tu wiele pomys\u0142\u00f3w, kt\u00f3re mog\u0105 inspirowa\u0107 i kt\u00f3re mog\u0105 zosta\u0107 szeroko rozwini\u0119te. Jestem pewien, \u017ce w dorobku Wydawnictwa Uniwersytetu Gda\u0144skiego b\u0119dzie to jedna z cenniejszych pozycji.<\/p>\n<p><em>Z recenzji prof. dr. hab. Adama Dziadka<\/em><\/p>\n","protected":false},"featured_media":14996,"template":"","meta":{"_acf_changed":false},"journal":[],"rodzaj":[7074],"seria":[],"product_brand":[],"product_cat":[6925],"product_tag":[7493,7498],"class_list":{"0":"post-46658","1":"product","2":"type-product","3":"status-publish","4":"has-post-thumbnail","6":"rodzaj-ksiazki","7":"product_cat-literaturoznawstwo","8":"product_tag-barbara-zwolinska","9":"product_tag-krystian-maciej-tomala","11":"first","12":"outofstock","13":"taxable","14":"shipping-taxable","15":"purchasable","16":"product-type-simple"},"acf":[],"_links":{"self":[{"href":"https:\/\/wydawnictwo.ug.edu.pl\/en\/wp-json\/wp\/v2\/product\/46658","targetHints":{"allow":["GET"]}}],"collection":[{"href":"https:\/\/wydawnictwo.ug.edu.pl\/en\/wp-json\/wp\/v2\/product"}],"about":[{"href":"https:\/\/wydawnictwo.ug.edu.pl\/en\/wp-json\/wp\/v2\/types\/product"}],"wp:featuredmedia":[{"embeddable":true,"href":"https:\/\/wydawnictwo.ug.edu.pl\/en\/wp-json\/wp\/v2\/media\/14996"}],"wp:attachment":[{"href":"https:\/\/wydawnictwo.ug.edu.pl\/en\/wp-json\/wp\/v2\/media?parent=46658"}],"wp:term":[{"taxonomy":"journal","embeddable":true,"href":"https:\/\/wydawnictwo.ug.edu.pl\/en\/wp-json\/wp\/v2\/journal?post=46658"},{"taxonomy":"rodzaj","embeddable":true,"href":"https:\/\/wydawnictwo.ug.edu.pl\/en\/wp-json\/wp\/v2\/rodzaj?post=46658"},{"taxonomy":"seria","embeddable":true,"href":"https:\/\/wydawnictwo.ug.edu.pl\/en\/wp-json\/wp\/v2\/seria?post=46658"},{"taxonomy":"product_brand","embeddable":true,"href":"https:\/\/wydawnictwo.ug.edu.pl\/en\/wp-json\/wp\/v2\/product_brand?post=46658"},{"taxonomy":"product_cat","embeddable":true,"href":"https:\/\/wydawnictwo.ug.edu.pl\/en\/wp-json\/wp\/v2\/product_cat?post=46658"},{"taxonomy":"product_tag","embeddable":true,"href":"https:\/\/wydawnictwo.ug.edu.pl\/en\/wp-json\/wp\/v2\/product_tag?post=46658"}],"curies":[{"name":"wp","href":"https:\/\/api.w.org\/{rel}","templated":true}]}}