{"id":46655,"date":"2018-12-01T00:00:00","date_gmt":"2018-12-01T00:00:00","guid":{"rendered":"https:\/\/wydawnictwo.ug.edu.pl\/ksiegarnia-online\/uncategorized\/patriotyczny-obowiazek-o-turystyce-zaangazowanej\/"},"modified":"2026-02-11T15:34:52","modified_gmt":"2026-02-11T15:34:52","slug":"patriotyczny-obowiazek-o-turystyce-zaangazowanej","status":"publish","type":"product","link":"https:\/\/wydawnictwo.ug.edu.pl\/en\/ksiegarnia-online\/historia\/patriotyczny-obowiazek-o-turystyce-zaangazowanej\/","title":{"rendered":"Patriotyczny obowi\u0105zek. O turystyce zaanga\u017cowanej"},"content":{"rendered":"","protected":false},"excerpt":{"rendered":"<p>Turystyka o pod\u0142o\u017cu patriotycznym spotykana by\u0142a ju\u017c w staro\u017cytno\u015bci.Podobnie w \u015bredniowieczu i epoce nowo\u017cytnej wypada\u0142o bywa\u0107 w miejscach szczeg\u00f3lnie wa\u017cnych dla historii danego kraju, ale to w okresie romantyzmu i wieku XIX, kiedy rozwija\u0142y si\u0119 ruchy narodowowyzwole\u0144cze i zjednoczeniowe, nacjonalizm, obserwujemy nasilenie si\u0119 zainteresowania krajem ojczystym, jego histori\u0105, kultur\u0105, przyrod\u0105. W\u00f3wczas te\u017c na szerok\u0105 skal\u0119 rozwin\u0119\u0142o si\u0119 krajoznawstwo, czego wyrazem by\u0142o powstawanie organizacji propaguj\u0105cych walory ziemi ojczystej.<\/p>\n<p>Niniejsza ksi\u0105\u017cka jest po\u015bwi\u0119cona w\u0142a\u015bnie takiej turystyce \u2013 turystyce patriotycznej. Jej Autorzy szeroko potraktowali temat \u2013 znajdziemy tu bowiem zar\u00f3wno wspomnienia z podr\u00f3\u017cy odbywanych w poprzednich wiekach przez historyk\u00f3w, poet\u00f3w, pisarzy, urz\u0119dnik\u00f3w, w ko\u0144cu \u201ezwyk\u0142ych\u201d ludzi, ale r\u00f3wnie\u017c refleksje nad wsp\u00f3\u0142czesn\u0105 turystyk\u0105 i turyst\u0105, propozycje wycieczek do miejsc, kt\u00f3re warto zwiedzi\u0107 cho\u0107by z powodu ich dawnych zwi\u0105zk\u00f3w z Polsk\u0105. Warto podkre\u015bli\u0107, \u017ce ksi\u0105\u017ck\u0119 t\u0119 wsp\u00f3\u0142tworzyli przedstawiciele r\u00f3\u017cnych dziedzin i dyscyplin naukowych \u2013 historycy, geografowie, socjologowie, a tak\u017ce poloni\u015bci, kulturoznawcy, etnografowie, przewodnicy turystyczni, pracownicy obiekt\u00f3w turystycznych, muzealnych itp.<\/p>\n<p>Ksi\u0105\u017cka ukaza\u0142a si\u0119 w serii wydawniczej Gda\u0144skie Teki Turystyczno-Krajoznawcze.<\/p>\n","protected":false},"featured_media":14972,"template":"","meta":{"_acf_changed":false},"journal":[],"rodzaj":[7077,7076],"seria":[7081],"product_brand":[],"product_cat":[6958],"product_tag":[7421],"class_list":{"0":"post-46655","1":"product","2":"type-product","3":"status-publish","4":"has-post-thumbnail","6":"rodzaj-czasopismo","7":"rodzaj-serie-wydawnicze","8":"seria-gdanskie-teki-turystyczno-krajoznawcze","9":"product_cat-historia","10":"product_tag-iwona-janickaiwona-janicka","12":"first","13":"outofstock","14":"taxable","15":"shipping-taxable","16":"purchasable","17":"product-type-simple"},"acf":[],"_links":{"self":[{"href":"https:\/\/wydawnictwo.ug.edu.pl\/en\/wp-json\/wp\/v2\/product\/46655","targetHints":{"allow":["GET"]}}],"collection":[{"href":"https:\/\/wydawnictwo.ug.edu.pl\/en\/wp-json\/wp\/v2\/product"}],"about":[{"href":"https:\/\/wydawnictwo.ug.edu.pl\/en\/wp-json\/wp\/v2\/types\/product"}],"wp:featuredmedia":[{"embeddable":true,"href":"https:\/\/wydawnictwo.ug.edu.pl\/en\/wp-json\/wp\/v2\/media\/14972"}],"wp:attachment":[{"href":"https:\/\/wydawnictwo.ug.edu.pl\/en\/wp-json\/wp\/v2\/media?parent=46655"}],"wp:term":[{"taxonomy":"journal","embeddable":true,"href":"https:\/\/wydawnictwo.ug.edu.pl\/en\/wp-json\/wp\/v2\/journal?post=46655"},{"taxonomy":"rodzaj","embeddable":true,"href":"https:\/\/wydawnictwo.ug.edu.pl\/en\/wp-json\/wp\/v2\/rodzaj?post=46655"},{"taxonomy":"seria","embeddable":true,"href":"https:\/\/wydawnictwo.ug.edu.pl\/en\/wp-json\/wp\/v2\/seria?post=46655"},{"taxonomy":"product_brand","embeddable":true,"href":"https:\/\/wydawnictwo.ug.edu.pl\/en\/wp-json\/wp\/v2\/product_brand?post=46655"},{"taxonomy":"product_cat","embeddable":true,"href":"https:\/\/wydawnictwo.ug.edu.pl\/en\/wp-json\/wp\/v2\/product_cat?post=46655"},{"taxonomy":"product_tag","embeddable":true,"href":"https:\/\/wydawnictwo.ug.edu.pl\/en\/wp-json\/wp\/v2\/product_tag?post=46655"}],"curies":[{"name":"wp","href":"https:\/\/api.w.org\/{rel}","templated":true}]}}