{"id":46653,"date":"2018-12-01T00:00:00","date_gmt":"2018-12-01T00:00:00","guid":{"rendered":"https:\/\/wydawnictwo.ug.edu.pl\/ksiegarnia-online\/uncategorized\/model-procesowego-zarzadzania-bezpieczenstwem-systemow-informacyjnych-szkol-wyzszych\/"},"modified":"2026-02-11T15:38:01","modified_gmt":"2026-02-11T15:38:01","slug":"model-procesowego-zarzadzania-bezpieczenstwem-systemow-informacyjnych-szkol-wyzszych","status":"publish","type":"product","link":"https:\/\/wydawnictwo.ug.edu.pl\/en\/ksiegarnia-online\/zarzadzanie\/model-procesowego-zarzadzania-bezpieczenstwem-systemow-informacyjnych-szkol-wyzszych\/","title":{"rendered":"Model procesowego zarz\u0105dzania bezpiecze\u0144stwem system\u00f3w informacyjnych szk\u00f3\u0142 wy\u017cszych"},"content":{"rendered":"","protected":false},"excerpt":{"rendered":"<p>Instytucje edukacyjne w Polsce si\u0119 w ostatnich latach charakteryzuj\u0105 dynamicznym rozwojem. To powoduje konieczno\u015b\u0107 zmian w strukturach organizacji i, co za tym idzie, modyfikacj\u0119 podej\u015bcia do zarz\u0105dzania systemami informacyjnymi. Bezpiecze\u0144stwo tych organizacji \u2013 w wi\u0119kszo\u015bci non profit (szko\u0142y publiczne) \u2013 staje si\u0119 jednym z wa\u017cniejszych wyzwa\u0144 dla kadr mened\u017cerskich uczelni. Zarz\u0105dzanie bezpiecze\u0144stwem informacji w tych organizacjach jest problemem wielowymiarowym i stanowi interesuj\u0105cy obszar dla bada\u0144 naukowych.<\/p>\n<p>G\u0142\u00f3wnym celem rozprawy jest analiza istniej\u0105cych metod zarz\u0105dzania bezpiecze\u0144stwem system\u00f3w informacyjnych (SI) oraz opracowanie modelu proces\u00f3w zarz\u0105dzania bezpiecze\u0144stwem SI organizacji edukacyjnej, kt\u00f3ry gwarantowa\u0142by optymalny poziom zabezpieczenia informacji.<\/p>\n<p>Autor ma wieloletnie do\u015bwiadczenie w projektowaniu i zarz\u0105dzaniu systemami informatycznymi uczelni publicznych i prywatnych. By\u0142 cz\u0142onkiem zespo\u0142\u00f3w ds. strategii informatyzacji oraz kierownikiem projekt\u00f3w NCBR1 zwi\u0105zanych z technologiami IT. Prowadzi r\u00f3wnie\u017c dzia\u0142alno\u015b\u0107 konsultingowo-szkoleniow\u0105 zwi\u0105zan\u0105 z zagadnieniami bezpiecze\u0144stwa informacji.<\/p>\n","protected":false},"featured_media":17419,"template":"","meta":{"_acf_changed":false},"journal":[],"rodzaj":[],"seria":[],"product_brand":[],"product_cat":[6942,7309],"product_tag":[8053],"class_list":{"0":"post-46653","1":"product","2":"type-product","3":"status-publish","4":"has-post-thumbnail","6":"product_cat-zarzadzanie","7":"product_cat-matematyka-i-informatyka","8":"product_tag-adam-kostulak","9":"pa_rok-wydania-2019-en","11":"first","12":"outofstock","13":"taxable","14":"shipping-taxable","15":"purchasable","16":"product-type-simple"},"acf":[],"_links":{"self":[{"href":"https:\/\/wydawnictwo.ug.edu.pl\/en\/wp-json\/wp\/v2\/product\/46653","targetHints":{"allow":["GET"]}}],"collection":[{"href":"https:\/\/wydawnictwo.ug.edu.pl\/en\/wp-json\/wp\/v2\/product"}],"about":[{"href":"https:\/\/wydawnictwo.ug.edu.pl\/en\/wp-json\/wp\/v2\/types\/product"}],"wp:featuredmedia":[{"embeddable":true,"href":"https:\/\/wydawnictwo.ug.edu.pl\/en\/wp-json\/wp\/v2\/media\/17419"}],"wp:attachment":[{"href":"https:\/\/wydawnictwo.ug.edu.pl\/en\/wp-json\/wp\/v2\/media?parent=46653"}],"wp:term":[{"taxonomy":"journal","embeddable":true,"href":"https:\/\/wydawnictwo.ug.edu.pl\/en\/wp-json\/wp\/v2\/journal?post=46653"},{"taxonomy":"rodzaj","embeddable":true,"href":"https:\/\/wydawnictwo.ug.edu.pl\/en\/wp-json\/wp\/v2\/rodzaj?post=46653"},{"taxonomy":"seria","embeddable":true,"href":"https:\/\/wydawnictwo.ug.edu.pl\/en\/wp-json\/wp\/v2\/seria?post=46653"},{"taxonomy":"product_brand","embeddable":true,"href":"https:\/\/wydawnictwo.ug.edu.pl\/en\/wp-json\/wp\/v2\/product_brand?post=46653"},{"taxonomy":"product_cat","embeddable":true,"href":"https:\/\/wydawnictwo.ug.edu.pl\/en\/wp-json\/wp\/v2\/product_cat?post=46653"},{"taxonomy":"product_tag","embeddable":true,"href":"https:\/\/wydawnictwo.ug.edu.pl\/en\/wp-json\/wp\/v2\/product_tag?post=46653"}],"curies":[{"name":"wp","href":"https:\/\/api.w.org\/{rel}","templated":true}]}}