{"id":46652,"date":"2018-12-01T00:00:00","date_gmt":"2018-12-01T00:00:00","guid":{"rendered":""},"modified":"2026-02-11T15:35:50","modified_gmt":"2026-02-11T15:35:50","slug":"%d1%84%d0%b5%d0%bd%d0%be%d0%bc%d0%b5%d0%bd-%d1%88%d1%82%d0%b8%d1%80%d0%bb%d0%b8%d1%86%d0%b0-%d0%be%d0%b1%d1%80%d0%b0%d0%b7-%d1%81%d0%be%d0%b2%d0%b5%d1%82%d1%81%d0%ba%d0%be%d0%b3%d0%be-%d1%80%d0%b0","status":"publish","type":"product","link":"https:\/\/wydawnictwo.ug.edu.pl\/en\/ksiegarnia-online\/jezykoznawstwo\/%d1%84%d0%b5%d0%bd%d0%be%d0%bc%d0%b5%d0%bd-%d1%88%d1%82%d0%b8%d1%80%d0%bb%d0%b8%d1%86%d0%b0-%d0%be%d0%b1%d1%80%d0%b0%d0%b7-%d1%81%d0%be%d0%b2%d0%b5%d1%82%d1%81%d0%ba%d0%be%d0%b3%d0%be-%d1%80%d0%b0\/","title":{"rendered":"\u0424\u0435\u043d\u043e\u043c\u0435\u043d \u0428\u0442\u0438\u0440\u043b\u0438\u0446\u0430. \u041e\u0431\u0440\u0430\u0437 \u0441\u043e\u0432\u0435\u0442\u0441\u043a\u043e\u0433\u043e \u0440\u0430\u0437\u0432\u0435\u0434\u0447\u0438\u043a\u0430 \u0432 \u0440\u0443\u0441\u0441\u043a\u043e\u043c \u044f\u0437\u044b\u043a\u0435 \u0438 \u043a\u0443\u043b\u044c\u0442\u0443\u0440\u0435 \u0441\u043e\u0432\u0440\u0435\u043c\u0435\u043d\u043d\u043e\u0439 \u0420\u043e\u0441\u0441\u0438\u0438"},"content":{"rendered":"","protected":false},"excerpt":{"rendered":"<p>Monogra\ufb01\u0119 Marcina Trendowicza czyta si\u0119 jak powie\u015b\u0107, kt\u00f3ra stopniowo wprowadza w \u015bwiat konceptu, ale i barwy dowcipu na szerokim tle kulturowym. Jest to wi\u0119c du\u017cej rangi umiej\u0119tno\u015b\u0107 wyk\u0142adu lingwistycznego, kt\u00f3ry nie trac\u0105c na warto\u015bci merytorycznej, pobudza do my\u015blenia, niekiedy u\u015bmiechu, daje chwile zadumy, a w rezultacie poch\u0142ania sw\u0105 problematyk\u0105.<\/p>\n<p><em>Z recenzji wydawniczej prof. dr hab. Ewy Komorowskiej<\/em><\/p>\n","protected":false},"featured_media":17415,"template":"","meta":{"_acf_changed":false},"journal":[],"rodzaj":[7074],"seria":[],"product_brand":[],"product_cat":[6924],"product_tag":[7471],"class_list":{"0":"post-46652","1":"product","2":"type-product","3":"status-publish","4":"has-post-thumbnail","6":"rodzaj-ksiazki","7":"product_cat-jezykoznawstwo","8":"product_tag-marcin-trendowicz","9":"pa_rok-wydania-2019-en","11":"first","12":"outofstock","13":"taxable","14":"shipping-taxable","15":"purchasable","16":"product-type-simple"},"acf":[],"_links":{"self":[{"href":"https:\/\/wydawnictwo.ug.edu.pl\/en\/wp-json\/wp\/v2\/product\/46652","targetHints":{"allow":["GET"]}}],"collection":[{"href":"https:\/\/wydawnictwo.ug.edu.pl\/en\/wp-json\/wp\/v2\/product"}],"about":[{"href":"https:\/\/wydawnictwo.ug.edu.pl\/en\/wp-json\/wp\/v2\/types\/product"}],"wp:featuredmedia":[{"embeddable":true,"href":"https:\/\/wydawnictwo.ug.edu.pl\/en\/wp-json\/wp\/v2\/media\/17415"}],"wp:attachment":[{"href":"https:\/\/wydawnictwo.ug.edu.pl\/en\/wp-json\/wp\/v2\/media?parent=46652"}],"wp:term":[{"taxonomy":"journal","embeddable":true,"href":"https:\/\/wydawnictwo.ug.edu.pl\/en\/wp-json\/wp\/v2\/journal?post=46652"},{"taxonomy":"rodzaj","embeddable":true,"href":"https:\/\/wydawnictwo.ug.edu.pl\/en\/wp-json\/wp\/v2\/rodzaj?post=46652"},{"taxonomy":"seria","embeddable":true,"href":"https:\/\/wydawnictwo.ug.edu.pl\/en\/wp-json\/wp\/v2\/seria?post=46652"},{"taxonomy":"product_brand","embeddable":true,"href":"https:\/\/wydawnictwo.ug.edu.pl\/en\/wp-json\/wp\/v2\/product_brand?post=46652"},{"taxonomy":"product_cat","embeddable":true,"href":"https:\/\/wydawnictwo.ug.edu.pl\/en\/wp-json\/wp\/v2\/product_cat?post=46652"},{"taxonomy":"product_tag","embeddable":true,"href":"https:\/\/wydawnictwo.ug.edu.pl\/en\/wp-json\/wp\/v2\/product_tag?post=46652"}],"curies":[{"name":"wp","href":"https:\/\/api.w.org\/{rel}","templated":true}]}}