{"id":46651,"date":"2018-12-01T00:00:00","date_gmt":"2018-12-01T00:00:00","guid":{"rendered":"https:\/\/wydawnictwo.ug.edu.pl\/ksiegarnia-online\/uncategorized\/rzeczywistosc-dzwiekiem-spisana-studia-o-reportazu-radiowym\/"},"modified":"2026-02-11T15:35:53","modified_gmt":"2026-02-11T15:35:53","slug":"rzeczywistosc-dzwiekiem-spisana-studia-o-reportazu-radiowym","status":"publish","type":"product","link":"https:\/\/wydawnictwo.ug.edu.pl\/en\/ksiegarnia-online\/socjologia\/rzeczywistosc-dzwiekiem-spisana-studia-o-reportazu-radiowym\/","title":{"rendered":"Rzeczywisto\u015b\u0107 d\u017awi\u0119kiem spisana. Studia o reporta\u017cu radiowym"},"content":{"rendered":"","protected":false},"excerpt":{"rendered":"<p>Na polskim rynku wydawniczym, do tej pory ukaza\u0142y si\u0119 zaledwie dwie ksi\u0105\u017cki po\u015bwi\u0119cone reporta\u017cowi radiowemu. Ta propozycja doskonale uzupe\u0142nia wcze\u015bniejsze publikacje. Mo\u017ce by\u0107 przydatna dla medioznawc\u00f3w, ale szczeg\u00f3lnie dla student\u00f3w dziennikarstwa i praktykuj\u0105cych dziennikarzy jako inspiracja i podr\u0119cznik. Stanowi opracowanie teoretyczne, z rozbudowan\u0105 cz\u0119\u015bci\u0105 opisuj\u0105c\u0105 praktyczne realizacje.<\/p>\n","protected":false},"featured_media":17411,"template":"","meta":{"_acf_changed":false},"journal":[],"rodzaj":[],"seria":[],"product_brand":[],"product_cat":[6953],"product_tag":[8052],"class_list":{"0":"post-46651","1":"product","2":"type-product","3":"status-publish","4":"has-post-thumbnail","6":"product_cat-socjologia","7":"product_tag-monika-bialekmonika-bialek","8":"pa_rok-wydania-2019-en","10":"first","11":"outofstock","12":"taxable","13":"shipping-taxable","14":"purchasable","15":"product-type-simple"},"acf":[],"_links":{"self":[{"href":"https:\/\/wydawnictwo.ug.edu.pl\/en\/wp-json\/wp\/v2\/product\/46651","targetHints":{"allow":["GET"]}}],"collection":[{"href":"https:\/\/wydawnictwo.ug.edu.pl\/en\/wp-json\/wp\/v2\/product"}],"about":[{"href":"https:\/\/wydawnictwo.ug.edu.pl\/en\/wp-json\/wp\/v2\/types\/product"}],"wp:featuredmedia":[{"embeddable":true,"href":"https:\/\/wydawnictwo.ug.edu.pl\/en\/wp-json\/wp\/v2\/media\/17411"}],"wp:attachment":[{"href":"https:\/\/wydawnictwo.ug.edu.pl\/en\/wp-json\/wp\/v2\/media?parent=46651"}],"wp:term":[{"taxonomy":"journal","embeddable":true,"href":"https:\/\/wydawnictwo.ug.edu.pl\/en\/wp-json\/wp\/v2\/journal?post=46651"},{"taxonomy":"rodzaj","embeddable":true,"href":"https:\/\/wydawnictwo.ug.edu.pl\/en\/wp-json\/wp\/v2\/rodzaj?post=46651"},{"taxonomy":"seria","embeddable":true,"href":"https:\/\/wydawnictwo.ug.edu.pl\/en\/wp-json\/wp\/v2\/seria?post=46651"},{"taxonomy":"product_brand","embeddable":true,"href":"https:\/\/wydawnictwo.ug.edu.pl\/en\/wp-json\/wp\/v2\/product_brand?post=46651"},{"taxonomy":"product_cat","embeddable":true,"href":"https:\/\/wydawnictwo.ug.edu.pl\/en\/wp-json\/wp\/v2\/product_cat?post=46651"},{"taxonomy":"product_tag","embeddable":true,"href":"https:\/\/wydawnictwo.ug.edu.pl\/en\/wp-json\/wp\/v2\/product_tag?post=46651"}],"curies":[{"name":"wp","href":"https:\/\/api.w.org\/{rel}","templated":true}]}}