{"id":46650,"date":"2018-12-01T00:00:00","date_gmt":"2018-12-01T00:00:00","guid":{"rendered":"https:\/\/wydawnictwo.ug.edu.pl\/ksiegarnia-online\/uncategorized\/nazwiska-mieszkancow-parafii-paczewo-czarnylas-na-kociewiu-od-xvii-do-xix-w\/"},"modified":"2026-02-11T15:35:55","modified_gmt":"2026-02-11T15:35:55","slug":"nazwiska-mieszkancow-parafii-paczewo-czarnylas-na-kociewiu-od-xvii-do-xix-w","status":"publish","type":"product","link":"https:\/\/wydawnictwo.ug.edu.pl\/en\/ksiegarnia-online\/jezykoznawstwo\/nazwiska-mieszkancow-parafii-paczewo-czarnylas-na-kociewiu-od-xvii-do-xix-w\/","title":{"rendered":"Nazwiska mieszka\u0144c\u00f3w parafii P\u0105czewo-Czarnylas na Kociewiu od XVII do XIX w."},"content":{"rendered":"","protected":false},"excerpt":{"rendered":"<p>Ksi\u0105\u017cka pokazuje, w jaki spos\u00f3b kszta\u0142towa\u0142y si\u0119 nazwiska mieszka\u0144c\u00f3w jednej z najstarszych kociewskich wsi P\u0105czewo. Obok analizy typ\u00f3w nazwisk, ich motywacji i pozaj\u0119zykowych czynnik\u00f3w (w tym czynnik\u00f3w historycznych), kt\u00f3re mia\u0142y wp\u0142yw na powstanie nazwisk, ksi\u0105\u017cka zawiera obszerny s\u0142ownik nazwisk zawieraj\u0105cy informacje dotycz\u0105ce ich etymologii. Praca dotyczy blisko 2 tys. nazwisk g\u0142\u00f3wnie pochodzenia polskiego i niemieckiego. Publikacja zawiera indeks nazwisk.<\/p>\n","protected":false},"featured_media":17401,"template":"","meta":{"_acf_changed":false},"journal":[],"rodzaj":[7074],"seria":[],"product_brand":[],"product_cat":[6924],"product_tag":[8051],"class_list":{"0":"post-46650","1":"product","2":"type-product","3":"status-publish","4":"has-post-thumbnail","6":"rodzaj-ksiazki","7":"product_cat-jezykoznawstwo","8":"product_tag-michal-langemichal-lange","9":"pa_rok-wydania-2019-en","11":"first","12":"instock","13":"taxable","14":"shipping-taxable","15":"purchasable","16":"product-type-simple"},"acf":[],"_links":{"self":[{"href":"https:\/\/wydawnictwo.ug.edu.pl\/en\/wp-json\/wp\/v2\/product\/46650","targetHints":{"allow":["GET"]}}],"collection":[{"href":"https:\/\/wydawnictwo.ug.edu.pl\/en\/wp-json\/wp\/v2\/product"}],"about":[{"href":"https:\/\/wydawnictwo.ug.edu.pl\/en\/wp-json\/wp\/v2\/types\/product"}],"wp:featuredmedia":[{"embeddable":true,"href":"https:\/\/wydawnictwo.ug.edu.pl\/en\/wp-json\/wp\/v2\/media\/17401"}],"wp:attachment":[{"href":"https:\/\/wydawnictwo.ug.edu.pl\/en\/wp-json\/wp\/v2\/media?parent=46650"}],"wp:term":[{"taxonomy":"journal","embeddable":true,"href":"https:\/\/wydawnictwo.ug.edu.pl\/en\/wp-json\/wp\/v2\/journal?post=46650"},{"taxonomy":"rodzaj","embeddable":true,"href":"https:\/\/wydawnictwo.ug.edu.pl\/en\/wp-json\/wp\/v2\/rodzaj?post=46650"},{"taxonomy":"seria","embeddable":true,"href":"https:\/\/wydawnictwo.ug.edu.pl\/en\/wp-json\/wp\/v2\/seria?post=46650"},{"taxonomy":"product_brand","embeddable":true,"href":"https:\/\/wydawnictwo.ug.edu.pl\/en\/wp-json\/wp\/v2\/product_brand?post=46650"},{"taxonomy":"product_cat","embeddable":true,"href":"https:\/\/wydawnictwo.ug.edu.pl\/en\/wp-json\/wp\/v2\/product_cat?post=46650"},{"taxonomy":"product_tag","embeddable":true,"href":"https:\/\/wydawnictwo.ug.edu.pl\/en\/wp-json\/wp\/v2\/product_tag?post=46650"}],"curies":[{"name":"wp","href":"https:\/\/api.w.org\/{rel}","templated":true}]}}