{"id":46649,"date":"2018-12-01T00:00:00","date_gmt":"2018-12-01T00:00:00","guid":{"rendered":"https:\/\/wydawnictwo.ug.edu.pl\/ksiegarnia-online\/uncategorized\/rozwoj-bankowosci-islamskiej-uwarunkowania-problemy-perspektywy\/"},"modified":"2026-02-11T15:37:45","modified_gmt":"2026-02-11T15:37:45","slug":"rozwoj-bankowosci-islamskiej-uwarunkowania-problemy-perspektywy","status":"publish","type":"product","link":"https:\/\/wydawnictwo.ug.edu.pl\/en\/ksiegarnia-online\/ekonomia\/rozwoj-bankowosci-islamskiej-uwarunkowania-problemy-perspektywy\/","title":{"rendered":"Rozw\u00f3j bankowo\u015bci islamskiej. Uwarunkowania, problemy, perspektywy"},"content":{"rendered":"","protected":false},"excerpt":{"rendered":"<p>G\u0142\u00f3wnym celem niniejszej ksi\u0105\u017cki jest identyfikacja specyfiki, znaczenia, a tak\u017ce perspektyw rozwoju bankowo\u015bci islamskiej na \u015bwiecie. Zasady i warto\u015bci, na kt\u00f3rych opieraj\u0105 si\u0119 banki islamskie, si\u0119gaj\u0105 czas\u00f3w Mahometa, ale powsta\u0142y dopiero w latach 70. XX w. Przyczyni\u0142y si\u0119 do tego ruchy zwi\u0105zane z islamskim o\u017cywieniem, stawiaj\u0105ce sobie za cel odrodzenie spo\u0142eczne i kulturalne muzu\u0142ma\u0144skich spo\u0142ecze\u0144stw w duchu islamu oraz sprzeciw wobec kultury pa\u0144stw kolonialnych. Czynnikiem sprzyjaj\u0105cym powstaniu bankowo\u015bci islamskiej okaza\u0142 si\u0119 ponadto kryzys naftowy lat 70. Wysokie dochody nap\u0142ywaj\u0105ce do pa\u0144stw Zatoki Perskiej sta\u0142y si\u0119 g\u0142\u00f3wnym \u017ar\u00f3d\u0142em dla tworz\u0105cych si\u0119 w tamtym okresie bank\u00f3w islamskich. Podstaw\u0105 zasad, do kt\u00f3rych banki musz\u0105 si\u0119 stosowa\u0107, jest szariat, prawo religijne muzu\u0142man\u00f3w. Konieczno\u015b\u0107 ich przestrzegania jury\u015bci muzu\u0142ma\u0144scy staraj\u0105 si\u0119 udowodni\u0107, znajduj\u0105c odpowiednie odniesienia w Koranie oraz hadisach. Za najwa\u017cniejsz\u0105 z tych zasad uwa\u017ca si\u0119 zakaz oprocentowania (<em>riba)<\/em>. Pozosta\u0142e to m.in.: unikanie niepewno\u015bci (<em>gharar<\/em>) i zakaz spekulacji (<em>maysir<\/em>), nakaz p\u0142acenia ja\u0142mu\u017cny (<em>zakat<\/em>), zakaz inwestowania i handlowania produktami nielegalnymi\u00a0<em>(haram)<\/em>, a tak\u017ce dzielenie zysk\u00f3w i strat z przedsi\u0119wzi\u0119cia. Zasady te wp\u0142ywaj\u0105 na specyficzny charakter bankowo\u015bci islamskiej, kt\u00f3r\u0105 powinny charakteryzowa\u0107 trzy zasadnicze cechy. Po pierwsze, operacje bankowe nie mog\u0105 by\u0107 oparte na stopie procentowej. Po drugie, cel dzia\u0142alno\u015bci bank\u00f3w islamskich nie powinien by\u0107 czysto komercyjny. Po trzecie, ich dzia\u0142alno\u015b\u0107 powinna by\u0107 oparta o instrumenty w\u0142asno\u015bciowe.<\/p>\n","protected":false},"featured_media":17579,"template":"","meta":{"_acf_changed":false},"journal":[],"rodzaj":[],"seria":[],"product_brand":[],"product_cat":[6934],"product_tag":[],"class_list":{"0":"post-46649","1":"product","2":"type-product","3":"status-publish","4":"has-post-thumbnail","6":"product_cat-ekonomia","7":"pa_rok-wydania-2019-en","9":"first","10":"instock","11":"taxable","12":"shipping-taxable","13":"purchasable","14":"product-type-simple"},"acf":[],"_links":{"self":[{"href":"https:\/\/wydawnictwo.ug.edu.pl\/en\/wp-json\/wp\/v2\/product\/46649","targetHints":{"allow":["GET"]}}],"collection":[{"href":"https:\/\/wydawnictwo.ug.edu.pl\/en\/wp-json\/wp\/v2\/product"}],"about":[{"href":"https:\/\/wydawnictwo.ug.edu.pl\/en\/wp-json\/wp\/v2\/types\/product"}],"wp:featuredmedia":[{"embeddable":true,"href":"https:\/\/wydawnictwo.ug.edu.pl\/en\/wp-json\/wp\/v2\/media\/17579"}],"wp:attachment":[{"href":"https:\/\/wydawnictwo.ug.edu.pl\/en\/wp-json\/wp\/v2\/media?parent=46649"}],"wp:term":[{"taxonomy":"journal","embeddable":true,"href":"https:\/\/wydawnictwo.ug.edu.pl\/en\/wp-json\/wp\/v2\/journal?post=46649"},{"taxonomy":"rodzaj","embeddable":true,"href":"https:\/\/wydawnictwo.ug.edu.pl\/en\/wp-json\/wp\/v2\/rodzaj?post=46649"},{"taxonomy":"seria","embeddable":true,"href":"https:\/\/wydawnictwo.ug.edu.pl\/en\/wp-json\/wp\/v2\/seria?post=46649"},{"taxonomy":"product_brand","embeddable":true,"href":"https:\/\/wydawnictwo.ug.edu.pl\/en\/wp-json\/wp\/v2\/product_brand?post=46649"},{"taxonomy":"product_cat","embeddable":true,"href":"https:\/\/wydawnictwo.ug.edu.pl\/en\/wp-json\/wp\/v2\/product_cat?post=46649"},{"taxonomy":"product_tag","embeddable":true,"href":"https:\/\/wydawnictwo.ug.edu.pl\/en\/wp-json\/wp\/v2\/product_tag?post=46649"}],"curies":[{"name":"wp","href":"https:\/\/api.w.org\/{rel}","templated":true}]}}