{"id":46648,"date":"2018-12-01T00:00:00","date_gmt":"2018-12-01T00:00:00","guid":{"rendered":"https:\/\/wydawnictwo.ug.edu.pl\/ksiegarnia-online\/uncategorized\/studia-historica-gedanensia-x-historia-w-szkolnej-lawce-i-w-uniwersyteckiej-auli-nauczanie-ksztalcenie-wychowanie-przeszlosc-i-terazniejszosc\/"},"modified":"2026-02-11T15:35:56","modified_gmt":"2026-02-11T15:35:56","slug":"studia-historica-gedanensia-x-historia-w-szkolnej-lawce-i-w-uniwersyteckiej-auli-nauczanie-ksztalcenie-wychowanie-przeszlosc-i-terazniejszosc","status":"publish","type":"product","link":"https:\/\/wydawnictwo.ug.edu.pl\/en\/ksiegarnia-online\/historia\/studia-historica-gedanensia-x-historia-w-szkolnej-lawce-i-w-uniwersyteckiej-auli-nauczanie-ksztalcenie-wychowanie-przeszlosc-i-terazniejszosc\/","title":{"rendered":"Studia Historica Gedanensia X (2019)"},"content":{"rendered":"","protected":false},"excerpt":{"rendered":"<p><em>\u201e<\/em>Studia Historica Gedanensia X. Historia w szkolnej \u0142awce i w uniwersyteckiej auli. Nauczanie, kszta\u0142cenie, wychowanie. Przesz\u0142o\u015b\u0107 i tera\u017aniejszo\u015b\u0107\u201d<\/p>\n<p>Dziesi\u0105ty tom \u201eStudia Historica Gedanensia\u201d \u2013 czasopisma Wydzia\u0142u Historycznego Uniwersytetu Gda\u0144skiego, zatytu\u0142owany Historia w szkolnej \u0142awce i uniwersyteckiej auli. Nauczanie, kszta\u0142cenie, wychowanie \u2013 przesz\u0142o\u015b\u0107 i tera\u017aniejszo\u015b\u0107, zosta\u0142 przygotowany przez Zak\u0142ad Dydaktyki Historii Instytutu Historii. Grono Auto-r\u00f3w dziesi\u0105tego tomu SGH tworz\u0105 przede wszystkim historycy i dydaktycy historii z Polski, Kanady, Irlandii i Czech. Na prezentowany tom sk\u0142ada si\u0119 pi\u0119tna\u015bcie artyku\u0142\u00f3w, kt\u00f3re poruszaj\u0105 istotne problemy dla nauczania historii, edukacji nauczycieli, edukacji student\u00f3w, a tak\u017ce wp\u0142ywu czynnik\u00f3w spo\u0142ecznych, narodowo\u015bciowych i politycznych na kszta\u0142towanie \u015bwiadomo\u015bci historycznej spo\u0142ecze\u0144stw.<\/p>\n<p>\u201eStudia Historica Gedanensia\u201d to rocznik humanistyczny publikuj\u0105cy teksty o tematyce historycznej. Istnieje od 2010 r. Wydaje tomy tematyczne, z przydzielonymi do ka\u017cdego redaktorami tematycznymi. W ka\u017cdym z tom\u00f3w redakcja d\u0105\u017cy, aby obecne by\u0142y artyku\u0142y obejmuj\u0105ce epok\u0119 staro\u017cytno\u015bci, przez \u015bredniowiecze, czasy nowo\u017cytne, wiek XIX i XX.<\/p>\n<p><a href=\"https:\/\/ejournals.eu\/czasopismo\/studia-historica-gedanensia\/numer\/tom-12-2021-1\">Pobierz e-book<\/a><\/p>\n","protected":false},"featured_media":17397,"template":"","meta":{"_acf_changed":false},"journal":[7072],"rodzaj":[7077],"seria":[],"product_brand":[],"product_cat":[6958],"product_tag":[7526,8050],"class_list":{"0":"post-46648","1":"product","2":"type-product","3":"status-publish","4":"has-post-thumbnail","6":"journal-studia-historica-gedanensia","7":"rodzaj-czasopismo","8":"product_cat-historia","9":"product_tag-anna-paner","10":"product_tag-michal-kosznicki","12":"first","13":"outofstock","14":"taxable","15":"shipping-taxable","16":"product-type-simple"},"acf":[],"_links":{"self":[{"href":"https:\/\/wydawnictwo.ug.edu.pl\/en\/wp-json\/wp\/v2\/product\/46648","targetHints":{"allow":["GET"]}}],"collection":[{"href":"https:\/\/wydawnictwo.ug.edu.pl\/en\/wp-json\/wp\/v2\/product"}],"about":[{"href":"https:\/\/wydawnictwo.ug.edu.pl\/en\/wp-json\/wp\/v2\/types\/product"}],"wp:featuredmedia":[{"embeddable":true,"href":"https:\/\/wydawnictwo.ug.edu.pl\/en\/wp-json\/wp\/v2\/media\/17397"}],"wp:attachment":[{"href":"https:\/\/wydawnictwo.ug.edu.pl\/en\/wp-json\/wp\/v2\/media?parent=46648"}],"wp:term":[{"taxonomy":"journal","embeddable":true,"href":"https:\/\/wydawnictwo.ug.edu.pl\/en\/wp-json\/wp\/v2\/journal?post=46648"},{"taxonomy":"rodzaj","embeddable":true,"href":"https:\/\/wydawnictwo.ug.edu.pl\/en\/wp-json\/wp\/v2\/rodzaj?post=46648"},{"taxonomy":"seria","embeddable":true,"href":"https:\/\/wydawnictwo.ug.edu.pl\/en\/wp-json\/wp\/v2\/seria?post=46648"},{"taxonomy":"product_brand","embeddable":true,"href":"https:\/\/wydawnictwo.ug.edu.pl\/en\/wp-json\/wp\/v2\/product_brand?post=46648"},{"taxonomy":"product_cat","embeddable":true,"href":"https:\/\/wydawnictwo.ug.edu.pl\/en\/wp-json\/wp\/v2\/product_cat?post=46648"},{"taxonomy":"product_tag","embeddable":true,"href":"https:\/\/wydawnictwo.ug.edu.pl\/en\/wp-json\/wp\/v2\/product_tag?post=46648"}],"curies":[{"name":"wp","href":"https:\/\/api.w.org\/{rel}","templated":true}]}}