{"id":46645,"date":"2018-12-01T00:00:00","date_gmt":"2018-12-01T00:00:00","guid":{"rendered":"https:\/\/wydawnictwo.ug.edu.pl\/ksiegarnia-online\/uncategorized\/dzialalnosc-sadow-w-postepowaniach-restrukturyzacyjnych-i-upadlosciowych-bariery-funkcjonowania-i-instrumenty-poprawy-systemu-upadlosciowego-w-polsce\/"},"modified":"2026-02-11T15:34:48","modified_gmt":"2026-02-11T15:34:48","slug":"dzialalnosc-sadow-w-postepowaniach-restrukturyzacyjnych-i-upadlosciowych-bariery-funkcjonowania-i-instrumenty-poprawy-systemu-upadlosciowego-w-polsce","status":"publish","type":"product","link":"https:\/\/wydawnictwo.ug.edu.pl\/en\/ksiegarnia-online\/prawo-i-administracja\/dzialalnosc-sadow-w-postepowaniach-restrukturyzacyjnych-i-upadlosciowych-bariery-funkcjonowania-i-instrumenty-poprawy-systemu-upadlosciowego-w-polsce\/","title":{"rendered":"Dzia\u0142alno\u015b\u0107 s\u0105d\u00f3w w post\u0119powaniach restrukturyzacyjnych i upad\u0142o\u015bciowych: bariery funkcjonowania i instrumenty poprawy systemu upad\u0142o\u015bciowego w Polsce"},"content":{"rendered":"","protected":false},"excerpt":{"rendered":"<p>Niniejsza publikacja powsta\u0142a w zwi\u0105zku z prowadzonymi w okresie 1.01.2017\u201330.04.2019 badaniami naukowymi pracownik\u00f3w Wydzia\u0142u Prawa i Administracji Uniwersytetu Gda\u0144skiego w ramach projektu ACURIA \u2013 Assessing Courts&#8217; Undertaking of Restructuring and lnsolvency Actions: best practices, blockages and ways of improvement (Ocena dzia\u0142alno\u015bci s\u0105d\u00f3w w post\u0119powaniach restrukturyzacyjnych i upad\u0142o\u015bciowych: najlepsze praktyki, bariery i sposoby poprawy). Celem projektu finansowanego przez Komisj\u0119 Europejsk\u0105 by\u0142o okre\u015blenie czynnik\u00f3w usprawniaj\u0105cych oraz blokuj\u0105cych przeprowadzenie efektywnych post\u0119powa\u0144 upad\u0142o\u015bciowych i restrukturyzacyjnych.<\/p>\n<p>Prawnopor\u00f3wnawczy punkt odniesienia dla przedmiotowych kwestii, obejmuj\u0105cy porz\u0105dki prawne czterech pa\u0144stw Unii Europejskiej, zapewni\u0142a wsp\u00f3\u0142praca naukowc\u00f3w Uniwersytetu Gda\u0144skiego z przedstawicielami uczelni z Holandii (Universiteit Maastricht), Portugalii (Centro de Estudos Sociais z siedzib\u0105 w Coimbrze) oraz W\u0142och (Universita Degli Studi Di Firenze).<\/p>\n<p>Jednym z najpowa\u017cniejszych wyzwa\u0144 dla wszystkich uczestnik\u00f3w projektu by\u0142o wprowadzenie perspektywy praktycznej s\u0142u\u017c\u0105cej do konfrontacji\u00a0<em>law in books<\/em>\u00a0z\u00a0<em>law in action<\/em>. W tym celu przeprowadzono badania akt s\u0105dowych, a tak\u017ce zestandaryzowane wywiady z interesariuszami post\u0119powa\u0144. Przyj\u0119ta metodologia pozwoli\u0142a na uwzgl\u0119dnienie do\u015bwiadcze\u0144 r\u00f3\u017cnych grup uczestnik\u00f3w post\u0119powa\u0144 upad\u0142o\u015bciowych oraz restrukturyzacyjnych i stanowi\u0142a niew\u0105tpliwy walor projektu ACURIA.<\/p>\n","protected":false},"featured_media":15561,"template":"","meta":{"_acf_changed":false},"journal":[],"rodzaj":[],"seria":[],"product_brand":[],"product_cat":[6932],"product_tag":[7728,7753,8048],"class_list":{"0":"post-46645","1":"product","2":"type-product","3":"status-publish","4":"has-post-thumbnail","6":"product_cat-prawo-i-administracja","7":"product_tag-anna-machnikowska","8":"product_tag-joanna-kruczalak-jankowskajoanna-kruczalak-jankowska","9":"product_tag-monika-masnicka","11":"first","12":"outofstock","13":"taxable","14":"shipping-taxable","15":"purchasable","16":"product-type-simple"},"acf":[],"_links":{"self":[{"href":"https:\/\/wydawnictwo.ug.edu.pl\/en\/wp-json\/wp\/v2\/product\/46645","targetHints":{"allow":["GET"]}}],"collection":[{"href":"https:\/\/wydawnictwo.ug.edu.pl\/en\/wp-json\/wp\/v2\/product"}],"about":[{"href":"https:\/\/wydawnictwo.ug.edu.pl\/en\/wp-json\/wp\/v2\/types\/product"}],"wp:featuredmedia":[{"embeddable":true,"href":"https:\/\/wydawnictwo.ug.edu.pl\/en\/wp-json\/wp\/v2\/media\/15561"}],"wp:attachment":[{"href":"https:\/\/wydawnictwo.ug.edu.pl\/en\/wp-json\/wp\/v2\/media?parent=46645"}],"wp:term":[{"taxonomy":"journal","embeddable":true,"href":"https:\/\/wydawnictwo.ug.edu.pl\/en\/wp-json\/wp\/v2\/journal?post=46645"},{"taxonomy":"rodzaj","embeddable":true,"href":"https:\/\/wydawnictwo.ug.edu.pl\/en\/wp-json\/wp\/v2\/rodzaj?post=46645"},{"taxonomy":"seria","embeddable":true,"href":"https:\/\/wydawnictwo.ug.edu.pl\/en\/wp-json\/wp\/v2\/seria?post=46645"},{"taxonomy":"product_brand","embeddable":true,"href":"https:\/\/wydawnictwo.ug.edu.pl\/en\/wp-json\/wp\/v2\/product_brand?post=46645"},{"taxonomy":"product_cat","embeddable":true,"href":"https:\/\/wydawnictwo.ug.edu.pl\/en\/wp-json\/wp\/v2\/product_cat?post=46645"},{"taxonomy":"product_tag","embeddable":true,"href":"https:\/\/wydawnictwo.ug.edu.pl\/en\/wp-json\/wp\/v2\/product_tag?post=46645"}],"curies":[{"name":"wp","href":"https:\/\/api.w.org\/{rel}","templated":true}]}}