{"id":46644,"date":"2018-12-01T00:00:00","date_gmt":"2018-12-01T00:00:00","guid":{"rendered":"https:\/\/wydawnictwo.ug.edu.pl\/ksiegarnia-online\/uncategorized\/egzekucja-nadzoru-konserwatorskiego\/"},"modified":"2026-02-11T15:34:45","modified_gmt":"2026-02-11T15:34:45","slug":"egzekucja-nadzoru-konserwatorskiego","status":"publish","type":"product","link":"https:\/\/wydawnictwo.ug.edu.pl\/en\/ksiegarnia-online\/prawo-i-administracja\/egzekucja-nadzoru-konserwatorskiego\/","title":{"rendered":"Egzekucja nadzoru konserwatorskiego"},"content":{"rendered":"","protected":false},"excerpt":{"rendered":"<p>Egzekwowanie obowi\u0105zku ochrony zabytk\u00f3w i opieki nad zabytkami jest niezwykle wa\u017cnym etapem realizowania obowi\u0105zku ochrony\u00a0dziedzictwa, kt\u00f3ry dope\u0142niany jest nie tylko w administracyjnym post\u0119powaniu egzekucyjnym, lecz r\u00f3wnie\u017c w post\u0119powaniu administracyjnym oraz w\u00a0 post\u0119powaniu s\u0105dowoadministracyjnym. Jednak\u017ce praktyka nie wsp\u00f3\u0142gra z teori\u0105, co sprawia, \u017ce przepisy dotycz\u0105ce nadzoru konserwatorskiego nie s\u0105 w\u00a0 znacznym stopniu egzekwowane. Wobec tego mo\u017cna zaryzykowa\u0107 stwierdzenie, \u017ce egzekwowanie nadzoru konserwatorskiego by\u0142o\u00a0<em>ab ovo\u00a0<\/em>marginalizowane, co\u00a0sta\u0142o si\u0119 jedn\u0105 z przyczyn odst\u0119powania przez wojew\u00f3dzkich konserwator\u00f3w zabytk\u00f3w od wszczynania administracyjnych post\u0119powa\u0144 egzekucyjnych na\u00a0 rzecz zawiadamiania policji lub prokuratury o\u00a0 pope\u0142nionych przez dysponent\u00f3w zabytk\u00f3w przest\u0119pstwach przeciwko zabytkom, co nie wp\u0142yn\u0119\u0142o wymiernie na wyegzekwowanie obowi\u0105zku ochrony zabytk\u00f3w i opieki nad nimi. Przyj\u0119ta praktyka ogranicza si\u0119 do karania dysponent\u00f3w zabytk\u00f3w, jednocze\u015bnie nie przyczyniaj\u0105c si\u0119 do ratowania zagro\u017conego dziedzictwa.<\/p>\n<p>Ksi\u0105\u017cka otrzyma\u0142a I nagrod\u0119 w <a href=\"https:\/\/wydawnictwo.ug.edu.pl\/nominacje-i-nagrody\/rozstrzygniecie-konkursu-wydawnictwa-uniwersytetu-gdanskiego-2019\/\">Konkursie Wydawnictwa UG<\/a> 2019 w kategorii Najlepsza ksi\u0105\u017cka przedstawiaj\u0105ca rezultaty pracy doktorskiej.<\/p>\n","protected":false},"featured_media":15764,"template":"","meta":{"_acf_changed":false},"journal":[],"rodzaj":[7076],"seria":[7078],"product_brand":[],"product_cat":[6932],"product_tag":[8047],"class_list":{"0":"post-46644","1":"product","2":"type-product","3":"status-publish","4":"has-post-thumbnail","6":"rodzaj-serie-wydawnicze","7":"seria-biblioteka-prawa-ochrony-zabytkow","8":"product_cat-prawo-i-administracja","9":"product_tag-zaneta-gwardzinskazaneta-gwardzinska","10":"pa_rok-wydania-2019-en","12":"first","13":"outofstock","14":"taxable","15":"shipping-taxable","16":"purchasable","17":"product-type-simple"},"acf":[],"_links":{"self":[{"href":"https:\/\/wydawnictwo.ug.edu.pl\/en\/wp-json\/wp\/v2\/product\/46644","targetHints":{"allow":["GET"]}}],"collection":[{"href":"https:\/\/wydawnictwo.ug.edu.pl\/en\/wp-json\/wp\/v2\/product"}],"about":[{"href":"https:\/\/wydawnictwo.ug.edu.pl\/en\/wp-json\/wp\/v2\/types\/product"}],"wp:featuredmedia":[{"embeddable":true,"href":"https:\/\/wydawnictwo.ug.edu.pl\/en\/wp-json\/wp\/v2\/media\/15764"}],"wp:attachment":[{"href":"https:\/\/wydawnictwo.ug.edu.pl\/en\/wp-json\/wp\/v2\/media?parent=46644"}],"wp:term":[{"taxonomy":"journal","embeddable":true,"href":"https:\/\/wydawnictwo.ug.edu.pl\/en\/wp-json\/wp\/v2\/journal?post=46644"},{"taxonomy":"rodzaj","embeddable":true,"href":"https:\/\/wydawnictwo.ug.edu.pl\/en\/wp-json\/wp\/v2\/rodzaj?post=46644"},{"taxonomy":"seria","embeddable":true,"href":"https:\/\/wydawnictwo.ug.edu.pl\/en\/wp-json\/wp\/v2\/seria?post=46644"},{"taxonomy":"product_brand","embeddable":true,"href":"https:\/\/wydawnictwo.ug.edu.pl\/en\/wp-json\/wp\/v2\/product_brand?post=46644"},{"taxonomy":"product_cat","embeddable":true,"href":"https:\/\/wydawnictwo.ug.edu.pl\/en\/wp-json\/wp\/v2\/product_cat?post=46644"},{"taxonomy":"product_tag","embeddable":true,"href":"https:\/\/wydawnictwo.ug.edu.pl\/en\/wp-json\/wp\/v2\/product_tag?post=46644"}],"curies":[{"name":"wp","href":"https:\/\/api.w.org\/{rel}","templated":true}]}}