{"id":46643,"date":"2018-12-01T00:00:00","date_gmt":"2018-12-01T00:00:00","guid":{"rendered":"https:\/\/wydawnictwo.ug.edu.pl\/ksiegarnia-online\/uncategorized\/zastosowanie-matematyki-w-ekonomii-i-zarzadzaniu-mathematical-applications-in-economics-and-management\/"},"modified":"2026-02-11T15:36:07","modified_gmt":"2026-02-11T15:36:07","slug":"zastosowanie-matematyki-w-ekonomii-i-zarzadzaniu-mathematical-applications-in-economics-and-management","status":"publish","type":"product","link":"https:\/\/wydawnictwo.ug.edu.pl\/en\/ksiegarnia-online\/matematyka-i-informatyka\/zastosowanie-matematyki-w-ekonomii-i-zarzadzaniu-mathematical-applications-in-economics-and-management\/","title":{"rendered":"Zastosowanie matematyki w ekonomii i zarz\u0105dzaniu \/ Mathematical applications in economics and management"},"content":{"rendered":"","protected":false},"excerpt":{"rendered":"<p>Wydanie drugie podr\u0119cznika do matematyki dla student\u00f3w kierunk\u00f3w ekonomicznych uzupe\u0142nione o wersj\u0119 angielsk\u0105.<\/p>\n","protected":false},"featured_media":16259,"template":"","meta":{"_acf_changed":false},"journal":[],"rodzaj":[2605],"seria":[],"product_brand":[],"product_cat":[275],"product_tag":[310,416],"class_list":{"0":"post-46643","1":"product","2":"type-product","3":"status-publish","4":"has-post-thumbnail","6":"rodzaj-podreczniki","7":"product_cat-matematyka-i-informatyka","8":"product_tag-elzbieta-babula","9":"product_tag-leszek-czerwonka","10":"pa_rok-wydania-899","12":"first","13":"instock","14":"taxable","15":"shipping-taxable","16":"purchasable","17":"product-type-simple"},"acf":[],"_links":{"self":[{"href":"https:\/\/wydawnictwo.ug.edu.pl\/en\/wp-json\/wp\/v2\/product\/46643","targetHints":{"allow":["GET"]}}],"collection":[{"href":"https:\/\/wydawnictwo.ug.edu.pl\/en\/wp-json\/wp\/v2\/product"}],"about":[{"href":"https:\/\/wydawnictwo.ug.edu.pl\/en\/wp-json\/wp\/v2\/types\/product"}],"wp:featuredmedia":[{"embeddable":true,"href":"https:\/\/wydawnictwo.ug.edu.pl\/en\/wp-json\/wp\/v2\/media\/16259"}],"wp:attachment":[{"href":"https:\/\/wydawnictwo.ug.edu.pl\/en\/wp-json\/wp\/v2\/media?parent=46643"}],"wp:term":[{"taxonomy":"journal","embeddable":true,"href":"https:\/\/wydawnictwo.ug.edu.pl\/en\/wp-json\/wp\/v2\/journal?post=46643"},{"taxonomy":"rodzaj","embeddable":true,"href":"https:\/\/wydawnictwo.ug.edu.pl\/en\/wp-json\/wp\/v2\/rodzaj?post=46643"},{"taxonomy":"seria","embeddable":true,"href":"https:\/\/wydawnictwo.ug.edu.pl\/en\/wp-json\/wp\/v2\/seria?post=46643"},{"taxonomy":"product_brand","embeddable":true,"href":"https:\/\/wydawnictwo.ug.edu.pl\/en\/wp-json\/wp\/v2\/product_brand?post=46643"},{"taxonomy":"product_cat","embeddable":true,"href":"https:\/\/wydawnictwo.ug.edu.pl\/en\/wp-json\/wp\/v2\/product_cat?post=46643"},{"taxonomy":"product_tag","embeddable":true,"href":"https:\/\/wydawnictwo.ug.edu.pl\/en\/wp-json\/wp\/v2\/product_tag?post=46643"}],"curies":[{"name":"wp","href":"https:\/\/api.w.org\/{rel}","templated":true}]}}