{"id":46642,"date":"2018-12-01T00:01:00","date_gmt":"2018-12-01T00:01:00","guid":{"rendered":"https:\/\/wydawnictwo.ug.edu.pl\/ksiegarnia-online\/uncategorized\/reputacja-przedsiebiorstwa-a-zachowania-inwestorow-gieldowych-podejscie-eksperymentalne\/"},"modified":"2026-02-11T15:34:53","modified_gmt":"2026-02-11T15:34:53","slug":"reputacja-przedsiebiorstwa-a-zachowania-inwestorow-gieldowych-podejscie-eksperymentalne","status":"publish","type":"product","link":"https:\/\/wydawnictwo.ug.edu.pl\/en\/ksiegarnia-online\/ekonomia\/reputacja-przedsiebiorstwa-a-zachowania-inwestorow-gieldowych-podejscie-eksperymentalne\/","title":{"rendered":"Reputacja przedsi\u0119biorstwa a zachowania inwestor\u00f3w gie\u0142dowych. Podej\u015bcie eksperymentalne"},"content":{"rendered":"","protected":false},"excerpt":{"rendered":"<p>Problematyka podj\u0119ta w ksi\u0105\u017cce dotyczy reputacji przedsi\u0119biorstw, jako czynnika maj\u0105cego wp\u0142yw na zachowania inwestor\u00f3w gie\u0142dowych. Wpisuje si\u0119 ona w zakres mikroekonomicznej teorii podejmowania decyzji przez podmioty rynkowe oraz w nurt ekonomii behawioralnej czy tez finans\u00f3w behawioralnych.<\/p>\n<p>Dotychczasowe teorie, opisuj\u0105ce decyzje inwestor\u00f3w gie\u0142dowych, koncentrowa\u0142y si\u0119 g\u0142\u00f3wnie na takich determinantach jak wyniki finansowe, nap\u0142yw nowych informacji, czy te\u017c czynniki psychologiczne. Niewiele miejsca w literaturze po\u015bwi\u0119cono wp\u0142ywowi reputacji przedsi\u0119biorstwa na zachowania inwestor\u00f3w gie\u0142dowych. Dotychczasowe badania w zakresie reputacji przedsi\u0119biorstw koncentrowa\u0142y si\u0119 raczej na budowaniu jej i zarz\u0105dzaniu ni\u0105 w kontek\u015bcie relacji z\u00a0klientami. Liczba bada\u0144 dotycz\u0105cych wp\u0142ywu reputacji na zachowania i decyzje pozosta\u0142ych interesariuszy jest znikoma.<\/p>\n<p>Celem niniejszej ksi\u0105\u017cki jest wype\u0142nienie tych luk poprzez kompleksow\u0105 analiz\u0119 reputacji przedsi\u0119biorstwa: jej definicji, wielowymiarowego wp\u0142ywu na funkcjonowanie i wyniki organizacji, metod pomiaru reputacji, a tak\u017ce poprzez przeprowadzenie eksperymentu ekonomicznego imituj\u0105cego warunki gie\u0142dowe. Badanie to pozwoli na okre\u015blenie czynnik\u00f3w behawioralnych i spo\u0142ecznych wp\u0142ywaj\u0105cych na postrzeganie reputacji.<\/p>\n","protected":false},"featured_media":15044,"template":"","meta":{"_acf_changed":false},"journal":[],"rodzaj":[],"seria":[],"product_brand":[],"product_cat":[6934],"product_tag":[],"class_list":{"0":"post-46642","1":"product","2":"type-product","3":"status-publish","4":"has-post-thumbnail","6":"product_cat-ekonomia","8":"first","9":"outofstock","10":"taxable","11":"shipping-taxable","12":"purchasable","13":"product-type-simple"},"acf":[],"_links":{"self":[{"href":"https:\/\/wydawnictwo.ug.edu.pl\/en\/wp-json\/wp\/v2\/product\/46642","targetHints":{"allow":["GET"]}}],"collection":[{"href":"https:\/\/wydawnictwo.ug.edu.pl\/en\/wp-json\/wp\/v2\/product"}],"about":[{"href":"https:\/\/wydawnictwo.ug.edu.pl\/en\/wp-json\/wp\/v2\/types\/product"}],"wp:featuredmedia":[{"embeddable":true,"href":"https:\/\/wydawnictwo.ug.edu.pl\/en\/wp-json\/wp\/v2\/media\/15044"}],"wp:attachment":[{"href":"https:\/\/wydawnictwo.ug.edu.pl\/en\/wp-json\/wp\/v2\/media?parent=46642"}],"wp:term":[{"taxonomy":"journal","embeddable":true,"href":"https:\/\/wydawnictwo.ug.edu.pl\/en\/wp-json\/wp\/v2\/journal?post=46642"},{"taxonomy":"rodzaj","embeddable":true,"href":"https:\/\/wydawnictwo.ug.edu.pl\/en\/wp-json\/wp\/v2\/rodzaj?post=46642"},{"taxonomy":"seria","embeddable":true,"href":"https:\/\/wydawnictwo.ug.edu.pl\/en\/wp-json\/wp\/v2\/seria?post=46642"},{"taxonomy":"product_brand","embeddable":true,"href":"https:\/\/wydawnictwo.ug.edu.pl\/en\/wp-json\/wp\/v2\/product_brand?post=46642"},{"taxonomy":"product_cat","embeddable":true,"href":"https:\/\/wydawnictwo.ug.edu.pl\/en\/wp-json\/wp\/v2\/product_cat?post=46642"},{"taxonomy":"product_tag","embeddable":true,"href":"https:\/\/wydawnictwo.ug.edu.pl\/en\/wp-json\/wp\/v2\/product_tag?post=46642"}],"curies":[{"name":"wp","href":"https:\/\/api.w.org\/{rel}","templated":true}]}}