{"id":46640,"date":"2018-12-02T00:00:00","date_gmt":"2018-12-02T00:00:00","guid":{"rendered":"https:\/\/wydawnictwo.ug.edu.pl\/ksiegarnia-online\/uncategorized\/powtarzali-za-lom-za-lom-za-lom-i-tak-powstala-lomza-o-etymologiach-nienaukowych-nazw-miejscowosci-powiatu-lomzynskiego\/"},"modified":"2026-02-11T15:33:40","modified_gmt":"2026-02-11T15:33:40","slug":"powtarzali-za-lom-za-lom-za-lom-i-tak-powstala-lomza-o-etymologiach-nienaukowych-nazw-miejscowosci-powiatu-lomzynskiego","status":"publish","type":"product","link":"https:\/\/wydawnictwo.ug.edu.pl\/en\/ksiegarnia-online\/jezykoznawstwo\/powtarzali-za-lom-za-lom-za-lom-i-tak-powstala-lomza-o-etymologiach-nienaukowych-nazw-miejscowosci-powiatu-lomzynskiego\/","title":{"rendered":"Powtarzali za-\u0142om-za-\u0142om-za-\u0142om i tak powsta\u0142a \u0141omza&#8230; O etymologiach nienaukowych nazw miejscowo\u015bci powiatu \u0142om\u017cy\u0144skiego"},"content":{"rendered":"","protected":false},"excerpt":{"rendered":"<p>Autorka na podstawie obszernej literatury przedmiotu przedstawia koncepcje interpretowania istoty etymologii nienaukowej\/ludowej \u2013 por\u00f3wnuje r\u00f3\u017cne uj\u0119cia i zajmuje wobec tych pogl\u0105d\u00f3w w\u0142asne stanowisko. Trafne jest potraktowanie etymologii nienaukowej \u201ejako pewnego fenomenu j\u0119zykowo-kulturowego\u201d.\u00a0Ksi\u0105\u017cka prezentuje wysoki poziom naukowy, wzbogaca nie tylko j\u0119zykoznawstwo polonistyczne, ale r\u00f3wnie\u017c \u2013 i to przede wszystkim \u2013 j\u0119zykoznawstwo teoretyczne i og\u00f3lne.<\/p>\n<p><em>Z recenzji prof. Tadeusza Lewaszkiewicza<\/em><\/p>\n","protected":false},"featured_media":15054,"template":"","meta":{"_acf_changed":false},"journal":[],"rodzaj":[7074],"seria":[],"product_brand":[],"product_cat":[6924],"product_tag":[8025],"class_list":{"0":"post-46640","1":"product","2":"type-product","3":"status-publish","4":"has-post-thumbnail","6":"rodzaj-ksiazki","7":"product_cat-jezykoznawstwo","8":"product_tag-ewa-rogowska-cybulska","10":"first","11":"outofstock","12":"taxable","13":"shipping-taxable","14":"product-type-simple"},"acf":[],"_links":{"self":[{"href":"https:\/\/wydawnictwo.ug.edu.pl\/en\/wp-json\/wp\/v2\/product\/46640","targetHints":{"allow":["GET"]}}],"collection":[{"href":"https:\/\/wydawnictwo.ug.edu.pl\/en\/wp-json\/wp\/v2\/product"}],"about":[{"href":"https:\/\/wydawnictwo.ug.edu.pl\/en\/wp-json\/wp\/v2\/types\/product"}],"wp:featuredmedia":[{"embeddable":true,"href":"https:\/\/wydawnictwo.ug.edu.pl\/en\/wp-json\/wp\/v2\/media\/15054"}],"wp:attachment":[{"href":"https:\/\/wydawnictwo.ug.edu.pl\/en\/wp-json\/wp\/v2\/media?parent=46640"}],"wp:term":[{"taxonomy":"journal","embeddable":true,"href":"https:\/\/wydawnictwo.ug.edu.pl\/en\/wp-json\/wp\/v2\/journal?post=46640"},{"taxonomy":"rodzaj","embeddable":true,"href":"https:\/\/wydawnictwo.ug.edu.pl\/en\/wp-json\/wp\/v2\/rodzaj?post=46640"},{"taxonomy":"seria","embeddable":true,"href":"https:\/\/wydawnictwo.ug.edu.pl\/en\/wp-json\/wp\/v2\/seria?post=46640"},{"taxonomy":"product_brand","embeddable":true,"href":"https:\/\/wydawnictwo.ug.edu.pl\/en\/wp-json\/wp\/v2\/product_brand?post=46640"},{"taxonomy":"product_cat","embeddable":true,"href":"https:\/\/wydawnictwo.ug.edu.pl\/en\/wp-json\/wp\/v2\/product_cat?post=46640"},{"taxonomy":"product_tag","embeddable":true,"href":"https:\/\/wydawnictwo.ug.edu.pl\/en\/wp-json\/wp\/v2\/product_tag?post=46640"}],"curies":[{"name":"wp","href":"https:\/\/api.w.org\/{rel}","templated":true}]}}