{"id":46639,"date":"2018-12-02T00:00:00","date_gmt":"2018-12-02T00:00:00","guid":{"rendered":"https:\/\/wydawnictwo.ug.edu.pl\/ksiegarnia-online\/uncategorized\/tropami-wielokrotnosci\/"},"modified":"2026-02-11T15:33:42","modified_gmt":"2026-02-11T15:33:42","slug":"tropami-wielokrotnosci","status":"publish","type":"product","link":"https:\/\/wydawnictwo.ug.edu.pl\/en\/ksiegarnia-online\/historia-sztuki-i-kulturoznawstwo\/tropami-wielokrotnosci\/","title":{"rendered":"Tropami wielokrotno\u015bci"},"content":{"rendered":"","protected":false},"excerpt":{"rendered":"<p>Pozornie synonimiczne poj\u0119cia \u201etropu\u201d przywo\u0142anego w tytule monografii oraz \u201e\u015bladu\u201d z cytowanego eseju Jacques\u2019a Derridy, po g\u0142\u0119bszym namy\u015ble, nabieraj\u0105 r\u00f3\u017cnych odcieni znaczeniowych. S\u0142owo \u201etrop\u201d wydaje si\u0119 mniej naznaczone pi\u0119tnem rozwa\u017ca\u0144 filozoficzno-literaturoznawczych ni\u017c \u201e\u015blad\u201d, kt\u00f3ry to termin ze wzgl\u0119du na obci\u0105\u017cenia tradycj\u0105 teorii metafizycznej, religijno-etycznej czy niemetafizycznej jest zagadnieniem niejednolitym.<\/p>\n<p>Autorka\u00a0porusza si\u0119 tropami idei wielokrotno\u015bci w sztuce polskiej dw\u00f3ch kolejnych dziesi\u0119cioleci \u2013 lat 60. i 70. XX wieku. Poniewa\u017c podmiotem bada\u0144 jest zar\u00f3wno czynno\u015b\u0107, jak i jej efekt, powstaje oryginalna i trudna do kompletnego ogl\u0105du przestrze\u0144 poj\u0119\u0107, zdarze\u0144, zjawisk. O obszerno\u015bci, ale i wadze zagadnienia mo\u017ce \u015bwiadczy\u0107 praktyka artystyczna dostarczaj\u0105ca wielu przyk\u0142ad\u00f3w (materia\u0142u badawczego) oraz refleksja teoretyczna czy artystyczno-teoretyczna. \u015awiadomo\u015b\u0107 niemo\u017cliwo\u015bci sprostania tak szeroko rozumianej totalnej problematyce sk\u0142oni\u0142a mnie do skupienia si\u0119 na wybranych zagadnieniach. Chodzi zatem o to, by uwa\u017cnie si\u0119 przyjrze\u0107 poszczeg\u00f3lnym praktykom artystycznym, gdzie powt\u00f3rzenie zosta\u0142o wykorzystane oraz jakie idee ono wygenerowa\u0142o.<\/p>\n","protected":false},"featured_media":15051,"template":"","meta":{"_acf_changed":false},"journal":[],"rodzaj":[7074],"seria":[],"product_brand":[],"product_cat":[6936],"product_tag":[8045],"class_list":{"0":"post-46639","1":"product","2":"type-product","3":"status-publish","4":"has-post-thumbnail","6":"rodzaj-ksiazki","7":"product_cat-historia-sztuki-i-kulturoznawstwo","8":"product_tag-magdalena-howorus-czajka","10":"first","11":"outofstock","12":"taxable","13":"shipping-taxable","14":"product-type-simple"},"acf":[],"_links":{"self":[{"href":"https:\/\/wydawnictwo.ug.edu.pl\/en\/wp-json\/wp\/v2\/product\/46639","targetHints":{"allow":["GET"]}}],"collection":[{"href":"https:\/\/wydawnictwo.ug.edu.pl\/en\/wp-json\/wp\/v2\/product"}],"about":[{"href":"https:\/\/wydawnictwo.ug.edu.pl\/en\/wp-json\/wp\/v2\/types\/product"}],"wp:featuredmedia":[{"embeddable":true,"href":"https:\/\/wydawnictwo.ug.edu.pl\/en\/wp-json\/wp\/v2\/media\/15051"}],"wp:attachment":[{"href":"https:\/\/wydawnictwo.ug.edu.pl\/en\/wp-json\/wp\/v2\/media?parent=46639"}],"wp:term":[{"taxonomy":"journal","embeddable":true,"href":"https:\/\/wydawnictwo.ug.edu.pl\/en\/wp-json\/wp\/v2\/journal?post=46639"},{"taxonomy":"rodzaj","embeddable":true,"href":"https:\/\/wydawnictwo.ug.edu.pl\/en\/wp-json\/wp\/v2\/rodzaj?post=46639"},{"taxonomy":"seria","embeddable":true,"href":"https:\/\/wydawnictwo.ug.edu.pl\/en\/wp-json\/wp\/v2\/seria?post=46639"},{"taxonomy":"product_brand","embeddable":true,"href":"https:\/\/wydawnictwo.ug.edu.pl\/en\/wp-json\/wp\/v2\/product_brand?post=46639"},{"taxonomy":"product_cat","embeddable":true,"href":"https:\/\/wydawnictwo.ug.edu.pl\/en\/wp-json\/wp\/v2\/product_cat?post=46639"},{"taxonomy":"product_tag","embeddable":true,"href":"https:\/\/wydawnictwo.ug.edu.pl\/en\/wp-json\/wp\/v2\/product_tag?post=46639"}],"curies":[{"name":"wp","href":"https:\/\/api.w.org\/{rel}","templated":true}]}}