{"id":46638,"date":"2018-12-02T00:00:00","date_gmt":"2018-12-02T00:00:00","guid":{"rendered":"https:\/\/wydawnictwo.ug.edu.pl\/ksiegarnia-online\/uncategorized\/zasada-wzajemnego-zaufania-panstw-czlonkowskich-ue-do-swoich-wymiarow-sprawiedliwosci\/"},"modified":"2026-02-11T15:33:42","modified_gmt":"2026-02-11T15:33:42","slug":"zasada-wzajemnego-zaufania-panstw-czlonkowskich-ue-do-swoich-wymiarow-sprawiedliwosci","status":"publish","type":"product","link":"https:\/\/wydawnictwo.ug.edu.pl\/en\/ksiegarnia-online\/prawo-i-administracja\/zasada-wzajemnego-zaufania-panstw-czlonkowskich-ue-do-swoich-wymiarow-sprawiedliwosci\/","title":{"rendered":"Zasada wzajemnego zaufania pa\u0144stw cz\u0142onkowskich UE do swoich wymiar\u00f3w sprawiedliwo\u015bci"},"content":{"rendered":"","protected":false},"excerpt":{"rendered":"<p>Stworzony w ramach integracji europejskiej rynek wewn\u0119trzny wymaga\u0142 podj\u0119cia dzia\u0142a\u0144 w zakresie przestrzeni wolno\u015bci, bezpiecze\u0144stwa i sprawiedliwo\u015bci. W tym obszarze szczeg\u00f3lne znaczenia ma wsp\u00f3\u0142praca s\u0105dowa, kt\u00f3ra pozwala na pe\u0142ne wykorzystanie wsp\u00f3lnego projektu bez szkody dla bezpiecze\u0144stwa obywateli. Wsp\u00f3\u0142praca s\u0105dowa, zar\u00f3wno w sprawach cywilnych, jak i karnych opiera si\u0119 na zasadzie wzajemnego zaufania pa\u0144stw cz\u0142onkowskich do swoich wymiar\u00f3w sprawiedliwo\u015bci.<\/p>\n<p>Celem publikacji jest konceptualizacja wskazanej zasady. Punktem wyj\u015bcia jest okre\u015blenie kontekstu, w kt\u00f3rym ona funkcjonuje. Przede wszystkim przeanalizowa\u0107 nale\u017cy unijny porz\u0105dek prawny, przed kt\u00f3rym ponowoczesno\u015b\u0107 stawia wiele wyzwa\u0144. Widoczne jest rozmycie warto\u015bci, tak w relacjach mi\u0119dzyludzkich, jak i w procesie tworzenia i egzekwowania prawa. Nale\u017cy wzmocni\u0107 unijne\u00a0<em>raison d&#8217;\u00eatre<\/em>, co jest konieczne tak\u017ce dla przezwyci\u0119\u017cenia kryzysu warto\u015bci.<\/p>\n","protected":false},"featured_media":15047,"template":"","meta":{"_acf_changed":false},"journal":[],"rodzaj":[],"seria":[],"product_brand":[],"product_cat":[6932],"product_tag":[7600],"class_list":{"0":"post-46638","1":"product","2":"type-product","3":"status-publish","4":"has-post-thumbnail","6":"product_cat-prawo-i-administracja","7":"product_tag-anna-podolska","9":"first","10":"outofstock","11":"taxable","12":"shipping-taxable","13":"product-type-simple"},"acf":[],"_links":{"self":[{"href":"https:\/\/wydawnictwo.ug.edu.pl\/en\/wp-json\/wp\/v2\/product\/46638","targetHints":{"allow":["GET"]}}],"collection":[{"href":"https:\/\/wydawnictwo.ug.edu.pl\/en\/wp-json\/wp\/v2\/product"}],"about":[{"href":"https:\/\/wydawnictwo.ug.edu.pl\/en\/wp-json\/wp\/v2\/types\/product"}],"wp:featuredmedia":[{"embeddable":true,"href":"https:\/\/wydawnictwo.ug.edu.pl\/en\/wp-json\/wp\/v2\/media\/15047"}],"wp:attachment":[{"href":"https:\/\/wydawnictwo.ug.edu.pl\/en\/wp-json\/wp\/v2\/media?parent=46638"}],"wp:term":[{"taxonomy":"journal","embeddable":true,"href":"https:\/\/wydawnictwo.ug.edu.pl\/en\/wp-json\/wp\/v2\/journal?post=46638"},{"taxonomy":"rodzaj","embeddable":true,"href":"https:\/\/wydawnictwo.ug.edu.pl\/en\/wp-json\/wp\/v2\/rodzaj?post=46638"},{"taxonomy":"seria","embeddable":true,"href":"https:\/\/wydawnictwo.ug.edu.pl\/en\/wp-json\/wp\/v2\/seria?post=46638"},{"taxonomy":"product_brand","embeddable":true,"href":"https:\/\/wydawnictwo.ug.edu.pl\/en\/wp-json\/wp\/v2\/product_brand?post=46638"},{"taxonomy":"product_cat","embeddable":true,"href":"https:\/\/wydawnictwo.ug.edu.pl\/en\/wp-json\/wp\/v2\/product_cat?post=46638"},{"taxonomy":"product_tag","embeddable":true,"href":"https:\/\/wydawnictwo.ug.edu.pl\/en\/wp-json\/wp\/v2\/product_tag?post=46638"}],"curies":[{"name":"wp","href":"https:\/\/api.w.org\/{rel}","templated":true}]}}