{"id":46637,"date":"2018-12-31T02:00:00","date_gmt":"2018-12-31T02:00:00","guid":{"rendered":"https:\/\/wydawnictwo.ug.edu.pl\/ksiegarnia-online\/uncategorized\/studia-classica-et-neolatina-xvii\/"},"modified":"2026-02-11T14:46:49","modified_gmt":"2026-02-11T14:46:49","slug":"studia-classica-et-neolatina-xvii","status":"publish","type":"product","link":"https:\/\/wydawnictwo.ug.edu.pl\/en\/ksiegarnia-online\/literaturoznawstwo\/studia-classica-et-neolatina-xvii\/","title":{"rendered":"Studia Classica et Neolatina XVII"},"content":{"rendered":"","protected":false},"excerpt":{"rendered":"<p>Rocznik wydawany przez Katedr\u0119 Filologii Klasycznej Uniwersytetu Gda\u0144skiego, w kt\u00f3rym publikowane s\u0105 artyku\u0142y, przek\u0142ady i recenzje z zakresu filologii klasycznej, a tak\u017ce nauk o staro\u017cytno\u015bci oraz recepcji antyku.<\/p>\n","protected":false},"featured_media":16648,"template":"","meta":{"_acf_changed":false},"journal":[7641],"rodzaj":[7077],"seria":[],"product_brand":[],"product_cat":[6925,6926],"product_tag":[],"class_list":{"0":"post-46637","1":"product","2":"type-product","3":"status-publish","4":"has-post-thumbnail","6":"journal-studia-classica-et-neolatina","7":"rodzaj-czasopismo","8":"product_cat-literaturoznawstwo","9":"product_cat-przekladoznawstwo","10":"pa_rok-wydania-2019-en","12":"first","13":"outofstock","14":"taxable","15":"shipping-taxable","16":"purchasable","17":"product-type-simple"},"acf":[],"_links":{"self":[{"href":"https:\/\/wydawnictwo.ug.edu.pl\/en\/wp-json\/wp\/v2\/product\/46637","targetHints":{"allow":["GET"]}}],"collection":[{"href":"https:\/\/wydawnictwo.ug.edu.pl\/en\/wp-json\/wp\/v2\/product"}],"about":[{"href":"https:\/\/wydawnictwo.ug.edu.pl\/en\/wp-json\/wp\/v2\/types\/product"}],"wp:featuredmedia":[{"embeddable":true,"href":"https:\/\/wydawnictwo.ug.edu.pl\/en\/wp-json\/wp\/v2\/media\/16648"}],"wp:attachment":[{"href":"https:\/\/wydawnictwo.ug.edu.pl\/en\/wp-json\/wp\/v2\/media?parent=46637"}],"wp:term":[{"taxonomy":"journal","embeddable":true,"href":"https:\/\/wydawnictwo.ug.edu.pl\/en\/wp-json\/wp\/v2\/journal?post=46637"},{"taxonomy":"rodzaj","embeddable":true,"href":"https:\/\/wydawnictwo.ug.edu.pl\/en\/wp-json\/wp\/v2\/rodzaj?post=46637"},{"taxonomy":"seria","embeddable":true,"href":"https:\/\/wydawnictwo.ug.edu.pl\/en\/wp-json\/wp\/v2\/seria?post=46637"},{"taxonomy":"product_brand","embeddable":true,"href":"https:\/\/wydawnictwo.ug.edu.pl\/en\/wp-json\/wp\/v2\/product_brand?post=46637"},{"taxonomy":"product_cat","embeddable":true,"href":"https:\/\/wydawnictwo.ug.edu.pl\/en\/wp-json\/wp\/v2\/product_cat?post=46637"},{"taxonomy":"product_tag","embeddable":true,"href":"https:\/\/wydawnictwo.ug.edu.pl\/en\/wp-json\/wp\/v2\/product_tag?post=46637"}],"curies":[{"name":"wp","href":"https:\/\/api.w.org\/{rel}","templated":true}]}}