{"id":46636,"date":"2019-03-03T00:00:00","date_gmt":"2019-03-03T00:00:00","guid":{"rendered":"https:\/\/wydawnictwo.ug.edu.pl\/ksiegarnia-online\/uncategorized\/etnografia-praktyki-teorie-doswiadczenia-nr-6-2020\/"},"modified":"2026-02-11T14:46:51","modified_gmt":"2026-02-11T14:46:51","slug":"etnografia-praktyki-teorie-doswiadczenia-nr-6-2020","status":"publish","type":"product","link":"https:\/\/wydawnictwo.ug.edu.pl\/en\/ksiegarnia-online\/etnologia-i-antropologia-kulturowa\/etnografia-praktyki-teorie-doswiadczenia-nr-6-2020\/","title":{"rendered":"Etnografia. Praktyki, Teorie, Do\u015bwiadczenia. Nr 6"},"content":{"rendered":"","protected":false},"excerpt":{"rendered":"<p>Etnografia. Praktyki, Teorie, Do\u015bwiadczenia. Nr 6. Animism and perspectivism in the study of indigenous peoples<\/p>\n<p>Pismo jest nakierowane na to, co zwi\u0105zane z badaniami terenowymi w antropologii kulturowej i dyscyplinach pokrewnych. Interesuj\u0105 nas teksty, kt\u00f3re b\u0119d\u0105 zdawa\u0107 spraw\u0119 z do\u015bwiadcze\u0144, studi\u00f3w, refleksji nad wsp\u00f3\u0142czesn\u0105 praktyk\u0105 etnograficzn\u0105, a zw\u0142aszcza te, kt\u00f3re k\u0142ad\u0105 nacisk na cielesno\u015b\u0107 oraz do\u015bwiadczenie i procesualno\u015b\u0107 poznania etnograficznego. Celem stawianym przed czasopismem jest \u0142\u0105czenie wsp\u00f3\u0142czesnej praktyki badawczej oraz refleksji nad ni\u0105 z prac\u0105 teoretyczn\u0105 antropologii kulturowej i dyscyplin pokrewnych.<\/p>\n","protected":false},"featured_media":16274,"template":"","meta":{"_acf_changed":false},"journal":[7073],"rodzaj":[7075,7077],"seria":[],"product_brand":[],"product_cat":[6970],"product_tag":[7402],"class_list":{"0":"post-46636","1":"product","2":"type-product","3":"status-publish","4":"has-post-thumbnail","6":"journal-etnografia-praktyki-teorie-doswiadczenia","7":"rodzaj-e-book","8":"rodzaj-czasopismo","9":"product_cat-etnologia-i-antropologia-kulturowa","10":"product_tag-tarzycjusz-bulinskitarzycjusz-bulinski","11":"pa_rok-wydania-2020-en","13":"first","14":"instock","15":"taxable","16":"shipping-taxable","17":"product-type-external"},"acf":[],"_links":{"self":[{"href":"https:\/\/wydawnictwo.ug.edu.pl\/en\/wp-json\/wp\/v2\/product\/46636","targetHints":{"allow":["GET"]}}],"collection":[{"href":"https:\/\/wydawnictwo.ug.edu.pl\/en\/wp-json\/wp\/v2\/product"}],"about":[{"href":"https:\/\/wydawnictwo.ug.edu.pl\/en\/wp-json\/wp\/v2\/types\/product"}],"wp:featuredmedia":[{"embeddable":true,"href":"https:\/\/wydawnictwo.ug.edu.pl\/en\/wp-json\/wp\/v2\/media\/16274"}],"wp:attachment":[{"href":"https:\/\/wydawnictwo.ug.edu.pl\/en\/wp-json\/wp\/v2\/media?parent=46636"}],"wp:term":[{"taxonomy":"journal","embeddable":true,"href":"https:\/\/wydawnictwo.ug.edu.pl\/en\/wp-json\/wp\/v2\/journal?post=46636"},{"taxonomy":"rodzaj","embeddable":true,"href":"https:\/\/wydawnictwo.ug.edu.pl\/en\/wp-json\/wp\/v2\/rodzaj?post=46636"},{"taxonomy":"seria","embeddable":true,"href":"https:\/\/wydawnictwo.ug.edu.pl\/en\/wp-json\/wp\/v2\/seria?post=46636"},{"taxonomy":"product_brand","embeddable":true,"href":"https:\/\/wydawnictwo.ug.edu.pl\/en\/wp-json\/wp\/v2\/product_brand?post=46636"},{"taxonomy":"product_cat","embeddable":true,"href":"https:\/\/wydawnictwo.ug.edu.pl\/en\/wp-json\/wp\/v2\/product_cat?post=46636"},{"taxonomy":"product_tag","embeddable":true,"href":"https:\/\/wydawnictwo.ug.edu.pl\/en\/wp-json\/wp\/v2\/product_tag?post=46636"}],"curies":[{"name":"wp","href":"https:\/\/api.w.org\/{rel}","templated":true}]}}