{"id":46633,"date":"2019-11-01T00:00:00","date_gmt":"2019-11-01T00:00:00","guid":{"rendered":"https:\/\/wydawnictwo.ug.edu.pl\/ksiegarnia-online\/uncategorized\/wybrane-zagadnienia-z-najnowszej-prozy-rosyjskiej-skrypt-dla-studentow-i-roku-rosjoznawstwa\/"},"modified":"2026-02-11T14:46:54","modified_gmt":"2026-02-11T14:46:54","slug":"wybrane-zagadnienia-z-najnowszej-prozy-rosyjskiej-skrypt-dla-studentow-i-roku-rosjoznawstwa","status":"publish","type":"product","link":"https:\/\/wydawnictwo.ug.edu.pl\/en\/ksiegarnia-online\/literaturoznawstwo\/wybrane-zagadnienia-z-najnowszej-prozy-rosyjskiej-skrypt-dla-studentow-i-roku-rosjoznawstwa\/","title":{"rendered":"Wybrane zagadnienia z najnowszej prozy rosyjskiej. Skrypt dla student\u00f3w I roku rosjoznawstwa"},"content":{"rendered":"","protected":false},"excerpt":{"rendered":"<p>Zale\u017ca\u0142o mi, by skrypt zosta\u0142 napisany j\u0119zykiem przyst\u0119pnym, zrozumia\u0142ym dla szerokiego grona odbiorc\u00f3w. Wszak to pomoc dydaktyczna, a\u00a0nie tekst naukowy. Czy mi si\u0119 to uda\u0142o, czytelnik sam os\u0105dzi. Zawarto\u015b\u0107 pomocnika stanowi efekt subiektywnego wyboru lektur i\u00a0literatury krytycznej. Jestem \u015bwiadoma, \u017ce zaproponowany wykaz utwor\u00f3w mo\u017cna uzupe\u0142ni\u0107 lub nawet stworzy\u0107, licz\u0105c\u0105 nie mniej pozycji, alternatywn\u0105 list\u0119. Stara\u0142am si\u0119, by teksty te by\u0142y reprezentatywne dla procesu historycznoliterackiego obejmuj\u0105cego najnowsz\u0105 proz\u0119 rosyjsk\u0105 i\u00a0ukazywa\u0142y obraz wsp\u00f3\u0142czesnej Rosji w\u00a0jej wielowymiarowym (tak\u017ce tym bardziej rozrywkowym) aspekcie. Dzi\u0119kuj\u0119 moim studentom za inspiracj\u0119 do napisania tej ksi\u0105\u017cki. Mam nadziej\u0119, \u017ce czytanie wsp\u00f3\u0142czesnej rosyjskiej literatury jest i\u00a0pozostanie dla nich okazj\u0105 do poznawania \u015bwiata i\u00a0drugiego cz\u0142owieka oraz warto\u015bciowym sposobem sp\u0119dzania wolnego czasu, tak jak i\u00a0dla mnie od wielu lat tw\u00f3rczo\u015b\u0107 ta stanowi \u017ar\u00f3d\u0142o refleksji i\u00a0\u2013 przede wszystkim \u2013 przyjemno\u015bci.<\/p>\n<p>Fragment\u00a0<em>Wst\u0119pu<\/em><\/p>\n","protected":false},"featured_media":16574,"template":"","meta":{"_acf_changed":false},"journal":[],"rodzaj":[7330],"seria":[],"product_brand":[],"product_cat":[6925],"product_tag":[7457],"class_list":{"0":"post-46633","1":"product","2":"type-product","3":"status-publish","4":"has-post-thumbnail","6":"rodzaj-schoolbook","7":"product_cat-literaturoznawstwo","8":"product_tag-liliana-kalitaliliana-kalita","9":"pa_rok-wydania-2020-en","11":"first","12":"instock","13":"taxable","14":"shipping-taxable","15":"purchasable","16":"product-type-simple"},"acf":[],"_links":{"self":[{"href":"https:\/\/wydawnictwo.ug.edu.pl\/en\/wp-json\/wp\/v2\/product\/46633","targetHints":{"allow":["GET"]}}],"collection":[{"href":"https:\/\/wydawnictwo.ug.edu.pl\/en\/wp-json\/wp\/v2\/product"}],"about":[{"href":"https:\/\/wydawnictwo.ug.edu.pl\/en\/wp-json\/wp\/v2\/types\/product"}],"wp:featuredmedia":[{"embeddable":true,"href":"https:\/\/wydawnictwo.ug.edu.pl\/en\/wp-json\/wp\/v2\/media\/16574"}],"wp:attachment":[{"href":"https:\/\/wydawnictwo.ug.edu.pl\/en\/wp-json\/wp\/v2\/media?parent=46633"}],"wp:term":[{"taxonomy":"journal","embeddable":true,"href":"https:\/\/wydawnictwo.ug.edu.pl\/en\/wp-json\/wp\/v2\/journal?post=46633"},{"taxonomy":"rodzaj","embeddable":true,"href":"https:\/\/wydawnictwo.ug.edu.pl\/en\/wp-json\/wp\/v2\/rodzaj?post=46633"},{"taxonomy":"seria","embeddable":true,"href":"https:\/\/wydawnictwo.ug.edu.pl\/en\/wp-json\/wp\/v2\/seria?post=46633"},{"taxonomy":"product_brand","embeddable":true,"href":"https:\/\/wydawnictwo.ug.edu.pl\/en\/wp-json\/wp\/v2\/product_brand?post=46633"},{"taxonomy":"product_cat","embeddable":true,"href":"https:\/\/wydawnictwo.ug.edu.pl\/en\/wp-json\/wp\/v2\/product_cat?post=46633"},{"taxonomy":"product_tag","embeddable":true,"href":"https:\/\/wydawnictwo.ug.edu.pl\/en\/wp-json\/wp\/v2\/product_tag?post=46633"}],"curies":[{"name":"wp","href":"https:\/\/api.w.org\/{rel}","templated":true}]}}