{"id":46632,"date":"2019-12-01T00:00:00","date_gmt":"2019-12-01T00:00:00","guid":{"rendered":"https:\/\/wydawnictwo.ug.edu.pl\/ksiegarnia-online\/uncategorized\/ekspansja-zagraniczna-przedsiebiorstw-w-warunkach-konkurencji-miedzynarodowej\/"},"modified":"2026-02-11T14:24:21","modified_gmt":"2026-02-11T14:24:21","slug":"ekspansja-zagraniczna-przedsiebiorstw-w-warunkach-konkurencji-miedzynarodowej","status":"publish","type":"product","link":"https:\/\/wydawnictwo.ug.edu.pl\/en\/ksiegarnia-online\/ekonomia\/ekspansja-zagraniczna-przedsiebiorstw-w-warunkach-konkurencji-miedzynarodowej\/","title":{"rendered":"Ekspansja zagraniczna przedsi\u0119biorstw w warunkach konkurencji mi\u0119dzynarodowej"},"content":{"rendered":"","protected":false},"excerpt":{"rendered":"<p>Wiele podmiot\u00f3w gospodarczych w poszukiwaniu \u015bcie\u017cek w\u0142asnego rozwoju rozwa\u017ca mo\u017cliwo\u015b\u0107 podj\u0119cia dzia\u0142alno\u015bci na rynkach zagranicznych. Takie decyzje stanowi\u0105 du\u017ce wyzwanie dla przedsi\u0119biorstw, poniewa\u017c prowadzenie dzia\u0142alno\u015bci handlowej na obcych rynkach w otoczeniu nasilaj\u0105cej si\u0119 konkurencji mi\u0119dzynarodowej wymaga dog\u0142\u0119bnego zbadania wielu aspekt\u00f3w oraz dostosowania w\u0142asnych za\u0142o\u017ce\u0144 strategicznych do mechanizm\u00f3w rynkowych w\u0142a\u015bciwych dla wsp\u00f3\u0142czesnej gospodarki \u015bwiatowej. Zjawisko umi\u0119dzynarodowienia podmiot\u00f3w gospodarczych jest charakterystyczn\u0105 cech\u0105 dzia\u0142alno\u015bci przedsi\u0119biorstw w ka\u017cdym kraju, niezale\u017cnie od ich usytuowania geografcznego, co pozwala spojrze\u0107 na problematyk\u0119 badawcz\u0105 jako na uniwersaln\u0105, wa\u017cn\u0105 i aktualn\u0105. [\u2026]<\/p>\n<p>Zdaniem Autorek sprostanie wyzwaniom otwartej konkurencji przez przedsi\u0119biorstwa krajowe na rynku europejskim oraz rynkach mi\u0119dzynarodowych bezpo\u015brednio zale\u017cy od zbudowania i utrzymania przewagi konkurencyjnej nad innymi uczestnikami rynku mi\u0119dzynarodowego. Tymczasem jednym z g\u0142\u00f3wnych warunk\u00f3w jej osi\u0105-gni\u0119cia jest dobre rozpoznanie mi\u0119dzynarodowego otoczenia oraz identyfiacja jego najwa\u017cniejszych cech. Analizie poddano wybrane aspekty dzia\u0142alno\u015bci przedsi\u0119biorstw na rynkach zagranicznych, takie jak: przes\u0142anki ekspansji zagranicznej, instrumenty stosowane w ramach strategii przedsi\u0119biorstwa, sposoby ograniczenia ryzyka transakcyjnego, dob\u00f3r w\u0142a\u015bciwych metod i technik marketingowych oraz aktywno\u015b\u0107 przedsi\u0119biorstw w obszarze przedsi\u0119wzi\u0119\u0107 innowacyjnych. [\u2026]<\/p>\n<p>Dzi\u0119ki temu ksi\u0105\u017cka kreuje pewne novum poznawcze, maj\u0105ce\u00a0 r\u00f3wnie\u017c istotn\u0105 warto\u015b\u0107 aplikacyjn\u0105 chocia\u017cby dla przedsi\u0119bior-\u00f3w rozpatruj\u0105cych mo\u017cliwo\u015b\u0107 podj\u0119cia dzia\u0142alno\u015bci na rynkach\u00a0 zagranicznych\u201d.<\/p>\n<p><em>Z recenzji dr hab. Aliny Gryni<\/em><\/p>\n","protected":false},"featured_media":15996,"template":"","meta":{"_acf_changed":false},"journal":[],"rodzaj":[],"seria":[],"product_brand":[],"product_cat":[266],"product_tag":[],"class_list":{"0":"post-46632","1":"product","2":"type-product","3":"status-publish","4":"has-post-thumbnail","6":"product_cat-ekonomia","7":"pa_rok-wydania-849","9":"first","10":"instock","11":"taxable","12":"shipping-taxable","13":"product-type-simple"},"acf":[],"_links":{"self":[{"href":"https:\/\/wydawnictwo.ug.edu.pl\/en\/wp-json\/wp\/v2\/product\/46632","targetHints":{"allow":["GET"]}}],"collection":[{"href":"https:\/\/wydawnictwo.ug.edu.pl\/en\/wp-json\/wp\/v2\/product"}],"about":[{"href":"https:\/\/wydawnictwo.ug.edu.pl\/en\/wp-json\/wp\/v2\/types\/product"}],"wp:featuredmedia":[{"embeddable":true,"href":"https:\/\/wydawnictwo.ug.edu.pl\/en\/wp-json\/wp\/v2\/media\/15996"}],"wp:attachment":[{"href":"https:\/\/wydawnictwo.ug.edu.pl\/en\/wp-json\/wp\/v2\/media?parent=46632"}],"wp:term":[{"taxonomy":"journal","embeddable":true,"href":"https:\/\/wydawnictwo.ug.edu.pl\/en\/wp-json\/wp\/v2\/journal?post=46632"},{"taxonomy":"rodzaj","embeddable":true,"href":"https:\/\/wydawnictwo.ug.edu.pl\/en\/wp-json\/wp\/v2\/rodzaj?post=46632"},{"taxonomy":"seria","embeddable":true,"href":"https:\/\/wydawnictwo.ug.edu.pl\/en\/wp-json\/wp\/v2\/seria?post=46632"},{"taxonomy":"product_brand","embeddable":true,"href":"https:\/\/wydawnictwo.ug.edu.pl\/en\/wp-json\/wp\/v2\/product_brand?post=46632"},{"taxonomy":"product_cat","embeddable":true,"href":"https:\/\/wydawnictwo.ug.edu.pl\/en\/wp-json\/wp\/v2\/product_cat?post=46632"},{"taxonomy":"product_tag","embeddable":true,"href":"https:\/\/wydawnictwo.ug.edu.pl\/en\/wp-json\/wp\/v2\/product_tag?post=46632"}],"curies":[{"name":"wp","href":"https:\/\/api.w.org\/{rel}","templated":true}]}}