{"id":46630,"date":"2019-12-01T00:00:00","date_gmt":"2019-12-01T00:00:00","guid":{"rendered":"https:\/\/wydawnictwo.ug.edu.pl\/ksiegarnia-online\/uncategorized\/wplyw-rozprzestrzeniania-sie-miast-na-srodowisko-przyrodnicze-w-otoczeniu-aglomeracji-trojmiejskiej\/"},"modified":"2026-02-11T14:30:43","modified_gmt":"2026-02-11T14:30:43","slug":"wplyw-rozprzestrzeniania-sie-miast-na-srodowisko-przyrodnicze-w-otoczeniu-aglomeracji-trojmiejskiej","status":"publish","type":"product","link":"https:\/\/wydawnictwo.ug.edu.pl\/en\/ksiegarnia-online\/ochrona-srodowiska\/wplyw-rozprzestrzeniania-sie-miast-na-srodowisko-przyrodnicze-w-otoczeniu-aglomeracji-trojmiejskiej\/","title":{"rendered":"Wp\u0142yw rozprzestrzeniania si\u0119 miast na \u015brodowisko przyrodnicze w otoczeniu aglomeracji tr\u00f3jmiejskiej"},"content":{"rendered":"","protected":false},"excerpt":{"rendered":"<p>W ci\u0105gu ostatnich kilku dekad obserwowana jest nasilaj\u0105ca si\u0119 ekspansja zabudowy miast w kierunku s\u0105siaduj\u0105cych gmin wiejskich. Po\u0142o\u017cenie fizycznogeograficzne Tr\u00f3jmiasta przez wiele lat determinowa\u0142o rozw\u00f3j miast aglomeracji wzd\u0142u\u017c osi p\u00f3\u0142noc \u2013 po\u0142udnie, mi\u0119dzy stref\u0105 kraw\u0119dziow\u0105 wysoczyzny na zachodzie a Zatok\u0105 Gda\u0144sk\u0105 i \u017bu\u0142awami Wi\u015blanymi na wschodzie. Stopniowy przyrost teren\u00f3w zainwestowanych w Gda\u0144sku, Sopocie i Gdyni spowodowa\u0142 utworzenie niemal zwartej pod wzgl\u0119dem udzia\u0142u teren\u00f3w zabudowanych przestrzeni miejskiej.<\/p>\n<p>Od lat 80. XX w. nast\u0105pi\u0142 widoczny proces rozprzestrzeniania si\u0119 zabudowy (g\u0142\u00f3wnie mieszkaniowej) w kierunku zachodnim oraz w mniejszym stopniu na p\u00f3\u0142noc i po\u0142udnie od historycznie ukszta\u0142towanych dzielnic Gda\u0144ska i Gdyni oraz pozosta\u0142ych miast aglomeracji tr\u00f3jmiejskiej. Zajmowanie nowych teren\u00f3w pod zabudow\u0119 poci\u0105ga\u0142o za sob\u0105 szereg zmian w przestrzeni, w tym znacz\u0105co wp\u0142ywa\u0142o na \u015brodowisko przyrodnicze. Zjawiska te sk\u0142aniaj\u0105 do postawienia tezy, \u017ce zabudowa aglomeracji tr\u00f3jmiejskiej rozwija si\u0119 nadmiernie na terenach znacznie oddalonych od centr\u00f3w miast aglomeracji, powoduj\u0105c negatywne skutki przyrodnicze, wyra\u017cone m.in. pogarszaj\u0105c\u0105 si\u0119 proporcj\u0105 mi\u0119dzy obszarami biologicznie aktywnymi a zabudowanymi; r\u00f3wnocze\u015bnie tereny przeznaczane pod zabudow\u0119 w wielu przypadkach s\u0105 nieodpowiednie ze wzgl\u0119du na uwarunkowania \u015brodowiskowe. W efekcie krajobraz w otoczeniu obszar\u00f3w wewn\u0105trzmiejskich aglomeracji tr\u00f3jmiejskiej traci charakter wiejski, przybieraj\u0105c cechy krajobrazu podmiejskiego, a miejscami nawet miejskiego.<\/p>\n<p>Podstawowym celem pracy jest pr\u00f3ba oceny wp\u0142ywu procesu suburbanizacji na \u015brodowisko przyrodnicze aglomeracji tr\u00f3jmiejskiej (z wy\u0142\u0105czeniem centralnych stref zabudowy) oraz wskazanie obszar\u00f3w, na kt\u00f3rych zjawisko to powoduje najwi\u0119ksze zmiany \u015brodowiska, w szczeg\u00f3lno\u015bci w wyniku niew\u0142a\u015bciwej z ekofizjograficznego punktu widzenia lokalizacji zabudowy.<\/p>\n","protected":false},"featured_media":16670,"template":"","meta":{"_acf_changed":false},"journal":[],"rodzaj":[],"seria":[],"product_brand":[],"product_cat":[7312],"product_tag":[],"class_list":{"0":"post-46630","1":"product","2":"type-product","3":"status-publish","4":"has-post-thumbnail","6":"product_cat-ochrona-srodowiska","7":"pa_rok-wydania-2020-en","9":"first","10":"outofstock","11":"taxable","12":"shipping-taxable","13":"purchasable","14":"product-type-simple"},"acf":[],"_links":{"self":[{"href":"https:\/\/wydawnictwo.ug.edu.pl\/en\/wp-json\/wp\/v2\/product\/46630","targetHints":{"allow":["GET"]}}],"collection":[{"href":"https:\/\/wydawnictwo.ug.edu.pl\/en\/wp-json\/wp\/v2\/product"}],"about":[{"href":"https:\/\/wydawnictwo.ug.edu.pl\/en\/wp-json\/wp\/v2\/types\/product"}],"wp:featuredmedia":[{"embeddable":true,"href":"https:\/\/wydawnictwo.ug.edu.pl\/en\/wp-json\/wp\/v2\/media\/16670"}],"wp:attachment":[{"href":"https:\/\/wydawnictwo.ug.edu.pl\/en\/wp-json\/wp\/v2\/media?parent=46630"}],"wp:term":[{"taxonomy":"journal","embeddable":true,"href":"https:\/\/wydawnictwo.ug.edu.pl\/en\/wp-json\/wp\/v2\/journal?post=46630"},{"taxonomy":"rodzaj","embeddable":true,"href":"https:\/\/wydawnictwo.ug.edu.pl\/en\/wp-json\/wp\/v2\/rodzaj?post=46630"},{"taxonomy":"seria","embeddable":true,"href":"https:\/\/wydawnictwo.ug.edu.pl\/en\/wp-json\/wp\/v2\/seria?post=46630"},{"taxonomy":"product_brand","embeddable":true,"href":"https:\/\/wydawnictwo.ug.edu.pl\/en\/wp-json\/wp\/v2\/product_brand?post=46630"},{"taxonomy":"product_cat","embeddable":true,"href":"https:\/\/wydawnictwo.ug.edu.pl\/en\/wp-json\/wp\/v2\/product_cat?post=46630"},{"taxonomy":"product_tag","embeddable":true,"href":"https:\/\/wydawnictwo.ug.edu.pl\/en\/wp-json\/wp\/v2\/product_tag?post=46630"}],"curies":[{"name":"wp","href":"https:\/\/api.w.org\/{rel}","templated":true}]}}