{"id":46629,"date":"2019-12-01T00:00:00","date_gmt":"2019-12-01T00:00:00","guid":{"rendered":"https:\/\/wydawnictwo.ug.edu.pl\/ksiegarnia-online\/uncategorized\/z-dziejow-leksykografii-polsko-rosyjskiej-tom-ii-slowniki-terminologiczne-bibliografia-za-lata-1803-2017\/"},"modified":"2026-02-11T14:30:09","modified_gmt":"2026-02-11T14:30:09","slug":"z-dziejow-leksykografii-polsko-rosyjskiej-tom-ii-slowniki-terminologiczne-bibliografia-za-lata-1803-2017","status":"publish","type":"product","link":"https:\/\/wydawnictwo.ug.edu.pl\/en\/ksiegarnia-online\/jezykoznawstwo\/z-dziejow-leksykografii-polsko-rosyjskiej-tom-ii-slowniki-terminologiczne-bibliografia-za-lata-1803-2017\/","title":{"rendered":"Z dziej\u00f3w leksykografii polsko-rosyjskiej. Tom II. S\u0142owniki terminologiczne (bibliografia za lata 1803\u20132017)"},"content":{"rendered":"","protected":false},"excerpt":{"rendered":"<p>Publikacja stanowi obszerny, a pod wzgl\u0119dem rzeczowym wysoce zr\u00f3\u017cnicowany zbi\u00f3r ponad 4000 pozycji bibliograficznych, na kt\u00f3rego zawarto\u015b\u0107 sk\u0142adaj\u0105 si\u0119 \u2013 usystematyzowane zagadnieniowo oraz chronologicznie \u2013 prace polskich autor\u00f3w z zakresu szeroko pojmowanej terminografii polsko-rosyjskiej i rosyjsko-polskiej. Wykaz opracowa\u0144 bibliograficznych poprzedzony jest przedmow\u0105 oraz artyku\u0142em:\u00a0<em>Zasady ekscerpcji i rejestracji materia\u0142u faktograficznego<\/em>. Nadrz\u0119dnym celem zbioru jest ukazanie w mo\u017cliwie pe\u0142nym zakresie tematycznego bogactwa polskich publikacji s\u0142ownikarskich, kt\u00f3rych komponentem jest j\u0119zyk rosyjski. Uj\u0119te w spisie pozycje leksykograficzne zosta\u0142y wydane w Polsce, sporadycznie tak\u017ce za granic\u0105, b\u0105d\u017a te\u017c w koedycji z zagranicznymi wydawcami w latach 1803\u20132017. Szerokie spektrum tematyki i charakteru merytorycznego zaprezentowanych publikacji s\u0142ownikowych stanowi swoiste kompendium informacji na temat dorobku terminograf\u00f3w polskich.<\/p>\n","protected":false},"featured_media":16941,"template":"","meta":{"_acf_changed":false},"journal":[],"rodzaj":[7074],"seria":[],"product_brand":[],"product_cat":[6924],"product_tag":[7593],"class_list":{"0":"post-46629","1":"product","2":"type-product","3":"status-publish","4":"has-post-thumbnail","6":"rodzaj-ksiazki","7":"product_cat-jezykoznawstwo","8":"product_tag-katarzyna-wojankatarzyna-wojan","9":"pa_rok-wydania-2020-en","11":"first","12":"outofstock","13":"taxable","14":"shipping-taxable","15":"purchasable","16":"product-type-simple"},"acf":[],"_links":{"self":[{"href":"https:\/\/wydawnictwo.ug.edu.pl\/en\/wp-json\/wp\/v2\/product\/46629","targetHints":{"allow":["GET"]}}],"collection":[{"href":"https:\/\/wydawnictwo.ug.edu.pl\/en\/wp-json\/wp\/v2\/product"}],"about":[{"href":"https:\/\/wydawnictwo.ug.edu.pl\/en\/wp-json\/wp\/v2\/types\/product"}],"wp:featuredmedia":[{"embeddable":true,"href":"https:\/\/wydawnictwo.ug.edu.pl\/en\/wp-json\/wp\/v2\/media\/16941"}],"wp:attachment":[{"href":"https:\/\/wydawnictwo.ug.edu.pl\/en\/wp-json\/wp\/v2\/media?parent=46629"}],"wp:term":[{"taxonomy":"journal","embeddable":true,"href":"https:\/\/wydawnictwo.ug.edu.pl\/en\/wp-json\/wp\/v2\/journal?post=46629"},{"taxonomy":"rodzaj","embeddable":true,"href":"https:\/\/wydawnictwo.ug.edu.pl\/en\/wp-json\/wp\/v2\/rodzaj?post=46629"},{"taxonomy":"seria","embeddable":true,"href":"https:\/\/wydawnictwo.ug.edu.pl\/en\/wp-json\/wp\/v2\/seria?post=46629"},{"taxonomy":"product_brand","embeddable":true,"href":"https:\/\/wydawnictwo.ug.edu.pl\/en\/wp-json\/wp\/v2\/product_brand?post=46629"},{"taxonomy":"product_cat","embeddable":true,"href":"https:\/\/wydawnictwo.ug.edu.pl\/en\/wp-json\/wp\/v2\/product_cat?post=46629"},{"taxonomy":"product_tag","embeddable":true,"href":"https:\/\/wydawnictwo.ug.edu.pl\/en\/wp-json\/wp\/v2\/product_tag?post=46629"}],"curies":[{"name":"wp","href":"https:\/\/api.w.org\/{rel}","templated":true}]}}