{"id":46628,"date":"2019-12-01T00:00:00","date_gmt":"2019-12-01T00:00:00","guid":{"rendered":"https:\/\/wydawnictwo.ug.edu.pl\/ksiegarnia-online\/uncategorized\/aktywna-walka-z-korupcja-aspekty-procesowe-i-materialne\/"},"modified":"2026-02-11T14:24:06","modified_gmt":"2026-02-11T14:24:06","slug":"aktywna-walka-z-korupcja-aspekty-procesowe-i-materialne","status":"publish","type":"product","link":"https:\/\/wydawnictwo.ug.edu.pl\/en\/ksiegarnia-online\/prawo-i-administracja\/aktywna-walka-z-korupcja-aspekty-procesowe-i-materialne\/","title":{"rendered":"Aktywna walka z korupcj\u0105. Aspekty procesowe i materialne"},"content":{"rendered":"","protected":false},"excerpt":{"rendered":"<p>Ksi\u0105\u017cka stanowi gruntowne opracowanie z zakresu korupcji. Niew\u0105tpliwie godnym podkre\u015blenia osi\u0105gni\u0119ciem Autor\u00f3w jest szeroka eksploracja orzecze\u0144 s\u0105dowych oraz dotychczasowych pogl\u0105d\u00f3w doktryny na obowi\u0105zuj\u0105ce akty prawne i rudymentarne problemy prawne, kt\u00f3rych wszelako w omawianych zagadnieniach nie brakuje. Wypada podkre\u015bli\u0107, \u017ce jest to opracowanie kompleksowe, wnikliwe i de facto nowatorskie. Obie jego cz\u0119\u015bci (materialnoprawna i procesowa) wzajemnie z sob\u0105 konweniuj\u0105, ukazuj\u0105c z\u0142o\u017cono\u015b\u0107 stanu normatywnego zwi\u0105zanego ze zjawiskiem korupcji. W ksi\u0105\u017cce mo\u017cna odnale\u017a\u0107 r\u00f3wnie\u017c autorskie pog\u0142\u0119bienia niekt\u00f3rych bada\u0144 i zapatrywa\u0144 wyra\u017canych w doktrynie. (\u2026) Ju\u017c na pierwszy rzut oka wida\u0107, \u017ce ksi\u0105\u017cka jest napisana \u00abprzez praktyk\u00f3w dla praktyk\u00f3w\u00bb. Co szczeg\u00f3lnie cenne, przyjmuje si\u0119 tu dwie perspektywy poznawcze \u2013 obro\u0144cy w procesach karnych oraz s\u0119dziego orzekaj\u0105cego w tego typu sprawach. Monografia b\u0119dzie cennym narz\u0119dziem nie tylko dla teoretyk\u00f3w, lecz tak\u017ce (a nawet przede wszystkim) dla praktyk\u00f3w.<\/p>\n<p><em>Z recenzji dr. hab. Igora Zgoli\u0144skiego, prof. KPSW<\/em><\/p>\n","protected":false},"featured_media":16156,"template":"","meta":{"_acf_changed":false},"journal":[],"rodzaj":[],"seria":[],"product_brand":[],"product_cat":[6932],"product_tag":[7669,8041],"class_list":{"0":"post-46628","1":"product","2":"type-product","3":"status-publish","4":"has-post-thumbnail","6":"product_cat-prawo-i-administracja","7":"product_tag-jacek-potulski","8":"product_tag-marek-skwarcow","9":"pa_rok-wydania-2020-en","11":"first","12":"instock","13":"taxable","14":"shipping-taxable","15":"purchasable","16":"product-type-simple"},"acf":[],"_links":{"self":[{"href":"https:\/\/wydawnictwo.ug.edu.pl\/en\/wp-json\/wp\/v2\/product\/46628","targetHints":{"allow":["GET"]}}],"collection":[{"href":"https:\/\/wydawnictwo.ug.edu.pl\/en\/wp-json\/wp\/v2\/product"}],"about":[{"href":"https:\/\/wydawnictwo.ug.edu.pl\/en\/wp-json\/wp\/v2\/types\/product"}],"wp:featuredmedia":[{"embeddable":true,"href":"https:\/\/wydawnictwo.ug.edu.pl\/en\/wp-json\/wp\/v2\/media\/16156"}],"wp:attachment":[{"href":"https:\/\/wydawnictwo.ug.edu.pl\/en\/wp-json\/wp\/v2\/media?parent=46628"}],"wp:term":[{"taxonomy":"journal","embeddable":true,"href":"https:\/\/wydawnictwo.ug.edu.pl\/en\/wp-json\/wp\/v2\/journal?post=46628"},{"taxonomy":"rodzaj","embeddable":true,"href":"https:\/\/wydawnictwo.ug.edu.pl\/en\/wp-json\/wp\/v2\/rodzaj?post=46628"},{"taxonomy":"seria","embeddable":true,"href":"https:\/\/wydawnictwo.ug.edu.pl\/en\/wp-json\/wp\/v2\/seria?post=46628"},{"taxonomy":"product_brand","embeddable":true,"href":"https:\/\/wydawnictwo.ug.edu.pl\/en\/wp-json\/wp\/v2\/product_brand?post=46628"},{"taxonomy":"product_cat","embeddable":true,"href":"https:\/\/wydawnictwo.ug.edu.pl\/en\/wp-json\/wp\/v2\/product_cat?post=46628"},{"taxonomy":"product_tag","embeddable":true,"href":"https:\/\/wydawnictwo.ug.edu.pl\/en\/wp-json\/wp\/v2\/product_tag?post=46628"}],"curies":[{"name":"wp","href":"https:\/\/api.w.org\/{rel}","templated":true}]}}