{"id":46626,"date":"2019-12-01T00:01:00","date_gmt":"2019-12-01T00:01:00","guid":{"rendered":"https:\/\/wydawnictwo.ug.edu.pl\/ksiegarnia-online\/uncategorized\/miedzynarodowy-handel-morski\/"},"modified":"2026-02-11T14:19:38","modified_gmt":"2026-02-11T14:19:38","slug":"miedzynarodowy-handel-morski","status":"publish","type":"product","link":"https:\/\/wydawnictwo.ug.edu.pl\/en\/ksiegarnia-online\/ekonomia\/miedzynarodowy-handel-morski\/","title":{"rendered":"Mi\u0119dzynarodowy handel morski"},"content":{"rendered":"","protected":false},"excerpt":{"rendered":"<p>Ksi\u0105\u017cka dotyczy handlu morskiego, sfery kluczowej dla podtrzymania handlu mi\u0119dzynarodowego. W publikacji uwzgl\u0119dniono zagadnienia zwi\u0105zane ze swobod\u0105 \u017ceglugi morskiej, zasadami funkcjonowania transportu morskiego oraz handlem mi\u0119dzynarodowym. Opisano tak\u017ce us\u0142ugi realizowane w ramach handlu morskiego oraz dokumentacj\u0119 zwi\u0105zan\u0105 z\u00a0procesami transportowymi i \u0142adunkowymi.<\/p>\n<p>Ksi\u0105\u017cka ukazuje, w jaki spos\u00f3b realizowany jest handel globalny przy wykorzystaniu statk\u00f3w handlowych. Du\u017ce zainteresowanie budzi, sk\u0105d pochodz\u0105 i jak si\u0119 znalaz\u0142y w danym kraju produkty kupowane w lokalnym sklepie. Lektura tej publikacji pozwoli odkry\u0107, jakie zale\u017cno\u015bci i mechanizmy wi\u0105\u017c\u0105 si\u0119 z handlem morskim. Czytelnik dowie si\u0119, jak silnie gospodarki poszczeg\u00f3lnych kraj\u00f3w uzale\u017cnione s\u0105 od transportu r\u00f3\u017cnych towar\u00f3w drog\u0105 morsk\u0105.<\/p>\n","protected":false},"featured_media":16513,"template":"","meta":{"_acf_changed":false},"journal":[],"rodzaj":[],"seria":[],"product_brand":[],"product_cat":[6934],"product_tag":[7626,7627],"class_list":{"0":"post-46626","1":"product","2":"type-product","3":"status-publish","4":"has-post-thumbnail","6":"product_cat-ekonomia","7":"product_tag-eugeniusz-gostomskieugeniusz-gostomski","8":"product_tag-tomasz-nowosielskitomasz-nowosielski","9":"pa_rok-wydania-2020-en","11":"first","12":"outofstock","13":"taxable","14":"shipping-taxable","15":"purchasable","16":"product-type-simple"},"acf":[],"_links":{"self":[{"href":"https:\/\/wydawnictwo.ug.edu.pl\/en\/wp-json\/wp\/v2\/product\/46626","targetHints":{"allow":["GET"]}}],"collection":[{"href":"https:\/\/wydawnictwo.ug.edu.pl\/en\/wp-json\/wp\/v2\/product"}],"about":[{"href":"https:\/\/wydawnictwo.ug.edu.pl\/en\/wp-json\/wp\/v2\/types\/product"}],"wp:featuredmedia":[{"embeddable":true,"href":"https:\/\/wydawnictwo.ug.edu.pl\/en\/wp-json\/wp\/v2\/media\/16513"}],"wp:attachment":[{"href":"https:\/\/wydawnictwo.ug.edu.pl\/en\/wp-json\/wp\/v2\/media?parent=46626"}],"wp:term":[{"taxonomy":"journal","embeddable":true,"href":"https:\/\/wydawnictwo.ug.edu.pl\/en\/wp-json\/wp\/v2\/journal?post=46626"},{"taxonomy":"rodzaj","embeddable":true,"href":"https:\/\/wydawnictwo.ug.edu.pl\/en\/wp-json\/wp\/v2\/rodzaj?post=46626"},{"taxonomy":"seria","embeddable":true,"href":"https:\/\/wydawnictwo.ug.edu.pl\/en\/wp-json\/wp\/v2\/seria?post=46626"},{"taxonomy":"product_brand","embeddable":true,"href":"https:\/\/wydawnictwo.ug.edu.pl\/en\/wp-json\/wp\/v2\/product_brand?post=46626"},{"taxonomy":"product_cat","embeddable":true,"href":"https:\/\/wydawnictwo.ug.edu.pl\/en\/wp-json\/wp\/v2\/product_cat?post=46626"},{"taxonomy":"product_tag","embeddable":true,"href":"https:\/\/wydawnictwo.ug.edu.pl\/en\/wp-json\/wp\/v2\/product_tag?post=46626"}],"curies":[{"name":"wp","href":"https:\/\/api.w.org\/{rel}","templated":true}]}}