{"id":46619,"date":"2019-12-02T00:00:00","date_gmt":"2019-12-02T00:00:00","guid":{"rendered":"https:\/\/wydawnictwo.ug.edu.pl\/ksiegarnia-online\/uncategorized\/metody-opisu-statystycznego\/"},"modified":"2026-02-11T14:19:47","modified_gmt":"2026-02-11T14:19:47","slug":"metody-opisu-statystycznego","status":"publish","type":"product","link":"https:\/\/wydawnictwo.ug.edu.pl\/en\/ksiegarnia-online\/matematyka-i-informatyka\/metody-opisu-statystycznego\/","title":{"rendered":"Metody opisu statystycznego"},"content":{"rendered":"","protected":false},"excerpt":{"rendered":"<p>Zasadniczym celem, jaki autorki postawi\u0142y przed sob\u0105, by\u0142o dostarczenie pewnego rodzaju \u201eprzewodnika\u201d, umo\u017cliwiaj\u0105cego samodzielne przeprowadzenie badania statystycznego \u2013 od sformu\u0142owania celu badania, przez dob\u00f3r cech, obserwacj\u0119 statystyczn\u0105, a nast\u0119pnie opracowanie materia\u0142u i analiz\u0119 prawid\u0142owo\u015bci charakteryzuj\u0105cych badan\u0105 zbiorowo\u015b\u0107.<\/p>\n","protected":false},"featured_media":15812,"template":"","meta":{"_acf_changed":false},"journal":[],"rodzaj":[],"seria":[],"product_brand":[],"product_cat":[7309],"product_tag":[8036,8037],"class_list":{"0":"post-46619","1":"product","2":"type-product","3":"status-publish","4":"has-post-thumbnail","6":"product_cat-matematyka-i-informatyka","7":"product_tag-danuta-urbanek-krzysztofiak","8":"product_tag-wieslawa-makacwieslawa-makac","9":"pa_rok-wydania-2020-en","11":"first","12":"outofstock","13":"taxable","14":"shipping-taxable","15":"purchasable","16":"product-type-simple"},"acf":[],"_links":{"self":[{"href":"https:\/\/wydawnictwo.ug.edu.pl\/en\/wp-json\/wp\/v2\/product\/46619","targetHints":{"allow":["GET"]}}],"collection":[{"href":"https:\/\/wydawnictwo.ug.edu.pl\/en\/wp-json\/wp\/v2\/product"}],"about":[{"href":"https:\/\/wydawnictwo.ug.edu.pl\/en\/wp-json\/wp\/v2\/types\/product"}],"wp:featuredmedia":[{"embeddable":true,"href":"https:\/\/wydawnictwo.ug.edu.pl\/en\/wp-json\/wp\/v2\/media\/15812"}],"wp:attachment":[{"href":"https:\/\/wydawnictwo.ug.edu.pl\/en\/wp-json\/wp\/v2\/media?parent=46619"}],"wp:term":[{"taxonomy":"journal","embeddable":true,"href":"https:\/\/wydawnictwo.ug.edu.pl\/en\/wp-json\/wp\/v2\/journal?post=46619"},{"taxonomy":"rodzaj","embeddable":true,"href":"https:\/\/wydawnictwo.ug.edu.pl\/en\/wp-json\/wp\/v2\/rodzaj?post=46619"},{"taxonomy":"seria","embeddable":true,"href":"https:\/\/wydawnictwo.ug.edu.pl\/en\/wp-json\/wp\/v2\/seria?post=46619"},{"taxonomy":"product_brand","embeddable":true,"href":"https:\/\/wydawnictwo.ug.edu.pl\/en\/wp-json\/wp\/v2\/product_brand?post=46619"},{"taxonomy":"product_cat","embeddable":true,"href":"https:\/\/wydawnictwo.ug.edu.pl\/en\/wp-json\/wp\/v2\/product_cat?post=46619"},{"taxonomy":"product_tag","embeddable":true,"href":"https:\/\/wydawnictwo.ug.edu.pl\/en\/wp-json\/wp\/v2\/product_tag?post=46619"}],"curies":[{"name":"wp","href":"https:\/\/api.w.org\/{rel}","templated":true}]}}