{"id":46616,"date":"2019-12-30T00:00:00","date_gmt":"2019-12-30T00:00:00","guid":{"rendered":"https:\/\/wydawnictwo.ug.edu.pl\/ksiegarnia-online\/uncategorized\/chinskie-sztuki-walki-cialo-umysl-sport-i-tradycja\/"},"modified":"2026-02-11T14:19:53","modified_gmt":"2026-02-11T14:19:53","slug":"chinskie-sztuki-walki-cialo-umysl-sport-i-tradycja","status":"publish","type":"product","link":"https:\/\/wydawnictwo.ug.edu.pl\/en\/ksiegarnia-online\/etnologia-i-antropologia-kulturowa\/chinskie-sztuki-walki-cialo-umysl-sport-i-tradycja\/","title":{"rendered":"Chi\u0144skie sztuki walki. Cia\u0142o, umys\u0142, sport i tradycja"},"content":{"rendered":"","protected":false},"excerpt":{"rendered":"<p>Chi\u0144skie sztuki walki zwane wushu zd\u0105\u017cy\u0142y przez lata obrosn\u0105\u0107 wieloma mitami zwi\u0105zanymi z ich histori\u0105, filozofi\u0105 i wp\u0142ywem na rozw\u00f3j cz\u0142owieka. W zachodniej \u015bwiadomo\u015bci zawsze postrzegane przez pryzmat efektownych, owianych tajemnic\u0105 technik, na Dalekim Wschodzie uto\u017csamiane z zachowaniem harmonii pomi\u0119dzy cia\u0142em i umys\u0142em. Pojawia si\u0119 pytanie, czym naprawd\u0119 s\u0105 sztuki walki na Dalekim Wschodzie i jak zg\u0142\u0119bi\u0107 ich wszystkie tajniki? Publikacja <em>Chi\u0144skie sztuki walki: cia\u0142o, umys\u0142, sport i tradycja<\/em> zabiera Czytelnika w podr\u00f3\u017c \u015bladami jednego z najwa\u017cniejszych element\u00f3w kultury Pa\u0144stwa \u015arodka, jakim jest wushu. Nie zabraknie w niej zagadnie\u0144 teoretycznych skoncentrowanych na technicznych aspektach treningu, spojrzenia historycznego na rozw\u00f3j dyscypliny, a tak\u017ce obrazu wushu w kulturze popularnej. Mamy nadziej\u0119, \u017ce ta niezwyk\u0142a wyprawa stanie si\u0119 inspiracj\u0105 dla adept\u00f3w i trener\u00f3w, a tak\u017ce pozwoli uchyli\u0107 r\u0105bka magii wushu nowicjuszom.<\/p>\n<p>Publikacja z serii wydawniczej Za Wielkim Murem. Szkice o Chinach Instytutu Konfucjusza przy Uniwersytecie Gda\u0144skim<\/p>\n","protected":false},"featured_media":15410,"template":"","meta":{"_acf_changed":false},"journal":[],"rodzaj":[7077,7076],"seria":[7974],"product_brand":[],"product_cat":[6970],"product_tag":[8033,7356],"class_list":{"0":"post-46616","1":"product","2":"type-product","3":"status-publish","4":"has-post-thumbnail","6":"rodzaj-czasopismo","7":"rodzaj-serie-wydawnicze","8":"seria-za-wielkim-murem-szkice-o-chinach","9":"product_cat-etnologia-i-antropologia-kulturowa","10":"product_tag-krzysztof-brzozowskikrzysztof-brzozowski","11":"product_tag-wojciech-bizonwojciech-bizon","13":"first","14":"instock","15":"taxable","16":"shipping-taxable","17":"purchasable","18":"product-type-simple"},"acf":[],"_links":{"self":[{"href":"https:\/\/wydawnictwo.ug.edu.pl\/en\/wp-json\/wp\/v2\/product\/46616","targetHints":{"allow":["GET"]}}],"collection":[{"href":"https:\/\/wydawnictwo.ug.edu.pl\/en\/wp-json\/wp\/v2\/product"}],"about":[{"href":"https:\/\/wydawnictwo.ug.edu.pl\/en\/wp-json\/wp\/v2\/types\/product"}],"wp:featuredmedia":[{"embeddable":true,"href":"https:\/\/wydawnictwo.ug.edu.pl\/en\/wp-json\/wp\/v2\/media\/15410"}],"wp:attachment":[{"href":"https:\/\/wydawnictwo.ug.edu.pl\/en\/wp-json\/wp\/v2\/media?parent=46616"}],"wp:term":[{"taxonomy":"journal","embeddable":true,"href":"https:\/\/wydawnictwo.ug.edu.pl\/en\/wp-json\/wp\/v2\/journal?post=46616"},{"taxonomy":"rodzaj","embeddable":true,"href":"https:\/\/wydawnictwo.ug.edu.pl\/en\/wp-json\/wp\/v2\/rodzaj?post=46616"},{"taxonomy":"seria","embeddable":true,"href":"https:\/\/wydawnictwo.ug.edu.pl\/en\/wp-json\/wp\/v2\/seria?post=46616"},{"taxonomy":"product_brand","embeddable":true,"href":"https:\/\/wydawnictwo.ug.edu.pl\/en\/wp-json\/wp\/v2\/product_brand?post=46616"},{"taxonomy":"product_cat","embeddable":true,"href":"https:\/\/wydawnictwo.ug.edu.pl\/en\/wp-json\/wp\/v2\/product_cat?post=46616"},{"taxonomy":"product_tag","embeddable":true,"href":"https:\/\/wydawnictwo.ug.edu.pl\/en\/wp-json\/wp\/v2\/product_tag?post=46616"}],"curies":[{"name":"wp","href":"https:\/\/api.w.org\/{rel}","templated":true}]}}