{"id":46615,"date":"2019-12-30T00:10:00","date_gmt":"2019-12-30T00:10:00","guid":{"rendered":"https:\/\/wydawnictwo.ug.edu.pl\/ksiegarnia-online\/uncategorized\/gdanskie-studia-prawnicze-3-2020-kuratorska-sluzba-sadowa-i-jej-funkcjonowanie-rozne-perspektywy\/"},"modified":"2026-02-11T14:19:58","modified_gmt":"2026-02-11T14:19:58","slug":"gdanskie-studia-prawnicze-3-2020-kuratorska-sluzba-sadowa-i-jej-funkcjonowanie-rozne-perspektywy","status":"publish","type":"product","link":"https:\/\/wydawnictwo.ug.edu.pl\/en\/ksiegarnia-online\/prawo-i-administracja\/gdanskie-studia-prawnicze-3-2020-kuratorska-sluzba-sadowa-i-jej-funkcjonowanie-rozne-perspektywy\/","title":{"rendered":"Gda\u0144skie Studia Prawnicze 3(47)\/2020"},"content":{"rendered":"","protected":false},"excerpt":{"rendered":"<p>Gda\u0144skie Studia Prawnicze 3(47)\/2020: Kuratorska s\u0142u\u017cba s\u0105dowa i jej funkcjonowanie \u2013 r\u00f3\u017cne perspektywy<\/p>\n<p>\u201eGda\u0144skie Studia Prawnicze\u201d to czasopismo naukowe Wydzia\u0142u Prawa i Administracji Uniwersytetu Gda\u0144skiego, kt\u00f3re ukazuje si\u0119 pocz\u0105wszy od 1996 roku, stanowi\u0105c przestrze\u0144 dla upowszechniania osi\u0105gni\u0119\u0107 i wynik\u00f3w bada\u0144 z zakresu nauk prawnych. Wersja elektroniczna jest wersj\u0105 pierwotn\u0105 czasopisma.<\/p>\n","protected":false},"featured_media":30077,"template":"","meta":{"_acf_changed":false},"journal":[7062],"rodzaj":[7077],"seria":[],"product_brand":[],"product_cat":[6932],"product_tag":[],"class_list":{"0":"post-46615","1":"product","2":"type-product","3":"status-publish","4":"has-post-thumbnail","6":"journal-gdanskie-studia-prawnicze","7":"rodzaj-czasopismo","8":"product_cat-prawo-i-administracja","9":"pa_rok-wydania-2020-en","11":"first","12":"outofstock","13":"taxable","14":"shipping-taxable","15":"purchasable","16":"product-type-simple"},"acf":[],"_links":{"self":[{"href":"https:\/\/wydawnictwo.ug.edu.pl\/en\/wp-json\/wp\/v2\/product\/46615","targetHints":{"allow":["GET"]}}],"collection":[{"href":"https:\/\/wydawnictwo.ug.edu.pl\/en\/wp-json\/wp\/v2\/product"}],"about":[{"href":"https:\/\/wydawnictwo.ug.edu.pl\/en\/wp-json\/wp\/v2\/types\/product"}],"wp:featuredmedia":[{"embeddable":true,"href":"https:\/\/wydawnictwo.ug.edu.pl\/en\/wp-json\/wp\/v2\/media\/30077"}],"wp:attachment":[{"href":"https:\/\/wydawnictwo.ug.edu.pl\/en\/wp-json\/wp\/v2\/media?parent=46615"}],"wp:term":[{"taxonomy":"journal","embeddable":true,"href":"https:\/\/wydawnictwo.ug.edu.pl\/en\/wp-json\/wp\/v2\/journal?post=46615"},{"taxonomy":"rodzaj","embeddable":true,"href":"https:\/\/wydawnictwo.ug.edu.pl\/en\/wp-json\/wp\/v2\/rodzaj?post=46615"},{"taxonomy":"seria","embeddable":true,"href":"https:\/\/wydawnictwo.ug.edu.pl\/en\/wp-json\/wp\/v2\/seria?post=46615"},{"taxonomy":"product_brand","embeddable":true,"href":"https:\/\/wydawnictwo.ug.edu.pl\/en\/wp-json\/wp\/v2\/product_brand?post=46615"},{"taxonomy":"product_cat","embeddable":true,"href":"https:\/\/wydawnictwo.ug.edu.pl\/en\/wp-json\/wp\/v2\/product_cat?post=46615"},{"taxonomy":"product_tag","embeddable":true,"href":"https:\/\/wydawnictwo.ug.edu.pl\/en\/wp-json\/wp\/v2\/product_tag?post=46615"}],"curies":[{"name":"wp","href":"https:\/\/api.w.org\/{rel}","templated":true}]}}