{"id":46612,"date":"2018-12-02T00:00:00","date_gmt":"2018-12-02T00:00:00","guid":{"rendered":"https:\/\/wydawnictwo.ug.edu.pl\/ksiegarnia-online\/uncategorized\/wiedza-i-jej-transfer-z-perspektywy-wspolczesnej-ekonomii\/"},"modified":"2026-02-11T15:33:44","modified_gmt":"2026-02-11T15:33:44","slug":"wiedza-i-jej-transfer-z-perspektywy-wspolczesnej-ekonomii","status":"publish","type":"product","link":"https:\/\/wydawnictwo.ug.edu.pl\/en\/ksiegarnia-online\/ekonomia\/wiedza-i-jej-transfer-z-perspektywy-wspolczesnej-ekonomii\/","title":{"rendered":"Wiedza i jej transfer z perspektywy wsp\u00f3\u0142czesnej ekonomii"},"content":{"rendered":"","protected":false},"excerpt":{"rendered":"<p>Niniejsza ksi\u0105\u017cka nie jest wy\u0142\u0105cznie rozpraw\u0105 o ekonomicznych aspektach proces\u00f3w dyfuzji wiedzy oraz wspierania edukacji jako sk\u0142adowych dzia\u0142a\u0144 prorozwojowych. Bazuj\u0105c na za\u0142o\u017ceniach, \u017ce w praktyce ludzie wymykaj\u0105 si\u0119 sztywnym ramom racjonalnie zdefiniowanych mechanizm\u00f3w i przez to podejmuj\u0105 w swym \u017cyciu, tak\u017ce na \u015bcie\u017cce kszta\u0142cenia, szereg niepo\u017c\u0105danych decyzji, pr\u00f3buje wyja\u015bni\u0107, jak w prosty i zarazem skuteczny spos\u00f3b tak pokierowa\u0107 procesami transferu wiedzy, aby relatywnie tanio wyeliminowa\u0107 niekorzystny wp\u0142yw ludzkich u\u0142omno\u015bci. Jako \u017ce tradycyjne podej\u015bcia do tych zagadnie\u0144 wydaj\u0105 si\u0119 nie nad\u0105\u017ca\u0107 za dynamicznie zmieniaj\u0105cym si\u0119 teatrem zmaga\u0144 decydent\u00f3w, z pomoc\u0105 przychodz\u0105 metody i narz\u0119dzia sk\u0142adaj\u0105ce si\u0119 na wci\u0105\u017c rozwijane instrumentarium ekonomii behawioralnej. Zaproponowane w ksi\u0105\u017cce podej\u015bcie, konsoliduj\u0105ce w sp\u00f3jny konstrukt kilka pozornie roz\u0142\u0105cznych kwestii, takich jak: filozoficzno-psychologiczne podstawy wiedzy i poznania, ekonomiczne uwarunkowania transferu wiedzy, elementy teorii uczenia si\u0119 oraz sposoby rozwijania edukacji, w tym ekonomicznej, w zestawieniu ze zdobyczami ekonomii behawioralnej (tymi o ugruntowanej pozycji, jak\u00a0<em>framing<\/em>\u00a0czy\u00a0<em>priming<\/em>, i relatywnie nowymi, okre\u015blanymi jako impulsy \u2013\u00a0<em>nudges<\/em>), pozwoli\u0142o t\u0119 luk\u0119 do pewnego stopnia zape\u0142ni\u0107. W efekcie coraz wi\u0119cej wiemy, jak w spos\u00f3b relatywnie tani i nieskomplikowany prowadzi\u0107 skuteczne interwencje w szerokim spektrum polityki edukacyjnej oraz w konkretnych dziedzinach kszta\u0142cenia \u2013 r\u00f3wnie\u017c ekonomicznego.<\/p>\n","protected":false},"featured_media":15041,"template":"","meta":{"_acf_changed":false},"journal":[],"rodzaj":[],"seria":[],"product_brand":[],"product_cat":[6934],"product_tag":[7356],"class_list":{"0":"post-46612","1":"product","2":"type-product","3":"status-publish","4":"has-post-thumbnail","6":"product_cat-ekonomia","7":"product_tag-wojciech-bizonwojciech-bizon","9":"first","10":"outofstock","11":"taxable","12":"shipping-taxable","13":"product-type-simple"},"acf":[],"_links":{"self":[{"href":"https:\/\/wydawnictwo.ug.edu.pl\/en\/wp-json\/wp\/v2\/product\/46612","targetHints":{"allow":["GET"]}}],"collection":[{"href":"https:\/\/wydawnictwo.ug.edu.pl\/en\/wp-json\/wp\/v2\/product"}],"about":[{"href":"https:\/\/wydawnictwo.ug.edu.pl\/en\/wp-json\/wp\/v2\/types\/product"}],"wp:featuredmedia":[{"embeddable":true,"href":"https:\/\/wydawnictwo.ug.edu.pl\/en\/wp-json\/wp\/v2\/media\/15041"}],"wp:attachment":[{"href":"https:\/\/wydawnictwo.ug.edu.pl\/en\/wp-json\/wp\/v2\/media?parent=46612"}],"wp:term":[{"taxonomy":"journal","embeddable":true,"href":"https:\/\/wydawnictwo.ug.edu.pl\/en\/wp-json\/wp\/v2\/journal?post=46612"},{"taxonomy":"rodzaj","embeddable":true,"href":"https:\/\/wydawnictwo.ug.edu.pl\/en\/wp-json\/wp\/v2\/rodzaj?post=46612"},{"taxonomy":"seria","embeddable":true,"href":"https:\/\/wydawnictwo.ug.edu.pl\/en\/wp-json\/wp\/v2\/seria?post=46612"},{"taxonomy":"product_brand","embeddable":true,"href":"https:\/\/wydawnictwo.ug.edu.pl\/en\/wp-json\/wp\/v2\/product_brand?post=46612"},{"taxonomy":"product_cat","embeddable":true,"href":"https:\/\/wydawnictwo.ug.edu.pl\/en\/wp-json\/wp\/v2\/product_cat?post=46612"},{"taxonomy":"product_tag","embeddable":true,"href":"https:\/\/wydawnictwo.ug.edu.pl\/en\/wp-json\/wp\/v2\/product_tag?post=46612"}],"curies":[{"name":"wp","href":"https:\/\/api.w.org\/{rel}","templated":true}]}}