{"id":46611,"date":"2018-12-02T00:00:00","date_gmt":"2018-12-02T00:00:00","guid":{"rendered":"https:\/\/wydawnictwo.ug.edu.pl\/ksiegarnia-online\/uncategorized\/zrozumiec-swiat-liczb\/"},"modified":"2026-02-11T15:33:46","modified_gmt":"2026-02-11T15:33:46","slug":"zrozumiec-swiat-liczb","status":"publish","type":"product","link":"https:\/\/wydawnictwo.ug.edu.pl\/en\/ksiegarnia-online\/matematyka-i-informatyka\/zrozumiec-swiat-liczb\/","title":{"rendered":"Zrozumie\u0107 \u015bwiat liczb"},"content":{"rendered":"","protected":false},"excerpt":{"rendered":"<p>Co nowego o \u015bwiecie, w kt\u00f3rym \u017cyjemy, mog\u0105 nam powiedzie\u0107\u00a0rosn\u0105ce ilo\u015bci zbieranych i przetwarzanych coraz szybciej danych\u00a0liczbowych? Czy pozwalaj\u0105 lepiej zrozumie\u0107 \u015bwiat i poczu\u0107 si\u0119\u00a0w nim bezpieczniej? Na te i inne pytania znajdziemy odpowied\u017a\u00a0w ksi\u0105\u017cce, w kt\u00f3rej Autor w 27 kr\u00f3tkich opracowaniach w spos\u00f3b\u00a0przyst\u0119pny, niewymagaj\u0105cy znajomo\u015bci zaawansowanej matematyki, prezentuje wiedz\u0119, jak\u0105 mo\u017cna odnale\u017a\u0107 w zbiorach liczb.\u00a0Jak przekonuje: \u201ePomiar liczbowy, aczkolwiek coraz powszechniejszy\u00a0w r\u00f3\u017cnych zastosowaniach, nie musi by\u0107 traktowany jako konkurencyjny wzgl\u0119dem kompetencji cz\u0142owieka&#8221;.<\/p>\n","protected":false},"featured_media":15033,"template":"","meta":{"_acf_changed":false},"journal":[],"rodzaj":[],"seria":[],"product_brand":[],"product_cat":[7309],"product_tag":[7612],"class_list":{"0":"post-46611","1":"product","2":"type-product","3":"status-publish","4":"has-post-thumbnail","6":"product_cat-matematyka-i-informatyka","7":"product_tag-miroslaw-szredermiroslaw-szreder","9":"first","10":"outofstock","11":"taxable","12":"shipping-taxable","13":"purchasable","14":"product-type-simple"},"acf":[],"_links":{"self":[{"href":"https:\/\/wydawnictwo.ug.edu.pl\/en\/wp-json\/wp\/v2\/product\/46611","targetHints":{"allow":["GET"]}}],"collection":[{"href":"https:\/\/wydawnictwo.ug.edu.pl\/en\/wp-json\/wp\/v2\/product"}],"about":[{"href":"https:\/\/wydawnictwo.ug.edu.pl\/en\/wp-json\/wp\/v2\/types\/product"}],"wp:featuredmedia":[{"embeddable":true,"href":"https:\/\/wydawnictwo.ug.edu.pl\/en\/wp-json\/wp\/v2\/media\/15033"}],"wp:attachment":[{"href":"https:\/\/wydawnictwo.ug.edu.pl\/en\/wp-json\/wp\/v2\/media?parent=46611"}],"wp:term":[{"taxonomy":"journal","embeddable":true,"href":"https:\/\/wydawnictwo.ug.edu.pl\/en\/wp-json\/wp\/v2\/journal?post=46611"},{"taxonomy":"rodzaj","embeddable":true,"href":"https:\/\/wydawnictwo.ug.edu.pl\/en\/wp-json\/wp\/v2\/rodzaj?post=46611"},{"taxonomy":"seria","embeddable":true,"href":"https:\/\/wydawnictwo.ug.edu.pl\/en\/wp-json\/wp\/v2\/seria?post=46611"},{"taxonomy":"product_brand","embeddable":true,"href":"https:\/\/wydawnictwo.ug.edu.pl\/en\/wp-json\/wp\/v2\/product_brand?post=46611"},{"taxonomy":"product_cat","embeddable":true,"href":"https:\/\/wydawnictwo.ug.edu.pl\/en\/wp-json\/wp\/v2\/product_cat?post=46611"},{"taxonomy":"product_tag","embeddable":true,"href":"https:\/\/wydawnictwo.ug.edu.pl\/en\/wp-json\/wp\/v2\/product_tag?post=46611"}],"curies":[{"name":"wp","href":"https:\/\/api.w.org\/{rel}","templated":true}]}}