{"id":46610,"date":"2018-12-02T00:00:00","date_gmt":"2018-12-02T00:00:00","guid":{"rendered":"https:\/\/wydawnictwo.ug.edu.pl\/ksiegarnia-online\/uncategorized\/niepoprawny-istnieniowiec-boleslaw-lesmian-i-doswiadczenie-literatury\/"},"modified":"2026-02-11T15:33:32","modified_gmt":"2026-02-11T15:33:32","slug":"niepoprawny-istnieniowiec-boleslaw-lesmian-i-doswiadczenie-literatury","status":"publish","type":"product","link":"https:\/\/wydawnictwo.ug.edu.pl\/en\/ksiegarnia-online\/literaturoznawstwo\/niepoprawny-istnieniowiec-boleslaw-lesmian-i-doswiadczenie-literatury\/","title":{"rendered":"Niepoprawny istnieniowiec. Boles\u0142aw Le\u015bmian i do\u015bwiadczenie literatury"},"content":{"rendered":"","protected":false},"excerpt":{"rendered":"<p>Wykorzystuj\u0105c r\u00f3\u017cne j\u0119zyki humanistyki, ksi\u0105\u017cka ta opowiada\u00a0o do\u015bwiadczeniu poezji i egzystencji, egzystencji i poezji &#8211; tego\u00a0nierozerwalnego splotu &#8211; w kt\u00f3rym odbywa si\u0119 niepokoj\u0105ca gra\u00a0Boles\u0142awa Le\u015bmiana o w\u0142asn\u0105 podmiotowo\u015b\u0107. Bohaterem tej ksi\u0105\u017cki\u00a0jest zatem Lesman\/Le\u015bmian &#8211; \u201eniepoprawny istnieniowiec&#8221;, zmagaj\u0105cy\u00a0si\u0119 z bolesnym poczuciem kl\u0119ski i jednocze\u015bnie za\u015bwiadczaj\u0105cy\u00a0na r\u00f3\u017cne sposoby o \u017cyciu. Le\u015bmian \u201eniesamowity&#8221; i Le\u015bmian \u201efascynuj\u0105cy&#8221;, kt\u00f3ry dla siebie i dla nas nie chce by\u0107 tylko Le\u015bmianem.<\/p>\n","protected":false},"featured_media":17615,"template":"","meta":{"_acf_changed":false},"journal":[],"rodzaj":[7074],"seria":[],"product_brand":[],"product_cat":[6925],"product_tag":[7552],"class_list":{"0":"post-46610","1":"product","2":"type-product","3":"status-publish","4":"has-post-thumbnail","6":"rodzaj-ksiazki","7":"product_cat-literaturoznawstwo","8":"product_tag-dariusz-szczukowski","9":"pa_rok-wydania-2019-en","11":"first","12":"outofstock","13":"taxable","14":"shipping-taxable","15":"product-type-simple"},"acf":[],"_links":{"self":[{"href":"https:\/\/wydawnictwo.ug.edu.pl\/en\/wp-json\/wp\/v2\/product\/46610","targetHints":{"allow":["GET"]}}],"collection":[{"href":"https:\/\/wydawnictwo.ug.edu.pl\/en\/wp-json\/wp\/v2\/product"}],"about":[{"href":"https:\/\/wydawnictwo.ug.edu.pl\/en\/wp-json\/wp\/v2\/types\/product"}],"wp:featuredmedia":[{"embeddable":true,"href":"https:\/\/wydawnictwo.ug.edu.pl\/en\/wp-json\/wp\/v2\/media\/17615"}],"wp:attachment":[{"href":"https:\/\/wydawnictwo.ug.edu.pl\/en\/wp-json\/wp\/v2\/media?parent=46610"}],"wp:term":[{"taxonomy":"journal","embeddable":true,"href":"https:\/\/wydawnictwo.ug.edu.pl\/en\/wp-json\/wp\/v2\/journal?post=46610"},{"taxonomy":"rodzaj","embeddable":true,"href":"https:\/\/wydawnictwo.ug.edu.pl\/en\/wp-json\/wp\/v2\/rodzaj?post=46610"},{"taxonomy":"seria","embeddable":true,"href":"https:\/\/wydawnictwo.ug.edu.pl\/en\/wp-json\/wp\/v2\/seria?post=46610"},{"taxonomy":"product_brand","embeddable":true,"href":"https:\/\/wydawnictwo.ug.edu.pl\/en\/wp-json\/wp\/v2\/product_brand?post=46610"},{"taxonomy":"product_cat","embeddable":true,"href":"https:\/\/wydawnictwo.ug.edu.pl\/en\/wp-json\/wp\/v2\/product_cat?post=46610"},{"taxonomy":"product_tag","embeddable":true,"href":"https:\/\/wydawnictwo.ug.edu.pl\/en\/wp-json\/wp\/v2\/product_tag?post=46610"}],"curies":[{"name":"wp","href":"https:\/\/api.w.org\/{rel}","templated":true}]}}