{"id":46608,"date":"2018-12-02T00:00:00","date_gmt":"2018-12-02T00:00:00","guid":{"rendered":"https:\/\/wydawnictwo.ug.edu.pl\/ksiegarnia-online\/uncategorized\/decyzje-transportowe-mieszkancow-w-zakresie-codziennych-podrozy-a-jakosc-zycia\/"},"modified":"2026-02-11T14:48:20","modified_gmt":"2026-02-11T14:48:20","slug":"decyzje-transportowe-mieszkancow-w-zakresie-codziennych-podrozy-a-jakosc-zycia","status":"publish","type":"product","link":"https:\/\/wydawnictwo.ug.edu.pl\/en\/ksiegarnia-online\/ekonomia\/decyzje-transportowe-mieszkancow-w-zakresie-codziennych-podrozy-a-jakosc-zycia\/","title":{"rendered":"Decyzje transportowe mieszka\u0144c\u00f3w w zakresie codziennych podr\u00f3\u017cy a jako\u015b\u0107 \u017cycia"},"content":{"rendered":"","protected":false},"excerpt":{"rendered":"<p>Nurt bada\u0144 uwzgl\u0119dniaj\u0105cy skomplikowane relacje mi\u0119dzy decyzjami transportowymi mieszka\u0144c\u00f3w, ich poziomem zdrowia i jako\u015bci\u0105 \u017cycia jest inspiracj\u0105 oraz punktem wyj\u015bcia do niniejszej pracy, kt\u00f3rej celem jest ustalenie, jakie przes\u0142anki determinuj\u0105 wyb\u00f3r przez podr\u00f3\u017cnych okre\u015blonego sposobu podr\u00f3\u017cy i w jaki spos\u00f3b wp\u0142ywa to na ich poziom zdrowia (fizycznego i mentalnego), a tak\u017ce jako\u015b\u0107 \u017cycia. W zwi\u0105zku z celem pracy przyj\u0119to g\u0142\u00f3wn\u0105 tez\u0119 badawcz\u0105 m\u00f3wi\u0105c\u0105 o tym, \u017ce w \u015bwietle uznanych teorii i koncepcji wp\u0142yw transportu na jako\u015b\u0107 \u017cycia ludzi jest zdeterminowany zar\u00f3wno przez stan systemu transportowego, jak i decyzje u\u017cytkownik\u00f3w transportu.<\/p>\n","protected":false},"featured_media":14989,"template":"","meta":{"_acf_changed":false},"journal":[],"rodzaj":[],"seria":[],"product_brand":[],"product_cat":[6934],"product_tag":[617],"class_list":{"0":"post-46608","1":"product","2":"type-product","3":"status-publish","4":"has-post-thumbnail","6":"product_cat-ekonomia","7":"product_tag-michal-suchanek","9":"first","10":"outofstock","11":"taxable","12":"shipping-taxable","13":"product-type-simple"},"acf":[],"_links":{"self":[{"href":"https:\/\/wydawnictwo.ug.edu.pl\/en\/wp-json\/wp\/v2\/product\/46608","targetHints":{"allow":["GET"]}}],"collection":[{"href":"https:\/\/wydawnictwo.ug.edu.pl\/en\/wp-json\/wp\/v2\/product"}],"about":[{"href":"https:\/\/wydawnictwo.ug.edu.pl\/en\/wp-json\/wp\/v2\/types\/product"}],"wp:featuredmedia":[{"embeddable":true,"href":"https:\/\/wydawnictwo.ug.edu.pl\/en\/wp-json\/wp\/v2\/media\/14989"}],"wp:attachment":[{"href":"https:\/\/wydawnictwo.ug.edu.pl\/en\/wp-json\/wp\/v2\/media?parent=46608"}],"wp:term":[{"taxonomy":"journal","embeddable":true,"href":"https:\/\/wydawnictwo.ug.edu.pl\/en\/wp-json\/wp\/v2\/journal?post=46608"},{"taxonomy":"rodzaj","embeddable":true,"href":"https:\/\/wydawnictwo.ug.edu.pl\/en\/wp-json\/wp\/v2\/rodzaj?post=46608"},{"taxonomy":"seria","embeddable":true,"href":"https:\/\/wydawnictwo.ug.edu.pl\/en\/wp-json\/wp\/v2\/seria?post=46608"},{"taxonomy":"product_brand","embeddable":true,"href":"https:\/\/wydawnictwo.ug.edu.pl\/en\/wp-json\/wp\/v2\/product_brand?post=46608"},{"taxonomy":"product_cat","embeddable":true,"href":"https:\/\/wydawnictwo.ug.edu.pl\/en\/wp-json\/wp\/v2\/product_cat?post=46608"},{"taxonomy":"product_tag","embeddable":true,"href":"https:\/\/wydawnictwo.ug.edu.pl\/en\/wp-json\/wp\/v2\/product_tag?post=46608"}],"curies":[{"name":"wp","href":"https:\/\/api.w.org\/{rel}","templated":true}]}}