{"id":46607,"date":"2018-12-02T00:00:00","date_gmt":"2018-12-02T00:00:00","guid":{"rendered":"https:\/\/wydawnictwo.ug.edu.pl\/ksiegarnia-online\/uncategorized\/regionalne-systemy-innowacji-w-polsce\/"},"modified":"2026-02-11T15:33:34","modified_gmt":"2026-02-11T15:33:34","slug":"regionalne-systemy-innowacji-w-polsce","status":"publish","type":"product","link":"https:\/\/wydawnictwo.ug.edu.pl\/en\/ksiegarnia-online\/ekonomia\/regionalne-systemy-innowacji-w-polsce\/","title":{"rendered":"Regionalne Systemy Innowacji w Polsce"},"content":{"rendered":"","protected":false},"excerpt":{"rendered":"<p>Pomimo bogatego dorobku naukowego po\u015bwi\u0119conego problematyce RSI na \u015bwiecie, systemy w Polsce nie zosta\u0142y w wystarczaj\u0105cy spos\u00f3b zbadane, co mo\u017ce wynika\u0107 po cz\u0119\u015bci z, jak okre\u015bla si\u0119 to w literaturze, dopiero \u201eraczkuj\u0105cej\u201d regionalnej polityki innowacji. Maj\u0105c na uwadze powy\u017csze, autorka zdecydowa\u0142a si\u0119 na podj\u0119cie pr\u00f3by rozszerzenia aktualnego stanu wiedzy na temat RSI w Polsce o zbadanie: element\u00f3w tworz\u0105cych potencja\u0142 innowacyjny system\u00f3w, wp\u0142ywu nak\u0142ad\u00f3w na efekty innowacji, oraz efektywno\u015bci technicznej system\u00f3w. Wyniki analizy potwierdzi\u0142y zr\u00f3\u017cnicowan\u0105 struktur\u0119 RSI w Polsce. Warto\u015bci indeksu potencja\u0142u innowacyjnego wskazuj\u0105, \u017ce nadal istnieje mo\u017cliwo\u015b\u0107 jego wzrostu w polskich region\u00f3w. Systemy okre\u015bli\u0107 mo\u017cna mianem fragmentarycznych, czyli takich, w kt\u00f3rych wsp\u00f3\u0142praca w ramach dzia\u0142alno\u015bci innowacyjnej pojawia si\u0119 sporadycznie. W wi\u0119kszo\u015bci region\u00f3w odnotowano wzrost publicznego wsparcia dzia\u0142alno\u015bci innowacyjnej, co mo\u017ce \u015bwiadczy\u0107 o potrzebie i wzro\u015bcie jego roli w regionalnych procesach innowacji. Nieefektywne systemy istniej\u0105 zar\u00f3wno w regionach zawieraj\u0105cych w sobie obszary metropolitalne, jak i nie posiadaj\u0105cych ich, peryferyjnych regionach Polski Wschodniej. Systemy s\u0105 podstaw\u0105 i jednocze\u015bnie adresatem polityki innowacji. Najwi\u0119kszy wp\u0142yw na pozycj\u0119 innowacyjn\u0105 RSI mia\u0142o regionalne otoczenie w postaci kapita\u0142u ludzkiego, instytucji, popytu i zdolno\u015bci absorpcyjnych. Jedynym czynnikiem, kt\u00f3ry pozostawa\u0142 bez istotnego wp\u0142ywu na efekty innowacji, okaza\u0142a si\u0119 wsp\u00f3\u0142praca przedsi\u0119biorstw, w tym ta realizowana w klastrach. Ten aspekt powinien sta\u0107 si\u0119 przedmiotem szerszej analizy w\u0142adz regionalnych we wszystkich regionach, poniewa\u017c to w\u0142a\u015bnie wsp\u00f3\u0142praca stanowi o istnieniu pe\u0142nego RSI.<\/p>\n","protected":false},"featured_media":17607,"template":"","meta":{"_acf_changed":false},"journal":[],"rodzaj":[],"seria":[],"product_brand":[],"product_cat":[6934],"product_tag":[8031],"class_list":{"0":"post-46607","1":"product","2":"type-product","3":"status-publish","4":"has-post-thumbnail","6":"product_cat-ekonomia","7":"product_tag-anna-golejewskaanna-golejewska","8":"pa_rok-wydania-2019-en","10":"first","11":"outofstock","12":"taxable","13":"shipping-taxable","14":"purchasable","15":"product-type-simple"},"acf":[],"_links":{"self":[{"href":"https:\/\/wydawnictwo.ug.edu.pl\/en\/wp-json\/wp\/v2\/product\/46607","targetHints":{"allow":["GET"]}}],"collection":[{"href":"https:\/\/wydawnictwo.ug.edu.pl\/en\/wp-json\/wp\/v2\/product"}],"about":[{"href":"https:\/\/wydawnictwo.ug.edu.pl\/en\/wp-json\/wp\/v2\/types\/product"}],"wp:featuredmedia":[{"embeddable":true,"href":"https:\/\/wydawnictwo.ug.edu.pl\/en\/wp-json\/wp\/v2\/media\/17607"}],"wp:attachment":[{"href":"https:\/\/wydawnictwo.ug.edu.pl\/en\/wp-json\/wp\/v2\/media?parent=46607"}],"wp:term":[{"taxonomy":"journal","embeddable":true,"href":"https:\/\/wydawnictwo.ug.edu.pl\/en\/wp-json\/wp\/v2\/journal?post=46607"},{"taxonomy":"rodzaj","embeddable":true,"href":"https:\/\/wydawnictwo.ug.edu.pl\/en\/wp-json\/wp\/v2\/rodzaj?post=46607"},{"taxonomy":"seria","embeddable":true,"href":"https:\/\/wydawnictwo.ug.edu.pl\/en\/wp-json\/wp\/v2\/seria?post=46607"},{"taxonomy":"product_brand","embeddable":true,"href":"https:\/\/wydawnictwo.ug.edu.pl\/en\/wp-json\/wp\/v2\/product_brand?post=46607"},{"taxonomy":"product_cat","embeddable":true,"href":"https:\/\/wydawnictwo.ug.edu.pl\/en\/wp-json\/wp\/v2\/product_cat?post=46607"},{"taxonomy":"product_tag","embeddable":true,"href":"https:\/\/wydawnictwo.ug.edu.pl\/en\/wp-json\/wp\/v2\/product_tag?post=46607"}],"curies":[{"name":"wp","href":"https:\/\/api.w.org\/{rel}","templated":true}]}}