{"id":46602,"date":"2018-12-02T00:00:00","date_gmt":"2018-12-02T00:00:00","guid":{"rendered":"https:\/\/wydawnictwo.ug.edu.pl\/ksiegarnia-online\/uncategorized\/angielska-utopia-literacka-okresu-oswiecenia\/"},"modified":"2026-02-11T14:48:24","modified_gmt":"2026-02-11T14:48:24","slug":"angielska-utopia-literacka-okresu-oswiecenia","status":"publish","type":"product","link":"https:\/\/wydawnictwo.ug.edu.pl\/en\/ksiegarnia-online\/literaturoznawstwo\/angielska-utopia-literacka-okresu-oswiecenia\/","title":{"rendered":"Angielska utopia literacka okresu O\u015bwiecenia"},"content":{"rendered":"","protected":false},"excerpt":{"rendered":"<p>Pierwszy tom serii \u201eBibliotheca Utopiana\u201d otwiera cykl publikacji zawieraj\u0105cych przek\u0142ady najwa\u017cniejszych tekst\u00f3w literatury utopijnej, dotychczas niedost\u0119pnych w j\u0119zyku polskim. Trzy zawarte w nim utwory reprezentuj\u0105 g\u0142\u00f3wne tendencje obecne w brytyjskiej literaturze utopijnej okresu O\u015bwiecenia: tradycyjn\u0105 utopi\u0119 literack\u0105 \u0142\u0105cz\u0105c\u0105 przygodow\u0105 akcj\u0119 z opisem idealnego pa\u0144stwa \u2013\u00a0<em>Podr\u00f3\u017c do \u015bwiata we wn\u0119trzu globu<\/em>, utopi\u0119 satyryczn\u0105 \u2013\u00a0<em>Podr\u00f3\u017c do Gdakogalii<\/em>, nawi\u0105zuj\u0105c\u0105 do najbardziej popularnego tekstu utopijnego w XVIII w., czyli\u00a0<em>Podr\u00f3\u017cy Guliwera<\/em>\u00a0Jonathana Swifta, oraz quasi-traktat utopijny\u00a0<em>Prawdziwe i wierne przedstawienie Wyspy Yeritas<\/em>, w kt\u00f3rym u\u017cycie konwencji gatunkowych utopii literackiej staje si\u0119 przede wszystkim pretekstem do przedstawienia religijnych, spo\u0142ecznych i politycznych idei autora. W kolejnych tomach znajd\u0105 si\u0119 nieznane dot\u0105d polskim czytelnikom teksty utopijne z okresu Renesansu i O\u015bwiecenia, pierwsze utopie feministyczne oraz najwcze\u015bniejsze utwory nale\u017c\u0105ce do literatury dystopijnej i antyutopijnej.<\/p>\n","protected":false},"featured_media":14791,"template":"","meta":{"_acf_changed":false},"journal":[],"rodzaj":[2602,2604],"seria":[6741],"product_brand":[],"product_cat":[6925],"product_tag":[343,555],"class_list":{"0":"post-46602","1":"product","2":"type-product","3":"status-publish","4":"has-post-thumbnail","6":"rodzaj-ksiazki","7":"rodzaj-serie-wydawnicze","8":"seria-bibliotheca-utopiana","9":"product_cat-literaturoznawstwo","10":"product_tag-artur-blaim","11":"product_tag-patricia-sorensen","13":"first","14":"outofstock","15":"taxable","16":"shipping-taxable","17":"product-type-simple"},"acf":[],"_links":{"self":[{"href":"https:\/\/wydawnictwo.ug.edu.pl\/en\/wp-json\/wp\/v2\/product\/46602","targetHints":{"allow":["GET"]}}],"collection":[{"href":"https:\/\/wydawnictwo.ug.edu.pl\/en\/wp-json\/wp\/v2\/product"}],"about":[{"href":"https:\/\/wydawnictwo.ug.edu.pl\/en\/wp-json\/wp\/v2\/types\/product"}],"wp:featuredmedia":[{"embeddable":true,"href":"https:\/\/wydawnictwo.ug.edu.pl\/en\/wp-json\/wp\/v2\/media\/14791"}],"wp:attachment":[{"href":"https:\/\/wydawnictwo.ug.edu.pl\/en\/wp-json\/wp\/v2\/media?parent=46602"}],"wp:term":[{"taxonomy":"journal","embeddable":true,"href":"https:\/\/wydawnictwo.ug.edu.pl\/en\/wp-json\/wp\/v2\/journal?post=46602"},{"taxonomy":"rodzaj","embeddable":true,"href":"https:\/\/wydawnictwo.ug.edu.pl\/en\/wp-json\/wp\/v2\/rodzaj?post=46602"},{"taxonomy":"seria","embeddable":true,"href":"https:\/\/wydawnictwo.ug.edu.pl\/en\/wp-json\/wp\/v2\/seria?post=46602"},{"taxonomy":"product_brand","embeddable":true,"href":"https:\/\/wydawnictwo.ug.edu.pl\/en\/wp-json\/wp\/v2\/product_brand?post=46602"},{"taxonomy":"product_cat","embeddable":true,"href":"https:\/\/wydawnictwo.ug.edu.pl\/en\/wp-json\/wp\/v2\/product_cat?post=46602"},{"taxonomy":"product_tag","embeddable":true,"href":"https:\/\/wydawnictwo.ug.edu.pl\/en\/wp-json\/wp\/v2\/product_tag?post=46602"}],"curies":[{"name":"wp","href":"https:\/\/api.w.org\/{rel}","templated":true}]}}