{"id":46601,"date":"2018-12-02T00:00:00","date_gmt":"2018-12-02T00:00:00","guid":{"rendered":"https:\/\/wydawnictwo.ug.edu.pl\/ksiegarnia-online\/uncategorized\/odslony-codziennosci-rzymskokatolickie-duchowienstwo-parafialne-na-prowincji-krolestwa-polskiego-na-przelomie-xix-i-xx-wieku\/"},"modified":"2026-02-11T15:33:40","modified_gmt":"2026-02-11T15:33:40","slug":"odslony-codziennosci-rzymskokatolickie-duchowienstwo-parafialne-na-prowincji-krolestwa-polskiego-na-przelomie-xix-i-xx-wieku","status":"publish","type":"product","link":"https:\/\/wydawnictwo.ug.edu.pl\/en\/ksiegarnia-online\/historia\/odslony-codziennosci-rzymskokatolickie-duchowienstwo-parafialne-na-prowincji-krolestwa-polskiego-na-przelomie-xix-i-xx-wieku\/","title":{"rendered":"Ods\u0142ony codzienno\u015bci. Rzymskokatolickie duchowie\u0144stwo parafialne na prowincji Kr\u00f3lestwa Polskiego na prze\u0142omie XIX i XX wieku"},"content":{"rendered":"","protected":false},"excerpt":{"rendered":"<p>Ods\u0142ony, jak w sztuce teatralnej, oznaczaj\u0105 tylko cz\u0119\u015b\u0107 przedstawienia,\u00a0jego fragmenty. Podobnie jest w przypadku prezentowanej pracy.\u00a0<em>Ods\u0142ony\u00a0codzienno\u015bci&#8230;<\/em>\u00a0to opracowanie podejmuj\u0105ce kilka wybranych zagadnie\u0144\u00a0maj\u0105cych wp\u0142yw na \u017cycie codzienne b\u0105d\u017a stanowi\u0105cych aspekt codzienno\u015bci rzymskokatolickiego duchowie\u0144stwa parafialnego na prowincji\u00a0Kr\u00f3lestwa Polskiego na prze\u0142omie XIX i XX wieku.<\/p>\n","protected":false},"featured_media":15061,"template":"","meta":{"_acf_changed":false},"journal":[],"rodzaj":[],"seria":[],"product_brand":[],"product_cat":[6958],"product_tag":[7814],"class_list":{"0":"post-46601","1":"product","2":"type-product","3":"status-publish","4":"has-post-thumbnail","6":"product_cat-historia","7":"product_tag-krzysztof-lewalski","9":"first","10":"outofstock","11":"taxable","12":"shipping-taxable","13":"purchasable","14":"product-type-simple"},"acf":[],"_links":{"self":[{"href":"https:\/\/wydawnictwo.ug.edu.pl\/en\/wp-json\/wp\/v2\/product\/46601","targetHints":{"allow":["GET"]}}],"collection":[{"href":"https:\/\/wydawnictwo.ug.edu.pl\/en\/wp-json\/wp\/v2\/product"}],"about":[{"href":"https:\/\/wydawnictwo.ug.edu.pl\/en\/wp-json\/wp\/v2\/types\/product"}],"wp:featuredmedia":[{"embeddable":true,"href":"https:\/\/wydawnictwo.ug.edu.pl\/en\/wp-json\/wp\/v2\/media\/15061"}],"wp:attachment":[{"href":"https:\/\/wydawnictwo.ug.edu.pl\/en\/wp-json\/wp\/v2\/media?parent=46601"}],"wp:term":[{"taxonomy":"journal","embeddable":true,"href":"https:\/\/wydawnictwo.ug.edu.pl\/en\/wp-json\/wp\/v2\/journal?post=46601"},{"taxonomy":"rodzaj","embeddable":true,"href":"https:\/\/wydawnictwo.ug.edu.pl\/en\/wp-json\/wp\/v2\/rodzaj?post=46601"},{"taxonomy":"seria","embeddable":true,"href":"https:\/\/wydawnictwo.ug.edu.pl\/en\/wp-json\/wp\/v2\/seria?post=46601"},{"taxonomy":"product_brand","embeddable":true,"href":"https:\/\/wydawnictwo.ug.edu.pl\/en\/wp-json\/wp\/v2\/product_brand?post=46601"},{"taxonomy":"product_cat","embeddable":true,"href":"https:\/\/wydawnictwo.ug.edu.pl\/en\/wp-json\/wp\/v2\/product_cat?post=46601"},{"taxonomy":"product_tag","embeddable":true,"href":"https:\/\/wydawnictwo.ug.edu.pl\/en\/wp-json\/wp\/v2\/product_tag?post=46601"}],"curies":[{"name":"wp","href":"https:\/\/api.w.org\/{rel}","templated":true}]}}