{"id":46595,"date":"2018-12-30T00:00:00","date_gmt":"2018-12-30T00:00:00","guid":{"rendered":"https:\/\/wydawnictwo.ug.edu.pl\/ksiegarnia-online\/uncategorized\/obszary-fennistyki-jezyk-kultura-narod\/"},"modified":"2026-02-11T14:48:26","modified_gmt":"2026-02-11T14:48:26","slug":"obszary-fennistyki-jezyk-kultura-narod","status":"publish","type":"product","link":"https:\/\/wydawnictwo.ug.edu.pl\/en\/ksiegarnia-online\/jezykoznawstwo\/obszary-fennistyki-jezyk-kultura-narod\/","title":{"rendered":"Obszary fennistyki. J\u0119zyk \u2013 kultura \u2013 nar\u00f3d"},"content":{"rendered":"","protected":false},"excerpt":{"rendered":"<p>Tom jest pok\u0142osiem konferencji naukowej \u201eObszary fennistyki: j\u0119zyk &#8211; kultura &#8211; nar\u00f3d\u201d, zorganizowanej z okazji 100-lecia niepodleg\u0142o\u015bci Finlandii. Zawiera artyku\u0142y tematyczne z zakresu j\u0119zykoznawstwa fi\u0144skiego, przek\u0142adoznawstwa, literaturoznawstwa, kulturoznawstwa, historii, a tak\u017ce z obszaru ekonomii. Podejmuje zagadnienia przybli\u017caj\u0105ce realia spo\u0142eczno-polityczne, j\u0119zykowo-kulturowe, historyczne i gospodarcze Finlandii.<\/p>\n<p>Autorami rozdzia\u0142\u00f3w s\u0105 badacze z UG, UW, UAM w Poznaniu oraz UJ w Krakowie.<\/p>\n<p>Studia P\u00f3\u0142nocnoeuropejskie to seria promuj\u0105ca naukowe eksploracje i badawcze pasje pracownik\u00f3w gda\u0144skiej skandynawistyki oraz zapraszanych do wsp\u00f3\u0142pracy badaczy z innych o\u015brodk\u00f3w akademickich. Planowane s\u0105 r\u00f3wnie\u017c tomy prezentuj\u0105ce studenck\u0105 aktywno\u015b\u0107 naukow\u0105.<\/p>\n<p>Publikacje tworz\u0105ce profil serii \u015bwiadcz\u0105 o ustawicznym redefiniowaniu i poszerzaniu obszar\u00f3w kulturowych eksplorowanych przez gda\u0144skich skandynawist\u00f3w i ich zainteresowaniu dynamik\u0105 proces\u00f3w zachodz\u0105cych na styku kultur.<\/p>\n","protected":false},"featured_media":17345,"template":"","meta":{"_acf_changed":false},"journal":[],"rodzaj":[7074,7076],"seria":[7119],"product_brand":[],"product_cat":[6924,6925],"product_tag":[7593],"class_list":{"0":"post-46595","1":"product","2":"type-product","3":"status-publish","4":"has-post-thumbnail","6":"rodzaj-ksiazki","7":"rodzaj-serie-wydawnicze","8":"seria-studia-polnocnoeuropejskie","9":"product_cat-jezykoznawstwo","10":"product_cat-literaturoznawstwo","11":"product_tag-katarzyna-wojankatarzyna-wojan","12":"pa_rok-wydania-2019-en","14":"first","15":"outofstock","16":"taxable","17":"shipping-taxable","18":"purchasable","19":"product-type-simple"},"acf":[],"_links":{"self":[{"href":"https:\/\/wydawnictwo.ug.edu.pl\/en\/wp-json\/wp\/v2\/product\/46595","targetHints":{"allow":["GET"]}}],"collection":[{"href":"https:\/\/wydawnictwo.ug.edu.pl\/en\/wp-json\/wp\/v2\/product"}],"about":[{"href":"https:\/\/wydawnictwo.ug.edu.pl\/en\/wp-json\/wp\/v2\/types\/product"}],"wp:featuredmedia":[{"embeddable":true,"href":"https:\/\/wydawnictwo.ug.edu.pl\/en\/wp-json\/wp\/v2\/media\/17345"}],"wp:attachment":[{"href":"https:\/\/wydawnictwo.ug.edu.pl\/en\/wp-json\/wp\/v2\/media?parent=46595"}],"wp:term":[{"taxonomy":"journal","embeddable":true,"href":"https:\/\/wydawnictwo.ug.edu.pl\/en\/wp-json\/wp\/v2\/journal?post=46595"},{"taxonomy":"rodzaj","embeddable":true,"href":"https:\/\/wydawnictwo.ug.edu.pl\/en\/wp-json\/wp\/v2\/rodzaj?post=46595"},{"taxonomy":"seria","embeddable":true,"href":"https:\/\/wydawnictwo.ug.edu.pl\/en\/wp-json\/wp\/v2\/seria?post=46595"},{"taxonomy":"product_brand","embeddable":true,"href":"https:\/\/wydawnictwo.ug.edu.pl\/en\/wp-json\/wp\/v2\/product_brand?post=46595"},{"taxonomy":"product_cat","embeddable":true,"href":"https:\/\/wydawnictwo.ug.edu.pl\/en\/wp-json\/wp\/v2\/product_cat?post=46595"},{"taxonomy":"product_tag","embeddable":true,"href":"https:\/\/wydawnictwo.ug.edu.pl\/en\/wp-json\/wp\/v2\/product_tag?post=46595"}],"curies":[{"name":"wp","href":"https:\/\/api.w.org\/{rel}","templated":true}]}}