{"id":46591,"date":"2018-12-30T00:00:00","date_gmt":"2018-12-30T00:00:00","guid":{"rendered":"https:\/\/wydawnictwo.ug.edu.pl\/ksiegarnia-online\/uncategorized\/ksiegi-przyjec-do-prawa-miejskiego-w-gdansku-1536-1814-tom-i-ksiega-obywatelska-indeksowa-z-lat-1768-1794-oraz-1807-1814\/"},"modified":"2026-02-11T14:48:25","modified_gmt":"2026-02-11T14:48:25","slug":"ksiegi-przyjec-do-prawa-miejskiego-w-gdansku-1536-1814-tom-i-ksiega-obywatelska-indeksowa-z-lat-1768-1794-oraz-1807-1814","status":"publish","type":"product","link":"https:\/\/wydawnictwo.ug.edu.pl\/en\/ksiegarnia-online\/historia\/ksiegi-przyjec-do-prawa-miejskiego-w-gdansku-1536-1814-tom-i-ksiega-obywatelska-indeksowa-z-lat-1768-1794-oraz-1807-1814\/","title":{"rendered":"Ksi\u0119gi przyj\u0119\u0107 do prawa miejskiego w Gda\u0144sku 1536\u20131814. Tom I. Ksi\u0119ga obywatelska (g\u0142\u00f3wna) z lat 1536\u20131592"},"content":{"rendered":"","protected":false},"excerpt":{"rendered":"<p>Seria sk\u0142adaj\u0105ca si\u0119 z o\u015bmiu tom\u00f3w zawieraj\u0105cych edycj\u0119 ksi\u0105g przyj\u0119\u0107 do prawa miejskiego w Gda\u0144sku z lat 1536\u20131814 pomy\u015blana jest jako kontynuacja dotychczasowych prac edytorskich w tym zakresie i nawi\u0105zuje do wydanej ju\u017c drukiem przez Krzysztofa Kopi\u0144skiego i Piotra Oli\u0144skiego ksi\u0119gi przyj\u0119\u0107 do prawa miejskiego Nowego Miasta Gda\u0144ska z lat 1440\u20131455, kt\u00f3ra jest jedynym zachowanym \u017ar\u00f3d\u0142em tego typu dla Gda\u0144ska w okresie \u015bredniowiecza. Seria ma na celu wype\u0142nienie luki w tej dziedzinie, zw\u0142aszcza w odniesieniu do ksi\u0105g obywatelskich powsta\u0142ych we wczesnej epoce nowo\u017cytnej. Spo\u015br\u00f3d wydawnictw \u017ar\u00f3d\u0142owych po\u015bwi\u0119conych ksi\u0119gom przyj\u0119\u0107 do prawa miejskiego du\u017cych miast Rzeczypospolitej pe\u0142nej edycji doczeka\u0142y si\u0119 dot\u0105d jedynie ksi\u0119gi obywatelskie Lwowa, po cz\u0119\u015bci zrealizowano r\u00f3wnie\u017c edycje ksi\u0105g przyj\u0119\u0107 do prawa miejskiego w Krakowie (do 1611 r.), warszawskim Nowym Mie\u015bcie (do 1525 r.) oraz Starej Warszawie (do 1586 r.), a w pewnej mierze tak\u017ce w Toruniu w XVII stuleciu.<\/p>\n","protected":false},"featured_media":16927,"template":"","meta":{"_acf_changed":false},"journal":[],"rodzaj":[],"seria":[],"product_brand":[],"product_cat":[6958],"product_tag":[],"class_list":{"0":"post-46591","1":"product","2":"type-product","3":"status-publish","4":"has-post-thumbnail","6":"product_cat-historia","7":"pa_rok-wydania-2019-en","9":"first","10":"outofstock","11":"taxable","12":"shipping-taxable","13":"purchasable","14":"product-type-simple"},"acf":[],"_links":{"self":[{"href":"https:\/\/wydawnictwo.ug.edu.pl\/en\/wp-json\/wp\/v2\/product\/46591","targetHints":{"allow":["GET"]}}],"collection":[{"href":"https:\/\/wydawnictwo.ug.edu.pl\/en\/wp-json\/wp\/v2\/product"}],"about":[{"href":"https:\/\/wydawnictwo.ug.edu.pl\/en\/wp-json\/wp\/v2\/types\/product"}],"wp:featuredmedia":[{"embeddable":true,"href":"https:\/\/wydawnictwo.ug.edu.pl\/en\/wp-json\/wp\/v2\/media\/16927"}],"wp:attachment":[{"href":"https:\/\/wydawnictwo.ug.edu.pl\/en\/wp-json\/wp\/v2\/media?parent=46591"}],"wp:term":[{"taxonomy":"journal","embeddable":true,"href":"https:\/\/wydawnictwo.ug.edu.pl\/en\/wp-json\/wp\/v2\/journal?post=46591"},{"taxonomy":"rodzaj","embeddable":true,"href":"https:\/\/wydawnictwo.ug.edu.pl\/en\/wp-json\/wp\/v2\/rodzaj?post=46591"},{"taxonomy":"seria","embeddable":true,"href":"https:\/\/wydawnictwo.ug.edu.pl\/en\/wp-json\/wp\/v2\/seria?post=46591"},{"taxonomy":"product_brand","embeddable":true,"href":"https:\/\/wydawnictwo.ug.edu.pl\/en\/wp-json\/wp\/v2\/product_brand?post=46591"},{"taxonomy":"product_cat","embeddable":true,"href":"https:\/\/wydawnictwo.ug.edu.pl\/en\/wp-json\/wp\/v2\/product_cat?post=46591"},{"taxonomy":"product_tag","embeddable":true,"href":"https:\/\/wydawnictwo.ug.edu.pl\/en\/wp-json\/wp\/v2\/product_tag?post=46591"}],"curies":[{"name":"wp","href":"https:\/\/api.w.org\/{rel}","templated":true}]}}