{"id":46589,"date":"2018-12-31T00:00:00","date_gmt":"2018-12-31T00:00:00","guid":{"rendered":"https:\/\/wydawnictwo.ug.edu.pl\/ksiegarnia-online\/uncategorized\/partycypacja-w-trojmiescie-o-prawnej-regulacji-mechanizmow-demokracji-semibezposredniej-w-gdansku-gdyni-i-sopocie\/"},"modified":"2026-02-11T14:46:47","modified_gmt":"2026-02-11T14:46:47","slug":"partycypacja-w-trojmiescie-o-prawnej-regulacji-mechanizmow-demokracji-semibezposredniej-w-gdansku-gdyni-i-sopocie","status":"publish","type":"product","link":"https:\/\/wydawnictwo.ug.edu.pl\/en\/ksiegarnia-online\/prawo-i-administracja\/partycypacja-w-trojmiescie-o-prawnej-regulacji-mechanizmow-demokracji-semibezposredniej-w-gdansku-gdyni-i-sopocie\/","title":{"rendered":"Partycypacja w tr\u00f3jmie\u015bcie. O prawnej regulacji mechanizm\u00f3w demokracji semibezpo\u015bredniej w Gda\u0144sku, Gdyni i Sopocie"},"content":{"rendered":"","protected":false},"excerpt":{"rendered":"<p>W ksi\u0105\u017cce dokonano krytycznej analizy rozwi\u0105za\u0144 prawnych w obszarze partycypacji mieszka\u0144c\u00f3w. Analiza ta \u2013 w ocenie autor\u00f3w \u2013 mia\u0142a wykaza\u0107 silne i s\u0142abe strony przyj\u0119tych rozwi\u0105za\u0144 prawnych, a tak\u017ce pozwoli\u0107 na dokonanie oceny ich jako\u015bci we wszystkich trzech miastach tworz\u0105cych Tr\u00f3jmiasto, czyli w Gda\u0144sku, Gdyni i Sopocie. Nie spos\u00f3b tego dokona\u0107 bez \u2013 przynajmniej syntetycznego \u2013 przedstawienia praktyki stosowania poszczeg\u00f3lnych mechanizm\u00f3w partycypacyjnych. Podstawow\u0105 tez\u0105 przyj\u0119t\u0105 w pracy jest progresywny charakter rozwi\u0105za\u0144 stosowanych w Tr\u00f3jmie\u015bcie, cho\u0107 nie wolny od niedoskona\u0142o\u015bci wynikaj\u0105cych zar\u00f3wno z ogranicze\u0144 ustawowych, jak i nie zawsze pe\u0142nej woli politycznej wzmocnienia realnej w\u0142adzy mieszka\u0144c\u00f3w, co wi\u0105za\u0142oby si\u0119 z os\u0142abieniem pozycji Prezydent\u00f3w Miast i Rad Miast.<\/p>\n<p>Seria: Aktualne Problemy Demokracji Partycypacyjnej<\/p>\n","protected":false},"featured_media":17538,"template":"","meta":{"_acf_changed":false},"journal":[],"rodzaj":[7076],"seria":[7618],"product_brand":[],"product_cat":[6932],"product_tag":[7619],"class_list":{"0":"post-46589","1":"product","2":"type-product","3":"status-publish","4":"has-post-thumbnail","6":"rodzaj-serie-wydawnicze","7":"seria-aktualne-problemy-demokracji-partycypacyjnej-en","8":"product_cat-prawo-i-administracja","9":"product_tag-piotr-uzieblopiotr-uzieblo","10":"pa_rok-wydania-2019-en","12":"first","13":"outofstock","14":"taxable","15":"shipping-taxable","16":"purchasable","17":"product-type-simple"},"acf":[],"_links":{"self":[{"href":"https:\/\/wydawnictwo.ug.edu.pl\/en\/wp-json\/wp\/v2\/product\/46589","targetHints":{"allow":["GET"]}}],"collection":[{"href":"https:\/\/wydawnictwo.ug.edu.pl\/en\/wp-json\/wp\/v2\/product"}],"about":[{"href":"https:\/\/wydawnictwo.ug.edu.pl\/en\/wp-json\/wp\/v2\/types\/product"}],"wp:featuredmedia":[{"embeddable":true,"href":"https:\/\/wydawnictwo.ug.edu.pl\/en\/wp-json\/wp\/v2\/media\/17538"}],"wp:attachment":[{"href":"https:\/\/wydawnictwo.ug.edu.pl\/en\/wp-json\/wp\/v2\/media?parent=46589"}],"wp:term":[{"taxonomy":"journal","embeddable":true,"href":"https:\/\/wydawnictwo.ug.edu.pl\/en\/wp-json\/wp\/v2\/journal?post=46589"},{"taxonomy":"rodzaj","embeddable":true,"href":"https:\/\/wydawnictwo.ug.edu.pl\/en\/wp-json\/wp\/v2\/rodzaj?post=46589"},{"taxonomy":"seria","embeddable":true,"href":"https:\/\/wydawnictwo.ug.edu.pl\/en\/wp-json\/wp\/v2\/seria?post=46589"},{"taxonomy":"product_brand","embeddable":true,"href":"https:\/\/wydawnictwo.ug.edu.pl\/en\/wp-json\/wp\/v2\/product_brand?post=46589"},{"taxonomy":"product_cat","embeddable":true,"href":"https:\/\/wydawnictwo.ug.edu.pl\/en\/wp-json\/wp\/v2\/product_cat?post=46589"},{"taxonomy":"product_tag","embeddable":true,"href":"https:\/\/wydawnictwo.ug.edu.pl\/en\/wp-json\/wp\/v2\/product_tag?post=46589"}],"curies":[{"name":"wp","href":"https:\/\/api.w.org\/{rel}","templated":true}]}}