{"id":46588,"date":"2018-12-31T00:02:00","date_gmt":"2018-12-31T00:02:00","guid":{"rendered":"https:\/\/wydawnictwo.ug.edu.pl\/ksiegarnia-online\/uncategorized\/cyceron-dla-prawnikow\/"},"modified":"2026-02-11T14:46:48","modified_gmt":"2026-02-11T14:46:48","slug":"cyceron-dla-prawnikow","status":"publish","type":"product","link":"https:\/\/wydawnictwo.ug.edu.pl\/en\/ksiegarnia-online\/prawo-i-administracja\/cyceron-dla-prawnikow\/","title":{"rendered":"Cyceron dla prawnik\u00f3w"},"content":{"rendered":"","protected":false},"excerpt":{"rendered":"<p>W \u015bwiadomo\u015bci wsp\u00f3\u0142czesnych prawnik\u00f3w Marcus Tullius Cicero (Cyceron) przetrwa\u0142 g\u0142\u00f3wnie za spraw\u0105 swoich kr\u00f3tkich sentencji. Dzi\u0119ki specyficznej rytmiczno\u015bci j\u0119zyka \u0142aci\u0144skiego \u0142atwo wpadaj\u0105 nam w ucho i urzekaj\u0105 lapidarno\u015bci\u0105 i syntetyczno\u015bci\u0105, a jednocze\u015bnie niejednokrotnie przemawia przez nie zakumulowana przez wieki w prawie i nauce prawa niezwyk\u0142a m\u0105dro\u015b\u0107 filozoficznoprawna. Mo\u017cemy nie zna\u0107 szczeg\u00f3\u0142owo tre\u015bci dzie\u0142, list\u00f3w czy m\u00f3w politycznych i procesowych Cycerona, ale mimo to we wsp\u00f3\u0142czesnym j\u0119zyku prawniczym cz\u0119sto cytujemy jego wypowiedzi \u2013 ich przes\u0142anie zdaje si\u0119 bowiem w niekt\u00f3rych przypadkach ponadczasowe i uniwersalne. Warto przyjrze\u0107 si\u0119 niekt\u00f3rym z nich chocia\u017cby po to, by zrozumie\u0107 ich sens, zar\u00f3wno ten, w jakim by\u0142y pierwotnie u\u017cyte, jak i ten, w jakim my je dzisiaj stosujemy.<\/p>\n<p style=\"text-align: left;\">Ksi\u0105\u017cka ukaza\u0142a si\u0119 w serii wydawniczej Studia z Estetyki Prawa.<\/p>\n<p style=\"text-align: right;\">\n","protected":false},"featured_media":15790,"template":"","meta":{"_acf_changed":false},"journal":[],"rodzaj":[7077,7076],"seria":[7083],"product_brand":[],"product_cat":[6932],"product_tag":[7509],"class_list":{"0":"post-46588","1":"product","2":"type-product","3":"status-publish","4":"has-post-thumbnail","6":"rodzaj-czasopismo","7":"rodzaj-serie-wydawnicze","8":"seria-studia-z-estetyki-prawa","9":"product_cat-prawo-i-administracja","10":"product_tag-jerzy-zajadlojerzy-zajadlo","11":"pa_rok-wydania-2019-en","13":"first","14":"instock","15":"taxable","16":"shipping-taxable","17":"purchasable","18":"product-type-simple"},"acf":[],"_links":{"self":[{"href":"https:\/\/wydawnictwo.ug.edu.pl\/en\/wp-json\/wp\/v2\/product\/46588","targetHints":{"allow":["GET"]}}],"collection":[{"href":"https:\/\/wydawnictwo.ug.edu.pl\/en\/wp-json\/wp\/v2\/product"}],"about":[{"href":"https:\/\/wydawnictwo.ug.edu.pl\/en\/wp-json\/wp\/v2\/types\/product"}],"wp:featuredmedia":[{"embeddable":true,"href":"https:\/\/wydawnictwo.ug.edu.pl\/en\/wp-json\/wp\/v2\/media\/15790"}],"wp:attachment":[{"href":"https:\/\/wydawnictwo.ug.edu.pl\/en\/wp-json\/wp\/v2\/media?parent=46588"}],"wp:term":[{"taxonomy":"journal","embeddable":true,"href":"https:\/\/wydawnictwo.ug.edu.pl\/en\/wp-json\/wp\/v2\/journal?post=46588"},{"taxonomy":"rodzaj","embeddable":true,"href":"https:\/\/wydawnictwo.ug.edu.pl\/en\/wp-json\/wp\/v2\/rodzaj?post=46588"},{"taxonomy":"seria","embeddable":true,"href":"https:\/\/wydawnictwo.ug.edu.pl\/en\/wp-json\/wp\/v2\/seria?post=46588"},{"taxonomy":"product_brand","embeddable":true,"href":"https:\/\/wydawnictwo.ug.edu.pl\/en\/wp-json\/wp\/v2\/product_brand?post=46588"},{"taxonomy":"product_cat","embeddable":true,"href":"https:\/\/wydawnictwo.ug.edu.pl\/en\/wp-json\/wp\/v2\/product_cat?post=46588"},{"taxonomy":"product_tag","embeddable":true,"href":"https:\/\/wydawnictwo.ug.edu.pl\/en\/wp-json\/wp\/v2\/product_tag?post=46588"}],"curies":[{"name":"wp","href":"https:\/\/api.w.org\/{rel}","templated":true}]}}