{"id":46586,"date":"2019-11-21T00:00:00","date_gmt":"2019-11-21T00:00:00","guid":{"rendered":"https:\/\/wydawnictwo.ug.edu.pl\/ksiegarnia-online\/uncategorized\/25-500\/"},"modified":"2026-02-11T14:46:58","modified_gmt":"2026-02-11T14:46:58","slug":"25-500","status":"publish","type":"product","link":"https:\/\/wydawnictwo.ug.edu.pl\/en\/ksiegarnia-online\/historia\/25-500\/","title":{"rendered":"25 500"},"content":{"rendered":"","protected":false},"excerpt":{"rendered":"<p>Ksi\u0105\u017cka ta jest z jednej strony pr\u00f3b\u0105 odpowiedzi na najcz\u0119\u015bciej zadawane mi pytania o\u00a0moje podr\u00f3\u017cowanie, a z drugiej strony pr\u00f3b\u0105 pokazania moich motywacji i podzielenia si\u0119 przemy\u015bleniami, kt\u00f3re pchn\u0119\u0142y mnie do prowadzenia tak nieodpowiedzialnego, wed\u0142ug wielu, trybu \u017cycia.<\/p>\n<p>Je\u017celi b\u0119dziemy si\u0119 w miar\u0119 dobrze prowadzi\u0107, nie doznamy szczeg\u00f3lnie pechowych uraz\u00f3w i wypadk\u00f3w lub w inny spos\u00f3b nie zostaniemy poszkodowani przez los ze wzgl\u0119du na choroby i wady wrodzone, to w miar\u0119 sprawni mo\u017cemy funkcjonowa\u0107 do siedemdziesi\u0105tki. 70 lat pomno\u017cone przez 365 dni w roku daje nam w przybli\u017ceniu 25 500 dni. Tylko tyle.<\/p>\n<p>Tylko tyle masz czasu na \u017cycie. Tylko tyle, w do\u015b\u0107 optymistycznym wariancie. A teraz zastan\u00f3w si\u0119, ile Tobie zosta\u0142o do 25 500 i czy jeste\u015b zadowolony z tych ju\u017c prze\u017cytych.<\/p>\n","protected":false},"featured_media":15431,"template":"","meta":{"_acf_changed":false},"journal":[],"rodzaj":[7074],"seria":[],"product_brand":[],"product_cat":[6958,6979],"product_tag":[8022],"class_list":{"0":"post-46586","1":"product","2":"type-product","3":"status-publish","4":"has-post-thumbnail","6":"rodzaj-ksiazki","7":"product_cat-historia","8":"product_cat-literatura-piekna","9":"product_tag-rafal-krolrafal-krol","11":"first","12":"instock","13":"taxable","14":"shipping-taxable","15":"purchasable","16":"product-type-simple"},"acf":[],"_links":{"self":[{"href":"https:\/\/wydawnictwo.ug.edu.pl\/en\/wp-json\/wp\/v2\/product\/46586","targetHints":{"allow":["GET"]}}],"collection":[{"href":"https:\/\/wydawnictwo.ug.edu.pl\/en\/wp-json\/wp\/v2\/product"}],"about":[{"href":"https:\/\/wydawnictwo.ug.edu.pl\/en\/wp-json\/wp\/v2\/types\/product"}],"wp:featuredmedia":[{"embeddable":true,"href":"https:\/\/wydawnictwo.ug.edu.pl\/en\/wp-json\/wp\/v2\/media\/15431"}],"wp:attachment":[{"href":"https:\/\/wydawnictwo.ug.edu.pl\/en\/wp-json\/wp\/v2\/media?parent=46586"}],"wp:term":[{"taxonomy":"journal","embeddable":true,"href":"https:\/\/wydawnictwo.ug.edu.pl\/en\/wp-json\/wp\/v2\/journal?post=46586"},{"taxonomy":"rodzaj","embeddable":true,"href":"https:\/\/wydawnictwo.ug.edu.pl\/en\/wp-json\/wp\/v2\/rodzaj?post=46586"},{"taxonomy":"seria","embeddable":true,"href":"https:\/\/wydawnictwo.ug.edu.pl\/en\/wp-json\/wp\/v2\/seria?post=46586"},{"taxonomy":"product_brand","embeddable":true,"href":"https:\/\/wydawnictwo.ug.edu.pl\/en\/wp-json\/wp\/v2\/product_brand?post=46586"},{"taxonomy":"product_cat","embeddable":true,"href":"https:\/\/wydawnictwo.ug.edu.pl\/en\/wp-json\/wp\/v2\/product_cat?post=46586"},{"taxonomy":"product_tag","embeddable":true,"href":"https:\/\/wydawnictwo.ug.edu.pl\/en\/wp-json\/wp\/v2\/product_tag?post=46586"}],"curies":[{"name":"wp","href":"https:\/\/api.w.org\/{rel}","templated":true}]}}