{"id":46584,"date":"2019-11-29T00:00:00","date_gmt":"2019-11-29T00:00:00","guid":{"rendered":"https:\/\/wydawnictwo.ug.edu.pl\/ksiegarnia-online\/uncategorized\/script-zeszyt-4-zagadnienia-produkcji-filmowej\/"},"modified":"2026-02-11T14:47:01","modified_gmt":"2026-02-11T14:47:01","slug":"script-zeszyt-4-zagadnienia-produkcji-filmowej","status":"publish","type":"product","link":"https:\/\/wydawnictwo.ug.edu.pl\/en\/ksiegarnia-online\/sztuka\/script-zeszyt-4-zagadnienia-produkcji-filmowej\/","title":{"rendered":"Script. Zeszyt 4. Zagadnienia produkcji filmowej"},"content":{"rendered":"","protected":false},"excerpt":{"rendered":"<p>Zagadnieniami produkcji filmowej zajmuj\u0105 si\u0119 w spos\u00f3b praktyczny, co oczy-wiste \u2013 niech czytelnik wybaczy ten pleonazm \u2013 producenci filmowi i ludzie zwi\u0105zani z przemys\u0142em audiowizualnym. Ale od niedawna ta sfera dzia\u0142alno\u015bci jest intensywnie badana tak\u017ce przez filmoznawc\u00f3w i medioznawc\u00f3w (na gruncie anglosaskim wcze\u015bniej, w Polsce mniej wi\u0119cej od dekady). Pisz\u0105c \u201eintensywnie\u201d, chcemy podkre\u015bli\u0107, \u017ce takie badania maj\u0105 rodzimych antenat\u00f3w (najwa\u017cniejszymi pionierami tej tematyki byli Edward Zaji\u010dek, Ewa G\u0119bicka i \u2013 w kluczu bardziej historycznym \u2013 Alina Madej). Dzi\u015b najwa\u017cniejszym polskim badaczem sytuuj\u0105cym si\u0119 w kr\u0119gu problematyki produkcji filmowej jest Marcin Adamczak, a obok niego spore grono naukowc\u00f3w (po latach dominacji estetycznych, psychoanalitycznych i tym podobnych paradygmat\u00f3w). Chcieli\u015bmy r\u00f3wnie\u017c i my \u2013 jako Gdy\u0144ska Szko\u0142a Filmowa oraz Uniwersytet Gda\u0144ski \u2013 dorzuci\u0107 swoje trzy grosze do tematu. Jeste\u015bmy nawet przekonani, \u017ce zaprezentowane w niniejszym numerze teksty da si\u0119 wyceni\u0107 wi\u0119ksz\u0105 walut\u0105.<\/p>\n<p><em>Krzysztof Kornacki, Leszek Kope\u0107<\/em><\/p>\n","protected":false},"featured_media":16525,"template":"","meta":{"_acf_changed":false},"journal":[],"rodzaj":[7077,7076],"seria":[7824],"product_brand":[],"product_cat":[6939],"product_tag":[7630],"class_list":{"0":"post-46584","1":"product","2":"type-product","3":"status-publish","4":"has-post-thumbnail","6":"rodzaj-czasopismo","7":"rodzaj-serie-wydawnicze","8":"seria-script","9":"product_cat-sztuka","10":"product_tag-krzysztof-kornackikrzysztof-kornacki","11":"pa_rok-wydania-2020-en","13":"first","14":"outofstock","15":"taxable","16":"shipping-taxable","17":"purchasable","18":"product-type-simple"},"acf":[],"_links":{"self":[{"href":"https:\/\/wydawnictwo.ug.edu.pl\/en\/wp-json\/wp\/v2\/product\/46584","targetHints":{"allow":["GET"]}}],"collection":[{"href":"https:\/\/wydawnictwo.ug.edu.pl\/en\/wp-json\/wp\/v2\/product"}],"about":[{"href":"https:\/\/wydawnictwo.ug.edu.pl\/en\/wp-json\/wp\/v2\/types\/product"}],"wp:featuredmedia":[{"embeddable":true,"href":"https:\/\/wydawnictwo.ug.edu.pl\/en\/wp-json\/wp\/v2\/media\/16525"}],"wp:attachment":[{"href":"https:\/\/wydawnictwo.ug.edu.pl\/en\/wp-json\/wp\/v2\/media?parent=46584"}],"wp:term":[{"taxonomy":"journal","embeddable":true,"href":"https:\/\/wydawnictwo.ug.edu.pl\/en\/wp-json\/wp\/v2\/journal?post=46584"},{"taxonomy":"rodzaj","embeddable":true,"href":"https:\/\/wydawnictwo.ug.edu.pl\/en\/wp-json\/wp\/v2\/rodzaj?post=46584"},{"taxonomy":"seria","embeddable":true,"href":"https:\/\/wydawnictwo.ug.edu.pl\/en\/wp-json\/wp\/v2\/seria?post=46584"},{"taxonomy":"product_brand","embeddable":true,"href":"https:\/\/wydawnictwo.ug.edu.pl\/en\/wp-json\/wp\/v2\/product_brand?post=46584"},{"taxonomy":"product_cat","embeddable":true,"href":"https:\/\/wydawnictwo.ug.edu.pl\/en\/wp-json\/wp\/v2\/product_cat?post=46584"},{"taxonomy":"product_tag","embeddable":true,"href":"https:\/\/wydawnictwo.ug.edu.pl\/en\/wp-json\/wp\/v2\/product_tag?post=46584"}],"curies":[{"name":"wp","href":"https:\/\/api.w.org\/{rel}","templated":true}]}}